
{"id":161,"date":"2023-10-24T21:34:27","date_gmt":"2023-10-24T19:34:27","guid":{"rendered":"https:\/\/audioacademyeu.eu\/es\/?post_type=product&#038;p=161"},"modified":"2025-06-18T20:05:12","modified_gmt":"2025-06-18T18:05:12","slug":"pack-maximo-ingles","status":"publish","type":"product","link":"https:\/\/audioacademyeu.eu\/es\/item\/pack-maximo-ingles\/","title":{"rendered":"Pack &#8211; M\u00e1ximo ingl\u00e9s"},"content":{"rendered":"<p>El curso Ingl\u00e9s para principiantes A1, A2 est\u00e1 dirigido a principiantes y a \u201cfalsos\u201c principiantes. Si usted empez\u00f3 a aprender ingl\u00e9s hace tiempo y ahora quiere repasar lo b\u00e1sico, este es su curso.<\/p>\n<p>El curso Ingl\u00e9s nivel pre-intermedio B1 &#8211; parte 01 est\u00e1 dirigido a usuarios de nivel pre- intermedio que ya han estudiado ingl\u00e9s anteriormente y dominan las nociones b\u00e1sicas del idioma.<\/p>\n<p>Gracias por su inter\u00e9s en el curso audio Ingl\u00e9s nivel pre-intermedio B1 &#8211; parte 02. El curso est\u00e1 dirigido a usuarios de pre-nivel intermedio que ya han estudiado ingl\u00e9s anteriormente y dominan las nociones b\u00e1sicas del idioma.<\/p>\n<p>El curso Ingl\u00e9s &#8211; nivel intermedio B2 est\u00e1 dirigido a los usuarios que poseen un dominio suficiente del idioma y que ya pueden comunicarse con cierta fluidez.<\/p>\n\n\n<p><\/p>\n","protected":false},"excerpt":{"rendered":"<p>Pack &#8211; M\u00e1ximo ingl\u00e9s &#8211; Ingl\u00e9s para principiantes A1, A2, B1 01, B1 02, B2<\/p>\n","protected":false},"featured_media":156,"comment_status":"open","ping_status":"closed","template":"","meta":{"_acf_changed":true,"inline_featured_image":false,"_sitemap_exclude":false,"_sitemap_priority":"","_sitemap_frequency":""},"product_brand":[],"product_cat":[58,57],"product_tag":[],"class_list":{"0":"post-161","1":"product","2":"type-product","3":"status-publish","4":"has-post-thumbnail","6":"product_cat-ingles-paquete-practico","7":"product_cat-paquete-practico","8":"pa_longitud-61","9":"pa_nivel-de-idiomas-a1","10":"pa_nivel-de-idiomas-a1-a2","11":"pa_nivel-de-idiomas-a2","12":"pa_nivel-de-idiomas-a2-b1","13":"pa_nivel-de-idiomas-b1","14":"pa_nivel-de-idiomas-b1-b2","15":"pa_nivel-de-idiomas-b2","16":"pa_nivel-de-idiomas-b2-c1","18":"first","19":"instock","20":"downloadable","21":"virtual","22":"purchasable","23":"product-type-simple"},"acf":[],"_links":{"self":[{"href":"https:\/\/audioacademyeu.eu\/es\/wp-json\/wp\/v2\/product\/161","targetHints":{"allow":["GET"]}}],"collection":[{"href":"https:\/\/audioacademyeu.eu\/es\/wp-json\/wp\/v2\/product"}],"about":[{"href":"https:\/\/audioacademyeu.eu\/es\/wp-json\/wp\/v2\/types\/product"}],"replies":[{"embeddable":true,"href":"https:\/\/audioacademyeu.eu\/es\/wp-json\/wp\/v2\/comments?post=161"}],"wp:featuredmedia":[{"embeddable":true,"href":"https:\/\/audioacademyeu.eu\/es\/wp-json\/wp\/v2\/media\/156"}],"wp:attachment":[{"href":"https:\/\/audioacademyeu.eu\/es\/wp-json\/wp\/v2\/media?parent=161"}],"wp:term":[{"taxonomy":"product_brand","embeddable":true,"href":"https:\/\/audioacademyeu.eu\/es\/wp-json\/wp\/v2\/product_brand?post=161"},{"taxonomy":"product_cat","embeddable":true,"href":"https:\/\/audioacademyeu.eu\/es\/wp-json\/wp\/v2\/product_cat?post=161"},{"taxonomy":"product_tag","embeddable":true,"href":"https:\/\/audioacademyeu.eu\/es\/wp-json\/wp\/v2\/product_tag?post=161"}],"curies":[{"name":"wp","href":"https:\/\/api.w.org\/{rel}","templated":true}]}}