
{"id":160,"date":"2023-10-24T21:30:46","date_gmt":"2023-10-24T19:30:46","guid":{"rendered":"https:\/\/audioacademyeu.eu\/es\/?post_type=product&#038;p=160"},"modified":"2025-06-18T20:04:41","modified_gmt":"2025-06-18T18:04:41","slug":"pack-ingles-para-intermedios","status":"publish","type":"product","link":"https:\/\/audioacademyeu.eu\/es\/item\/pack-ingles-para-intermedios\/","title":{"rendered":"Pack &#8211; Ingl\u00e9s para intermedios"},"content":{"rendered":"<p>El curso Ingl\u00e9s nivel pre-intermedio B1 &#8211; parte 01 est\u00e1 dirigido a usuarios de nivel pre- intermedio que ya han estudiado ingl\u00e9s anteriormente y dominan las nociones b\u00e1sicas del idioma.<\/p>\n<p>Gracias por su inter\u00e9s en el curso audio Ingl\u00e9s nivel pre-intermedio B1 &#8211; parte 02. El curso est\u00e1 dirigido a usuarios de pre-nivel intermedio que ya han estudiado ingl\u00e9s anteriormente y dominan las nociones b\u00e1sicas del idioma.<\/p>\n<p>El curso Ingl\u00e9s t\u00e9cnico A1-B1 est\u00e1 dise\u00f1ado para principiantes y usuarios ligeramente avanzados y se centra en el vocabulario que puede utilizar en el \u00e1mbito t\u00e9cnico.<\/p>\n","protected":false},"excerpt":{"rendered":"<p>Pack &#8211; Ingl\u00e9s para intermedios &#8211; Ingl\u00e9s nivel pre-intermedio B1 &#8211; parte 01, parte 02, Ingl\u00e9s t\u00e9cnico A1-B1<\/p>\n","protected":false},"featured_media":159,"comment_status":"open","ping_status":"closed","template":"","meta":{"_acf_changed":true,"inline_featured_image":false,"_sitemap_exclude":false,"_sitemap_priority":"","_sitemap_frequency":""},"product_brand":[],"product_cat":[58,57],"product_tag":[],"class_list":{"0":"post-160","1":"product","2":"type-product","3":"status-publish","4":"has-post-thumbnail","6":"product_cat-ingles-paquete-practico","7":"product_cat-paquete-practico","8":"pa_longitud-60","9":"pa_nivel-de-idiomas-a1","10":"pa_nivel-de-idiomas-a1-a2","11":"pa_nivel-de-idiomas-a2","12":"pa_nivel-de-idiomas-a2-b1","13":"pa_nivel-de-idiomas-b1","14":"pa_nivel-de-idiomas-b1-b2","16":"first","17":"instock","18":"downloadable","19":"virtual","20":"purchasable","21":"product-type-simple"},"acf":[],"_links":{"self":[{"href":"https:\/\/audioacademyeu.eu\/es\/wp-json\/wp\/v2\/product\/160","targetHints":{"allow":["GET"]}}],"collection":[{"href":"https:\/\/audioacademyeu.eu\/es\/wp-json\/wp\/v2\/product"}],"about":[{"href":"https:\/\/audioacademyeu.eu\/es\/wp-json\/wp\/v2\/types\/product"}],"replies":[{"embeddable":true,"href":"https:\/\/audioacademyeu.eu\/es\/wp-json\/wp\/v2\/comments?post=160"}],"wp:featuredmedia":[{"embeddable":true,"href":"https:\/\/audioacademyeu.eu\/es\/wp-json\/wp\/v2\/media\/159"}],"wp:attachment":[{"href":"https:\/\/audioacademyeu.eu\/es\/wp-json\/wp\/v2\/media?parent=160"}],"wp:term":[{"taxonomy":"product_brand","embeddable":true,"href":"https:\/\/audioacademyeu.eu\/es\/wp-json\/wp\/v2\/product_brand?post=160"},{"taxonomy":"product_cat","embeddable":true,"href":"https:\/\/audioacademyeu.eu\/es\/wp-json\/wp\/v2\/product_cat?post=160"},{"taxonomy":"product_tag","embeddable":true,"href":"https:\/\/audioacademyeu.eu\/es\/wp-json\/wp\/v2\/product_tag?post=160"}],"curies":[{"name":"wp","href":"https:\/\/api.w.org\/{rel}","templated":true}]}}