
{"id":155,"date":"2023-10-24T21:27:33","date_gmt":"2023-10-24T19:27:33","guid":{"rendered":"https:\/\/audioacademyeu.eu\/es\/?post_type=product&#038;p=155"},"modified":"2025-06-18T20:04:19","modified_gmt":"2025-06-18T18:04:19","slug":"pack-ingles-para-principiantes","status":"publish","type":"product","link":"https:\/\/audioacademyeu.eu\/es\/item\/pack-ingles-para-principiantes\/","title":{"rendered":"Pack &#8211; Ingl\u00e9s para principiantes"},"content":{"rendered":"<p>El curso Ingl\u00e9s para principiantes A1, A2 est\u00e1 dirigido a principiantes y a \u201cfalsos\u201c principiantes. Si usted empez\u00f3 a aprender ingl\u00e9s hace tiempo y ahora quiere repasar lo b\u00e1sico, este es su curso.<\/p>\n<p>El curso Vacaciones en ingl\u00e9s A1-B1 est\u00e1 dirigido a usuarios principiantes con nociones b\u00e1sicas de ingl\u00e9s enfocado a la pr\u00e1ctica de palabras y frases necesarias en el \u00e1mbito de los viajes y las vacaciones.<\/p>\n<p>El curso Ingl\u00e9s comercial &#8211; de nivel principiante a pre-intermedio A1- B1 est\u00e1 dirigido a principiantes y usuarios ligeramente avanzados y se centra en el vocabulario que puede utilizar en el trabajo y en los contactos comerciales con clientes y colaboradores extranjeros.<\/p>\n","protected":false},"excerpt":{"rendered":"<p>Pack &#8211; Ingl\u00e9s para principiantes &#8211; Ingl\u00e9s para principiantes A1, A2, Vacaciones en ingl\u00e9s A1-B1, Ingl\u00e9s comercial &#8211; de nivel principiante a pre-intermedio A1- B1<\/p>\n","protected":false},"featured_media":158,"comment_status":"open","ping_status":"closed","template":"","meta":{"_acf_changed":true,"inline_featured_image":false,"_sitemap_exclude":false,"_sitemap_priority":"","_sitemap_frequency":""},"product_brand":[],"product_cat":[58,57],"product_tag":[],"class_list":{"0":"post-155","1":"product","2":"type-product","3":"status-publish","4":"has-post-thumbnail","6":"product_cat-ingles-paquete-practico","7":"product_cat-paquete-practico","8":"pa_longitud-59","9":"pa_nivel-de-idiomas-a1","10":"pa_nivel-de-idiomas-a1-a2","11":"pa_nivel-de-idiomas-a2","12":"pa_nivel-de-idiomas-a2-b1","13":"pa_nivel-de-idiomas-b1","14":"pa_nivel-de-idiomas-b1-b2","16":"first","17":"instock","18":"downloadable","19":"virtual","20":"purchasable","21":"product-type-simple"},"acf":[],"_links":{"self":[{"href":"https:\/\/audioacademyeu.eu\/es\/wp-json\/wp\/v2\/product\/155","targetHints":{"allow":["GET"]}}],"collection":[{"href":"https:\/\/audioacademyeu.eu\/es\/wp-json\/wp\/v2\/product"}],"about":[{"href":"https:\/\/audioacademyeu.eu\/es\/wp-json\/wp\/v2\/types\/product"}],"replies":[{"embeddable":true,"href":"https:\/\/audioacademyeu.eu\/es\/wp-json\/wp\/v2\/comments?post=155"}],"wp:featuredmedia":[{"embeddable":true,"href":"https:\/\/audioacademyeu.eu\/es\/wp-json\/wp\/v2\/media\/158"}],"wp:attachment":[{"href":"https:\/\/audioacademyeu.eu\/es\/wp-json\/wp\/v2\/media?parent=155"}],"wp:term":[{"taxonomy":"product_brand","embeddable":true,"href":"https:\/\/audioacademyeu.eu\/es\/wp-json\/wp\/v2\/product_brand?post=155"},{"taxonomy":"product_cat","embeddable":true,"href":"https:\/\/audioacademyeu.eu\/es\/wp-json\/wp\/v2\/product_cat?post=155"},{"taxonomy":"product_tag","embeddable":true,"href":"https:\/\/audioacademyeu.eu\/es\/wp-json\/wp\/v2\/product_tag?post=155"}],"curies":[{"name":"wp","href":"https:\/\/api.w.org\/{rel}","templated":true}]}}