
{"id":122,"date":"2023-10-23T19:21:10","date_gmt":"2023-10-23T17:21:10","guid":{"rendered":"https:\/\/audioacademyeu.eu\/es\/?post_type=product&#038;p=122"},"modified":"2024-11-24T13:23:04","modified_gmt":"2024-11-24T12:23:04","slug":"ucraniano-basico-a1-b1","status":"publish","type":"product","link":"https:\/\/audioacademyeu.eu\/es\/item\/ucraniano-basico-a1-b1\/","title":{"rendered":"Ucraniano b\u00e1sico\u00a0 A1-B1"},"content":{"rendered":"<p>Gracias por su inter\u00e9s en el curso de audio <strong>Ucraniano b\u00e1sico\u00a0 A1-B1<\/strong>. El curso est\u00e1 dise\u00f1ado para principiantes y usuarios ligeramente avanzados y se centra en el vocabulario b\u00e1sico que puede utilizar en el contacto diario con hablantes nativos de ucraniano.<\/p>\n<p>El curso se basa en el aprendizaje contextual, lo que significa que no s\u00f3lo aprender\u00e1 palabras, sino tambi\u00e9n frases en las que podr\u00e1 utilizar las palabras aprendidas. En este curso encontrar\u00e1 un total de 1.100 palabras y frases de pr\u00e1ctica. Para que pueda aprender leyendo, al principio del curso encontrar\u00e1 un minicurso del alfabeto ucraniano.<\/p>\n<p>Este curso consta de 11 lecciones. Las lecciones individuales se dividen seg\u00fan los siguientes temas: conceptos b\u00e1sicos, actividades, vivir, viajar, n\u00fameros, comer, comunicaci\u00f3n, minidi\u00e1logos, ir de compras, familia y caracter\u00edsticas.<\/p>\n<p>Hay un manual para este curso disponible en www.audioacademyeu.eu que puede descargar gratuitamente y que har\u00e1 que las actividades de su curso sean mucho m\u00e1s eficaces. En el manual no s\u00f3lo encontrar\u00e1 consejos \u00fatiles para que su aprendizaje sea m\u00e1s eficaz, sino tambi\u00e9n un plan de lecciones para documentar sus progresos, una lista de ejemplos de comprensi\u00f3n oral (por si no entiende algo) y fichas de doble cara para que pueda estudiar y repasar incluso cuando no pueda escuchar. Para los que quieran ponerse a prueba, hay un test de traducci\u00f3n en cada lecci\u00f3n con una clave que contiene las respuestas correctas. Las voces que escuchar\u00e1 pertenecen a Ana Makarenko, Bego\u00f1a Garc\u00eda Ferreira y Ferreira y Pedro Garc\u00eda- Guirao.<\/p>\n<ul>\n<li>Leccion 01 &#8211; Bases<\/li>\n<li>Lecci\u00f3n 02 &#8211; Actividades<\/li>\n<li>Lecci\u00f3n 03 &#8211; Viajes<\/li>\n<li>Lecci\u00f3n 04 &#8211; Comunicaci\u00f3n<\/li>\n<li>Lecci\u00f3n 05 &#8211; Trabajo<\/li>\n<li>Lecci\u00f3n 06 &#8211; Comunidad<\/li>\n<li>Lecci\u00f3n 07 &#8211; Cuerpo<\/li>\n<li>Lecci\u00f3n 08 &#8211; Caracter\u00edsticas<\/li>\n<li>Lecci\u00f3n 09 &#8211; Ocio y tiempo libre<\/li>\n<li>Lecci\u00f3n 10 &#8211; verbos irregulares_01<\/li>\n<li>Lecci\u00f3n 11 &#8211; verbos irregulares 02<\/li>\n<\/ul>\n","protected":false},"excerpt":{"rendered":"<p>El curso <strong>Ucraniano b\u00e1sico\u00a0 A1-B1 <\/strong>est\u00e1 dise\u00f1ado para principiantes y usuarios ligeramente avanzados y se centra en el vocabulario b\u00e1sico que puede utilizar en el contacto diario con hablantes nativos de ucraniano.<\/p>\n","protected":false},"featured_media":124,"comment_status":"open","ping_status":"closed","template":"","meta":{"_acf_changed":false,"inline_featured_image":false,"_sitemap_exclude":false,"_sitemap_priority":"","_sitemap_frequency":""},"product_brand":[],"product_cat":[25],"product_tag":[],"class_list":{"0":"post-122","1":"product","2":"type-product","3":"status-publish","4":"has-post-thumbnail","6":"product_cat-ucraniano","7":"pa_longitud-49","8":"pa_nivel-de-idiomas-a1","9":"pa_nivel-de-idiomas-a1-a2","10":"pa_nivel-de-idiomas-a2","11":"pa_nivel-de-idiomas-a2-b1","12":"pa_nivel-de-idiomas-b1","13":"pa_nivel-de-idiomas-b1-b2","15":"first","16":"instock","17":"downloadable","18":"virtual","19":"purchasable","20":"product-type-simple"},"acf":[],"_links":{"self":[{"href":"https:\/\/audioacademyeu.eu\/es\/wp-json\/wp\/v2\/product\/122","targetHints":{"allow":["GET"]}}],"collection":[{"href":"https:\/\/audioacademyeu.eu\/es\/wp-json\/wp\/v2\/product"}],"about":[{"href":"https:\/\/audioacademyeu.eu\/es\/wp-json\/wp\/v2\/types\/product"}],"replies":[{"embeddable":true,"href":"https:\/\/audioacademyeu.eu\/es\/wp-json\/wp\/v2\/comments?post=122"}],"wp:featuredmedia":[{"embeddable":true,"href":"https:\/\/audioacademyeu.eu\/es\/wp-json\/wp\/v2\/media\/124"}],"wp:attachment":[{"href":"https:\/\/audioacademyeu.eu\/es\/wp-json\/wp\/v2\/media?parent=122"}],"wp:term":[{"taxonomy":"product_brand","embeddable":true,"href":"https:\/\/audioacademyeu.eu\/es\/wp-json\/wp\/v2\/product_brand?post=122"},{"taxonomy":"product_cat","embeddable":true,"href":"https:\/\/audioacademyeu.eu\/es\/wp-json\/wp\/v2\/product_cat?post=122"},{"taxonomy":"product_tag","embeddable":true,"href":"https:\/\/audioacademyeu.eu\/es\/wp-json\/wp\/v2\/product_tag?post=122"}],"curies":[{"name":"wp","href":"https:\/\/api.w.org\/{rel}","templated":true}]}}