
{"id":110,"date":"2023-10-23T19:03:16","date_gmt":"2023-10-23T17:03:16","guid":{"rendered":"https:\/\/audioacademyeu.eu\/es\/?post_type=product&#038;p=110"},"modified":"2024-11-24T13:23:06","modified_gmt":"2024-11-24T12:23:06","slug":"vacaciones-en-ingles-a1-b1","status":"publish","type":"product","link":"https:\/\/audioacademyeu.eu\/es\/item\/vacaciones-en-ingles-a1-b1\/","title":{"rendered":"Vacaciones en ingl\u00e9s A1-B1"},"content":{"rendered":"<p>Gracias por su inter\u00e9s en el curso audio <strong>Vacaciones en ingl\u00e9s<\/strong> <strong>A1-B1<\/strong> &#8211; de nivel principiante a pre-intermedio. El curso est\u00e1 dirigido a usuarios principiantes con nociones b\u00e1sicas de ingl\u00e9s enfocado a la pr\u00e1ctica de palabras y frases necesarias en el \u00e1mbito de los viajes y las vacaciones.<\/p>\n<p>El curso se basa en el aprendizaje contextual, lo que significa que no s\u00f3lo aprender\u00e1 palabras, sino tambi\u00e9n frases en las que podr\u00e1 utilizar las palabras aprendidas. En este curso encontrar\u00e1 un total de 1.000 palabras y frases de pr\u00e1ctica.<\/p>\n<p>Este curso consta de 8 lecciones, donde se tratan aspectos relacionados con viajar en coche, viajar en avi\u00f3n, destinos de viaje, en un hotel, en un restaurante, ir de compras y c\u00f3mo comunicarse de modo informal.<\/p>\n<p>Al escuchar este curso, podr\u00e1 combinar lo ameno con lo \u00fatil: refrescar el vocabulario de sus vacaciones y repasar su nivel de ingl\u00e9s A1 &#8211; B1 al mismo tiempo.<\/p>\n<p>Hay un manual para este curso disponible en www.audioacademyeu.eu que puede descargar gratuitamente y que har\u00e1 que las actividades de su curso sean mucho m\u00e1s eficaces. En el manual no s\u00f3lo encontrar\u00e1 consejos \u00fatiles para que su aprendizaje sea m\u00e1s eficaz, sino tambi\u00e9n un plan de lecciones para documentar sus progresos, una lista de ejemplos de comprensi\u00f3n oral (por si no entiende algo) y fichas de doble cara para que pueda estudiar y repasar incluso cuando no pueda escuchar. Para los que quieran ponerse a prueba, hay un test de traducci\u00f3n en cada lecci\u00f3n con una clave que contiene las respuestas correctas. Las voces que escuchar\u00e1 pertenecen a Jeffrey Short, Bego\u00f1a Garc\u00eda Ferreira y Ferreira y Pedro Garc\u00eda- Guirao.<\/p>\n","protected":false},"excerpt":{"rendered":"<p>El curso <strong>Vacaciones en ingl\u00e9s<\/strong> <strong>A1-B1 <\/strong>est\u00e1 dirigido a usuarios principiantes con nociones b\u00e1sicas de ingl\u00e9s enfocado a la pr\u00e1ctica de palabras y frases necesarias en el \u00e1mbito de los viajes y las vacaciones.<\/p>\n","protected":false},"featured_media":112,"comment_status":"open","ping_status":"closed","template":"","meta":{"_acf_changed":false,"inline_featured_image":false,"_sitemap_exclude":false,"_sitemap_priority":"","_sitemap_frequency":""},"product_brand":[],"product_cat":[54,18],"product_tag":[],"class_list":{"0":"post-110","1":"product","2":"type-product","3":"status-publish","4":"has-post-thumbnail","6":"product_cat-ingles-especializado","7":"product_cat-ingles","8":"pa_longitud-46","9":"pa_nivel-de-idiomas-a1","10":"pa_nivel-de-idiomas-a1-a2","11":"pa_nivel-de-idiomas-a2","12":"pa_nivel-de-idiomas-a2-b1","13":"pa_nivel-de-idiomas-b1","14":"pa_nivel-de-idiomas-b1-b2","16":"first","17":"instock","18":"downloadable","19":"virtual","20":"purchasable","21":"product-type-simple"},"acf":[],"_links":{"self":[{"href":"https:\/\/audioacademyeu.eu\/es\/wp-json\/wp\/v2\/product\/110","targetHints":{"allow":["GET"]}}],"collection":[{"href":"https:\/\/audioacademyeu.eu\/es\/wp-json\/wp\/v2\/product"}],"about":[{"href":"https:\/\/audioacademyeu.eu\/es\/wp-json\/wp\/v2\/types\/product"}],"replies":[{"embeddable":true,"href":"https:\/\/audioacademyeu.eu\/es\/wp-json\/wp\/v2\/comments?post=110"}],"wp:featuredmedia":[{"embeddable":true,"href":"https:\/\/audioacademyeu.eu\/es\/wp-json\/wp\/v2\/media\/112"}],"wp:attachment":[{"href":"https:\/\/audioacademyeu.eu\/es\/wp-json\/wp\/v2\/media?parent=110"}],"wp:term":[{"taxonomy":"product_brand","embeddable":true,"href":"https:\/\/audioacademyeu.eu\/es\/wp-json\/wp\/v2\/product_brand?post=110"},{"taxonomy":"product_cat","embeddable":true,"href":"https:\/\/audioacademyeu.eu\/es\/wp-json\/wp\/v2\/product_cat?post=110"},{"taxonomy":"product_tag","embeddable":true,"href":"https:\/\/audioacademyeu.eu\/es\/wp-json\/wp\/v2\/product_tag?post=110"}],"curies":[{"name":"wp","href":"https:\/\/api.w.org\/{rel}","templated":true}]}}