
{"id":680,"date":"2025-06-18T23:07:39","date_gmt":"2025-06-18T21:07:39","guid":{"rendered":"https:\/\/audioacademyeu.eu\/es\/?page_id=680"},"modified":"2025-07-09T19:09:57","modified_gmt":"2025-07-09T17:09:57","slug":"go-interactive","status":"publish","type":"page","link":"https:\/\/audioacademyeu.eu\/es\/go-interactive\/","title":{"rendered":"GO Interactive"},"content":{"rendered":"\n<p class=\"has-text-align-center\">El entorno de aprendizaje Interactive ya est\u00e1 disponible para todos los que hayan adquirido uno de nuestros cursos. Si ha comprado el curso en este sitio web, haga clic en el bot\u00f3n <strong>\u00abComprado aqu\u00ed\u00bb<\/strong>. Si ha comprado el curso a trav\u00e9s de uno de nuestros socios, haga clic en el bot\u00f3n de la derecha \u00ab<strong>Comprado a un partne<\/strong>r\u00bb.<\/p>\n\n\n\n<div class=\"wp-block-columns is-layout-flex wp-container-core-columns-is-layout-28f84493 wp-block-columns-is-layout-flex\">\n<div class=\"wp-block-column is-layout-flow wp-block-column-is-layout-flow\">\n<div class=\"wp-block-buttons is-content-justification-center is-layout-flex wp-container-core-buttons-is-layout-a89b3969 wp-block-buttons-is-layout-flex\" id=\"interactive-redirect\">\n<div class=\"wp-block-button\"><a class=\"wp-block-button__link has-black-color has-vivid-green-cyan-background-color has-text-color has-background has-link-color wp-element-button\">Comprado aqu\u00ed<\/a><\/div>\n<\/div>\n\n\n\n<p class=\"has-text-align-center\">Al hacer clic en el bot\u00f3n, se le redirigir\u00e1 a la p\u00e1gina de su cuenta. Si ha iniciado sesi\u00f3n, simplemente haga clic en el logo de Interactiv y el curso estar\u00e1 disponible de inmediato sin necesidad de registrarse. Si no ha iniciado sesi\u00f3n, reg\u00edstrese.<\/p>\n\n\n\n<p class=\"has-text-align-center\">Se le redirigir\u00e1 directamente a la p\u00e1gina de Interactive, el nombre de usuario y la contrase\u00f1a son los mismos que los de su cuenta aqu\u00ed.<\/p>\n<\/div>\n\n\n\n<div class=\"wp-block-column is-layout-flow wp-block-column-is-layout-flow\">\n<div class=\"wp-block-buttons is-content-justification-center is-layout-flex wp-container-core-buttons-is-layout-a89b3969 wp-block-buttons-is-layout-flex\">\n<div class=\"wp-block-button\"><a class=\"wp-block-button__link has-luminous-vivid-orange-background-color has-background wp-element-button\" href=\"https:\/\/audioacademyeu.eu\/es\/registro-con-un-socio\/\"><strong>Comprado a un partne<\/strong>r<\/a><\/div>\n<\/div>\n\n\n\n<p class=\"has-text-align-center\">Al hacer clic en el bot\u00f3n, acceder\u00e1 a la p\u00e1gina de registro. Necesitar\u00e1 crear una cuenta en este sitio.<br>Para el registro, solo necesitamos su nombre y apellidos, su direcci\u00f3n de correo electr\u00f3nico y el nombre del curso que adquiri\u00f3.<\/p>\n<\/div>\n<\/div>\n\n\n\n<p><a role=\"button\"><br><\/a><\/p>\n\n\n\n<p class=\"has-text-align-center\"><\/p>\n\n\n\n<figure class=\"wp-block-embed is-type-video is-provider-youtube wp-block-embed-youtube wp-embed-aspect-16-9 wp-has-aspect-ratio\"><div class=\"wp-block-embed__wrapper\">\n<div class=\"video-container\"><iframe title=\"Audioacademy Interactive\" width=\"1170\" height=\"658\" src=\"https:\/\/www.youtube.com\/embed\/jsZNOL-kdEg?feature=oembed&#038;enablejsapi=1&#038;origin=https:\/\/audioacademyeu.eu\" frameborder=\"0\" allow=\"accelerometer; autoplay; clipboard-write; encrypted-media; gyroscope; picture-in-picture; web-share\" referrerpolicy=\"strict-origin-when-cross-origin\" allowfullscreen><\/iframe><\/div>\n<\/div><\/figure>\n\n\n\n<p><\/p>\n","protected":false},"excerpt":{"rendered":"<p>El entorno de aprendizaje Interactive ya est\u00e1 disponible para todos los que hayan adquirido uno de nuestros cursos. Si ha comprado el curso en este sitio web, haga clic en el bot\u00f3n \u00abComprado aqu\u00ed\u00bb. Si ha comprado el curso a trav\u00e9s de uno de nuestros socios, haga clic en el bot\u00f3n de la derecha \u00abComprado [&hellip;]<\/p>\n","protected":false},"author":1976,"featured_media":0,"parent":0,"menu_order":0,"comment_status":"closed","ping_status":"closed","template":"","meta":{"_acf_changed":false,"inline_featured_image":false,"_sitemap_exclude":false,"_sitemap_priority":"","_sitemap_frequency":"","footnotes":""},"class_list":["post-680","page","type-page","status-publish","hentry"],"acf":[],"_links":{"self":[{"href":"https:\/\/audioacademyeu.eu\/es\/wp-json\/wp\/v2\/pages\/680","targetHints":{"allow":["GET"]}}],"collection":[{"href":"https:\/\/audioacademyeu.eu\/es\/wp-json\/wp\/v2\/pages"}],"about":[{"href":"https:\/\/audioacademyeu.eu\/es\/wp-json\/wp\/v2\/types\/page"}],"author":[{"embeddable":true,"href":"https:\/\/audioacademyeu.eu\/es\/wp-json\/wp\/v2\/users\/1976"}],"replies":[{"embeddable":true,"href":"https:\/\/audioacademyeu.eu\/es\/wp-json\/wp\/v2\/comments?post=680"}],"version-history":[{"count":4,"href":"https:\/\/audioacademyeu.eu\/es\/wp-json\/wp\/v2\/pages\/680\/revisions"}],"predecessor-version":[{"id":693,"href":"https:\/\/audioacademyeu.eu\/es\/wp-json\/wp\/v2\/pages\/680\/revisions\/693"}],"wp:attachment":[{"href":"https:\/\/audioacademyeu.eu\/es\/wp-json\/wp\/v2\/media?parent=680"}],"curies":[{"name":"wp","href":"https:\/\/api.w.org\/{rel}","templated":true}]}}