
{"id":54,"date":"2023-10-20T21:12:50","date_gmt":"2023-10-20T19:12:50","guid":{"rendered":"https:\/\/audioacademyeu.eu\/es\/?page_id=54"},"modified":"2026-02-10T16:19:35","modified_gmt":"2026-02-10T15:19:35","slug":"how-to-study","status":"publish","type":"page","link":"https:\/\/audioacademyeu.eu\/es\/how-to-study\/","title":{"rendered":"C\u00f3mo aprender"},"content":{"rendered":"\n<p>Cuando compres un curso, crea una cuenta en audioacademyeu.eu donde aparecer\u00e1n las pistas de audio en formato mp3 despu\u00e9s de haber comprado el curso. Desc\u00e1rguelas en su tel\u00e9fono m\u00f3vil u otro dispositivo en el que pueda escuchar las pistas. Descargue los guiones del curso en www.audioacademyeu.eu en la secci\u00f3n de descarga de guiones.<\/p>\n\n\n\n<ul class=\"wp-block-list\">\n<li>Elige la lecci\u00f3n que quieres dominar: quiz\u00e1 esperas una visita en los pr\u00f3ximos d\u00edas y te gustar\u00eda decir algunas frases de cortes\u00eda. Empieza por saludar, no por viajar.<\/li>\n\n\n\n<li>Recorta las tarjetas de doble cara y div\u00eddelas en palabras y frases: pon las palabras en un mont\u00f3n y las frases en el otro.<\/li>\n\n\n\n<li>Escucha la pista 1 y la pista 2 varias veces y luego repasa las tarjetas de vocabulario hasta que domines las palabras. Si eres principiante, escucha las pistas 1 y 2 con el texto del gui\u00f3n y anota la pronunciaci\u00f3n en las tarjetas. Escuche las pistas una o dos veces al d\u00eda y practique las palabras de las tarjetas dos veces al d\u00eda.<\/li>\n\n\n\n<li>Escuche al menos una vez las pistas 3 y 4, en las que se escucha una palabra seguida de una frase que la contiene en su contexto. Empiece de nuevo con la versi\u00f3n del alem\u00e1n a la lengua extranjera y, cuando haya comprendido todas las palabras y frases, pase a la versi\u00f3n inversa.<\/li>\n\n\n\n<li>Escuche al menos una vez las pistas 3 y 4, en las que oir\u00e1 una palabra seguida de una frase que contiene la palabra en su contexto. Comience de nuevo con la versi\u00f3n del alem\u00e1n a la lengua extranjera y, cuando haya comprendido todas las palabras y frases, pase a la versi\u00f3n inversa.<\/li>\n\n\n\n<li>Dedique la mayor parte de su tiempo a las frases propiamente dichas. Practique tambi\u00e9n las frases de las tarjetas. \u00bfComprende la frase en lengua extranjera antes de que aparezca la traducci\u00f3n al alem\u00e1n? \u00bfPuede traducir la frase alemana antes de que aparezca la variante en lengua extranjera? Si responde \u00abs\u00ed\u00bb a estas preguntas, enhorabuena y est\u00e1 preparado para la siguiente lecci\u00f3n.<\/li>\n\n\n\n<li>Anote la finalizaci\u00f3n de cada ejercicio y lecci\u00f3n en el plan de la lecci\u00f3n. \u00bfCu\u00e1ndo has terminado la lecci\u00f3n? Si has traducido las frases de la pista 6 del alem\u00e1n a las lenguas extranjeras, no deber\u00edas tener que pensar mucho al hacerlo.<\/li>\n\n\n\n<li>Recuerda que la repetici\u00f3n es la madre de la sabidur\u00eda. Por eso, por ejemplo, una vez al mes, repite las lecciones que ya has aprendido, ya sea con las cartas o escuch\u00e1ndolas de nuevo. Sin embargo, lo mejor es que utilices las palabras y frases en la comunicaci\u00f3n directa, ya sea por escrito o, preferiblemente, oralmente. As\u00ed las recordar\u00e1s mejor.<\/li>\n<\/ul>\n","protected":false},"excerpt":{"rendered":"<p>Cuando compres un curso, crea una cuenta en audioacademyeu.eu donde aparecer\u00e1n las pistas de audio en formato mp3 despu\u00e9s de haber comprado el curso. Desc\u00e1rguelas en su tel\u00e9fono m\u00f3vil u otro dispositivo en el que pueda escuchar las pistas. Descargue los guiones del curso en www.audioacademyeu.eu en la secci\u00f3n de descarga de guiones.<\/p>\n","protected":false},"author":1,"featured_media":55,"parent":0,"menu_order":0,"comment_status":"closed","ping_status":"closed","template":"","meta":{"_acf_changed":false,"inline_featured_image":false,"_sitemap_exclude":false,"_sitemap_priority":"","_sitemap_frequency":"","footnotes":""},"class_list":["post-54","page","type-page","status-publish","has-post-thumbnail","hentry"],"acf":[],"_links":{"self":[{"href":"https:\/\/audioacademyeu.eu\/es\/wp-json\/wp\/v2\/pages\/54","targetHints":{"allow":["GET"]}}],"collection":[{"href":"https:\/\/audioacademyeu.eu\/es\/wp-json\/wp\/v2\/pages"}],"about":[{"href":"https:\/\/audioacademyeu.eu\/es\/wp-json\/wp\/v2\/types\/page"}],"author":[{"embeddable":true,"href":"https:\/\/audioacademyeu.eu\/es\/wp-json\/wp\/v2\/users\/1"}],"replies":[{"embeddable":true,"href":"https:\/\/audioacademyeu.eu\/es\/wp-json\/wp\/v2\/comments?post=54"}],"version-history":[{"count":1,"href":"https:\/\/audioacademyeu.eu\/es\/wp-json\/wp\/v2\/pages\/54\/revisions"}],"predecessor-version":[{"id":56,"href":"https:\/\/audioacademyeu.eu\/es\/wp-json\/wp\/v2\/pages\/54\/revisions\/56"}],"wp:featuredmedia":[{"embeddable":true,"href":"https:\/\/audioacademyeu.eu\/es\/wp-json\/wp\/v2\/media\/55"}],"wp:attachment":[{"href":"https:\/\/audioacademyeu.eu\/es\/wp-json\/wp\/v2\/media?parent=54"}],"curies":[{"name":"wp","href":"https:\/\/api.w.org\/{rel}","templated":true}]}}