
{"id":47,"date":"2023-10-20T21:03:37","date_gmt":"2023-10-20T19:03:37","guid":{"rendered":"https:\/\/audioacademyeu.eu\/es\/?page_id=47"},"modified":"2026-02-10T16:24:22","modified_gmt":"2026-02-10T15:24:22","slug":"about-courses","status":"publish","type":"page","link":"https:\/\/audioacademyeu.eu\/es\/about-courses\/","title":{"rendered":"Acerca de los cursos"},"content":{"rendered":"\n<p>Cada curso se basa en el aprendizaje contextual, lo que significa que no s\u00f3lo se aprenden palabras, sino tambi\u00e9n frases en las que se pueden utilizar las palabras aprendidas.<\/p>\n\n\n\n<p>Las lecciones individuales se dividen seg\u00fan los distintos temas y niveles. Seg\u00fan el idioma, hay cursos para principiantes (A1, A2) y para usuarios avanzados (C1, C2).<\/p>\n\n\n\n<p>\u00bfCu\u00e1l es la mejor manera de trabajar con el curso? Seleccione la lecci\u00f3n por la que desea empezar. Cada lecci\u00f3n contiene seis pistas. En primer lugar, familiar\u00edcese con las propias palabras del vocabulario de cada lecci\u00f3n (pistas 1 y 2). A continuaci\u00f3n, una palabra del vocabulario, seguida de una frase de ejemplo, tambi\u00e9n en las dos versiones de traducci\u00f3n (pistas 3 y 4). A continuaci\u00f3n, pasamos a las frases completas (pistas 5 y 6). Ha ganado si domina la traducci\u00f3n de frases del alem\u00e1n a la lengua extranjera (pista 6) antes de que aparezca la traducci\u00f3n. Las palabras por s\u00ed solas te ayudar\u00e1n a entender el significado, pero si utilizas las frases completas que dominas te comunicar\u00e1s mucho mejor.<\/p>\n\n\n\n<p>Para cada bloque, una vez que haya dominado la escucha de la lengua extranjera al alem\u00e1n (Pista 1, 3, 5 &#8211; \u00abEscuchar\u00bb ), pase a la traducci\u00f3n del alem\u00e1n a la lengua extranjera (Pista 2, 4, 6 &#8211; Traducir ). No es necesario que trabaje con todas las pistas de una lecci\u00f3n, sino que puede concentrarse m\u00e1s en las secciones de comprensi\u00f3n oral que<br>puede concentrarse m\u00e1s en las secciones de comprensi\u00f3n oral que m\u00e1s le convengan. Sin embargo, recomiendo escuchar todas las pistas de una lecci\u00f3n al menos una vez.<\/p>\n\n\n\n<p>Hay guiones para cada curso que puedes descargar gratuitamente y que har\u00e1n que tu trabajo con el curso sea mucho m\u00e1s eficaz. En los guiones no s\u00f3lo encontrar\u00e1s consejos \u00fatiles para que tu aprendizaje sea m\u00e1s eficaz, sino tambi\u00e9n un plan de lecci\u00f3n para documentar tu progreso, una lista de ejemplos de escucha (por si no entiendes algo) y fichas de doble cara para que puedas estudiar y repasar incluso cuando no puedas escuchar. Para los que quieran ponerse a prueba, en cada lecci\u00f3n hay un test de traducci\u00f3n con una clave que contiene las respuestas correctas.<\/p>\n\n\n\n<p><\/p>\n","protected":false},"excerpt":{"rendered":"<p>Cada curso se basa en el aprendizaje contextual, lo que significa que no s\u00f3lo se aprenden palabras, sino tambi\u00e9n frases en las que se pueden utilizar las palabras aprendidas. Las lecciones individuales se dividen seg\u00fan los distintos temas y niveles. Seg\u00fan el idioma, hay cursos para principiantes (A1, A2) y para usuarios avanzados (C1, C2). [&hellip;]<\/p>\n","protected":false},"author":1,"featured_media":48,"parent":0,"menu_order":0,"comment_status":"closed","ping_status":"closed","template":"","meta":{"_acf_changed":false,"inline_featured_image":false,"_sitemap_exclude":false,"_sitemap_priority":"","_sitemap_frequency":"","footnotes":""},"class_list":["post-47","page","type-page","status-publish","has-post-thumbnail","hentry"],"acf":[],"_links":{"self":[{"href":"https:\/\/audioacademyeu.eu\/es\/wp-json\/wp\/v2\/pages\/47","targetHints":{"allow":["GET"]}}],"collection":[{"href":"https:\/\/audioacademyeu.eu\/es\/wp-json\/wp\/v2\/pages"}],"about":[{"href":"https:\/\/audioacademyeu.eu\/es\/wp-json\/wp\/v2\/types\/page"}],"author":[{"embeddable":true,"href":"https:\/\/audioacademyeu.eu\/es\/wp-json\/wp\/v2\/users\/1"}],"replies":[{"embeddable":true,"href":"https:\/\/audioacademyeu.eu\/es\/wp-json\/wp\/v2\/comments?post=47"}],"version-history":[{"count":2,"href":"https:\/\/audioacademyeu.eu\/es\/wp-json\/wp\/v2\/pages\/47\/revisions"}],"predecessor-version":[{"id":725,"href":"https:\/\/audioacademyeu.eu\/es\/wp-json\/wp\/v2\/pages\/47\/revisions\/725"}],"wp:featuredmedia":[{"embeddable":true,"href":"https:\/\/audioacademyeu.eu\/es\/wp-json\/wp\/v2\/media\/48"}],"wp:attachment":[{"href":"https:\/\/audioacademyeu.eu\/es\/wp-json\/wp\/v2\/media?parent=47"}],"curies":[{"name":"wp","href":"https:\/\/api.w.org\/{rel}","templated":true}]}}