
{"id":41,"date":"2023-10-20T20:53:27","date_gmt":"2023-10-20T18:53:27","guid":{"rendered":"https:\/\/audioacademyeu.eu\/es\/?page_id=41"},"modified":"2026-02-10T16:19:51","modified_gmt":"2026-02-10T15:19:51","slug":"contact","status":"publish","type":"page","link":"https:\/\/audioacademyeu.eu\/es\/contact\/","title":{"rendered":"Contacto"},"content":{"rendered":"\n<figure class=\"wp-block-image alignright size-full is-resized\"><img fetchpriority=\"high\" decoding=\"async\" width=\"765\" height=\"1024\" src=\"https:\/\/audioacademyeu.eu\/es\/wp-content\/uploads\/sites\/8\/2023\/10\/tomas_dvoracek-765x1024-1.webp\" alt=\"Tom\u00e1\u0161 Dvo\u0159\u00e1\u010dek\" class=\"wp-image-42\" style=\"aspect-ratio:0.7470703125;object-fit:cover;width:383px\" srcset=\"https:\/\/audioacademyeu.eu\/es\/wp-content\/uploads\/sites\/8\/2023\/10\/tomas_dvoracek-765x1024-1.webp 765w, https:\/\/audioacademyeu.eu\/es\/wp-content\/uploads\/sites\/8\/2023\/10\/tomas_dvoracek-765x1024-1-441x590.webp 441w, https:\/\/audioacademyeu.eu\/es\/wp-content\/uploads\/sites\/8\/2023\/10\/tomas_dvoracek-765x1024-1-400x535.webp 400w, https:\/\/audioacademyeu.eu\/es\/wp-content\/uploads\/sites\/8\/2023\/10\/tomas_dvoracek-765x1024-1-150x201.webp 150w, https:\/\/audioacademyeu.eu\/es\/wp-content\/uploads\/sites\/8\/2023\/10\/tomas_dvoracek-765x1024-1-224x300.webp 224w, https:\/\/audioacademyeu.eu\/es\/wp-content\/uploads\/sites\/8\/2023\/10\/tomas_dvoracek-765x1024-1-250x335.webp 250w\" sizes=\"(max-width: 765px) 100vw, 765px\" \/><\/figure>\n\n\n\n<p>Hola, me llamo Tomas, tengo 42 a\u00f1os y vivo cerca de Ostrava. Toda mi vida me he dedicado a la ense\u00f1anza de lenguas extranjeras. Hablo ingl\u00e9s, alem\u00e1n, franc\u00e9s, espa\u00f1ol e italiano. Aparte de mi primer idioma extranjero &#8211; el ingl\u00e9s &#8211; he aprendido todos los dem\u00e1s idiomas escuchando y trabajando despu\u00e9s con fichas de doble cara, es decir, seg\u00fan el sistema que encontrar\u00e1 en esta p\u00e1gina web.<\/p>\n\n\n\n<p>Me encantar\u00eda que me escribiera no s\u00f3lo si tiene alguna pregunta sobre alguno de los cursos, sino tambi\u00e9n si est\u00e1 interesado en cualquier cosa relacionada con el aprendizaje de lenguas extranjeras. Estar\u00e9 encantada no s\u00f3lo de compartir mis experiencias, sino tambi\u00e9n de recibir sus consejos y sugerencias para mejorar. Espero sus noticias.<\/p>\n\n\n\n<p>Que tengas un buen d\u00eda, Tomas<\/p>\n\n\n\n<p>Ing. Tom\u00e1\u0161 Dvo\u0159\u00e1\u010dek<\/p>\n\n\n\n<p>Mal\u00e1 strana 86,<br>74285 V\u0159esina<\/p>\n\n\n\n<p>email: eshop@audioacademyeu.eu<br>tel.: +420 603 591 994<br>I\u010cO: 61951404<\/p>\n","protected":false},"excerpt":{"rendered":"<p>Hola, me llamo Tomas, tengo 42 a\u00f1os y vivo cerca de Ostrava. Toda mi vida me he dedicado a la ense\u00f1anza de lenguas extranjeras. Hablo ingl\u00e9s, alem\u00e1n, franc\u00e9s, espa\u00f1ol e italiano. Aparte de mi primer idioma extranjero &#8211; el ingl\u00e9s &#8211; he aprendido todos los dem\u00e1s idiomas escuchando y trabajando despu\u00e9s con fichas de doble [&hellip;]<\/p>\n","protected":false},"author":1,"featured_media":51,"parent":0,"menu_order":0,"comment_status":"closed","ping_status":"closed","template":"","meta":{"_acf_changed":false,"inline_featured_image":false,"_sitemap_exclude":false,"_sitemap_priority":"","_sitemap_frequency":"","footnotes":""},"class_list":["post-41","page","type-page","status-publish","has-post-thumbnail","hentry"],"acf":[],"_links":{"self":[{"href":"https:\/\/audioacademyeu.eu\/es\/wp-json\/wp\/v2\/pages\/41","targetHints":{"allow":["GET"]}}],"collection":[{"href":"https:\/\/audioacademyeu.eu\/es\/wp-json\/wp\/v2\/pages"}],"about":[{"href":"https:\/\/audioacademyeu.eu\/es\/wp-json\/wp\/v2\/types\/page"}],"author":[{"embeddable":true,"href":"https:\/\/audioacademyeu.eu\/es\/wp-json\/wp\/v2\/users\/1"}],"replies":[{"embeddable":true,"href":"https:\/\/audioacademyeu.eu\/es\/wp-json\/wp\/v2\/comments?post=41"}],"version-history":[{"count":2,"href":"https:\/\/audioacademyeu.eu\/es\/wp-json\/wp\/v2\/pages\/41\/revisions"}],"predecessor-version":[{"id":44,"href":"https:\/\/audioacademyeu.eu\/es\/wp-json\/wp\/v2\/pages\/41\/revisions\/44"}],"wp:featuredmedia":[{"embeddable":true,"href":"https:\/\/audioacademyeu.eu\/es\/wp-json\/wp\/v2\/media\/51"}],"wp:attachment":[{"href":"https:\/\/audioacademyeu.eu\/es\/wp-json\/wp\/v2\/media?parent=41"}],"curies":[{"name":"wp","href":"https:\/\/api.w.org\/{rel}","templated":true}]}}