
{"id":165,"date":"2023-10-24T22:04:12","date_gmt":"2023-10-24T20:04:12","guid":{"rendered":"https:\/\/audioacademyeu.eu\/es\/?page_id=165"},"modified":"2026-02-10T16:21:12","modified_gmt":"2026-02-10T15:21:12","slug":"privacy-policy","status":"publish","type":"page","link":"https:\/\/audioacademyeu.eu\/es\/privacy-policy\/","title":{"rendered":"Protecci\u00f3n de datos personales"},"content":{"rendered":"\n<h2 class=\"wp-block-heading\">En resumen\u2026<\/h2>\n\n\n\n<p>Valoramos su amabilidad y privacidad. No comerciamos con los datos personales que recabamos de usted. S\u00f3lo necesitamos datos personales para cumplir el contrato: informaci\u00f3n sobre el progreso del pedido y la comunicaci\u00f3n entre nosotros.<\/p>\n\n\n\n<p>No somos amigos del spam: no espere eso de nosotros. Como mucho, podemos preguntarle sobre su satisfacci\u00f3n con nuestro servicio o tomarnos la libertad de enviarle ocasionalmente una oferta sobre nuestros nuevos productos (si esto le molesta, puede por supuesto darse de baja del correo). Y eso es todo<\/p>\n\n\n\n<h2 class=\"wp-block-heading\">Datos personales necesarios para la ejecuci\u00f3n del pedido<\/h2>\n\n\n\n<ul class=\"wp-block-list\">\n<li>Nombre y apellidos &#8211; para que sepamos c\u00f3mo dirigirnos a usted.<\/li>\n\n\n\n<li>Direcci\u00f3n postal completa &#8211; por si desea que le enviemos los cursos por cualquier medio.<\/li>\n\n\n\n<li>N\u00famero de tel\u00e9fono &#8211; en caso de discrepancias y para un contacto r\u00e1pido.<\/li>\n\n\n\n<li>Direcci\u00f3n de correo electr\u00f3nico: necesaria para acceder a la administraci\u00f3n y descargar los cursos adquiridos.<\/li>\n<\/ul>\n\n\n\n<h3 class=\"wp-block-heading\">Si usted es una empresa, se requiere la siguiente informaci\u00f3n<\/h3>\n\n\n\n<ul class=\"wp-block-list\">\n<li>Nombre de la empresa<\/li>\n\n\n\n<li>Direcci\u00f3n postal completa<\/li>\n\n\n\n<li>N\u00daMERO DE ID<\/li>\n\n\n\n<li>Tel\u00e9fono<\/li>\n\n\n\n<li>Correo electr\u00f3nico<\/li>\n<\/ul>\n\n\n\n<p>Y eso es todo. Es todo lo que necesitamos para comunicarnos con usted. Si desea conocer la totalidad de sus datos personales, acceda a la interfaz de administraci\u00f3n (recibi\u00f3 sus datos de acceso cuando se registr\u00f3 o realiz\u00f3 su primer pedido).<\/p>\n\n\n\n<p><strong>Tratamos datos personales en el marco del Reglamento (UE) 2016\/679 del Parlamento Europeo y del Consejo relativo a la protecci\u00f3n de las personas f\u00edsicas en lo que respecta al tratamiento de datos personales y a la libre circulaci\u00f3n de estos datos (GDPR)<\/strong><\/p>\n\n\n\n<h2 class=\"wp-block-heading\">Qui\u00e9n procesa sus datos personales:<\/h2>\n\n\n\n<p>El responsable del tratamiento de sus datos personales es la empresa ID n\u00ba 61951404 con domicilio social en Dru\u017eebn\u00ed&nbsp; 255\/72, 725 26 Kr\u00e1sn\u00e9 Pole.<\/p>\n\n\n\n<h2 class=\"wp-block-heading\">Datos de contacto del administrador:<\/h2>\n\n\n\n<ul class=\"wp-block-list\">\n<li>Adresse. Tom\u00e1\u0161 Dvo\u0159\u00e1\u010dek, Dru\u017eebn\u00ed&nbsp; 255\/72, 725 26 Kr\u00e1sn\u00e9 Pole<\/li>\n\n\n\n<li>E-Mail: eshop@audioacademyeu.eu<\/li>\n\n\n\n<li>Tel\u00e9fono: +420 603 591&nbsp;994<\/li>\n<\/ul>\n\n\n\n<h2 class=\"wp-block-heading\">Fundamento jur\u00eddico del tratamiento de datos personales:<\/h2>\n\n\n\n<p>Wir verarbeiten Ihre Daten zum Zweck der Vertragserf\u00fcllung, d.h. zur Bereitstellung und Lieferung der von Ihnen bestellten Waren, zur Beratung und Betreuung. Die von uns angeforderten personenbezogenen Daten sind f\u00fcr die Erf\u00fcllung des Vertrags zwischen Ihnen und dem f\u00fcr die Verarbeitung Verantwortlichen erforderlich.<\/p>\n\n\n\n<p>Wir werden Ihre personenbezogenen Daten auch verwenden, um Ihre Zufriedenheit mit unseren Dienstleistungen zu bewerten, und zwar auf der Grundlage des Rechtsanspruchs des berechtigten Interesses des f\u00fcr die Verarbeitung Verantwortlichen.<\/p>\n\n\n\n<p>Es gibt keine automatisierte individuelle Entscheidungsfindung unsererseits, einschlie\u00dflich Profiling gem\u00e4\u00df Artikel 22 der Verordnung.<\/p>\n\n\n\n<h2 class=\"wp-block-heading\">Duraci\u00f3n del almacenamiento\/tratamiento de datos personales:<\/h2>\n\n\n\n<p>Ihre personenbezogenen Daten werden f\u00fcr die Dauer der Wirkungen der Rechte und Pflichten aus dem Vertrag und f\u00fcr den Zeitraum, der f\u00fcr die Archivierung gem\u00e4\u00df den einschl\u00e4gigen allgemein verbindlichen Rechtsvorschriften erforderlich ist, verarbeitet, jedoch nicht l\u00e4nger als der in den allgemein verbindlichen Rechtsvorschriften festgelegte Zeitraum.<\/p>\n\n\n\n<h2 class=\"wp-block-heading\">Alcance del tratamiento de datos personales:<\/h2>\n\n\n\n<p>S\u00f3lo procesamos los datos que son absolutamente necesarios para la ejecuci\u00f3n del contrato &#8211; nombre,<br>nombre, direcci\u00f3n, correo electr\u00f3nico y n\u00famero de tel\u00e9fono.<\/p>\n\n\n\n<p>En caso necesario, le pediremos un n\u00famero de cuenta al que le transferiremos su dinero.<br>transferir su dinero.<\/p>\n\n\n\n<h2 class=\"wp-block-heading\">Otros destinatarios de datos personales:<\/h2>\n\n\n\n<p>Sus datos personales tambi\u00e9n pueden ser tratados por terceros. Es decir empresas que nos prestan servicios de transporte, financieros o de software. Todo ello se realiza sobre la base de un contrato entre usted y nosotros.<\/p>\n\n\n\n<p><strong>Se trata de las siguientes empresas:<\/strong><\/p>\n\n\n\n<ul class=\"wp-block-list\">\n<li>GoPay s.r.o. (servicios financieros) I\u010c 26046768<\/li>\n\n\n\n<li>Smartsupp.com s.r.o. (comunicaci\u00f3n en l\u00ednea &#8211; chat) &#8211; N.\u00ba de identificaci\u00f3n 03668681<\/li>\n\n\n\n<li>Heur\u00e9ka Shopping s.r.o. (servicio verificado de atenci\u00f3n al cliente) &#8211; N.\u00ba de identificaci\u00f3n 02387727<\/li>\n\n\n\n<li>Seznam.cz, a. s. (valoraci\u00f3n de tiendas por los usuarios) &#8211; ID 26168685<\/li>\n<\/ul>\n\n\n\n<p>\u00abDeterminamos su satisfacci\u00f3n con la compra mediante cuestionarios por correo electr\u00f3nico en el marco del programa programa Verified by Customers (Heur\u00e9ka.cz) y Reviews (Zbo\u017e\u00ed.cz), en los que participa nuestra tienda electr\u00f3nica.<br>est\u00e1 implicada. Se le enviar\u00e1n cada vez que compre con nosotros, a menos que se niegue a recibirlos. de conformidad con el apartado 3 del art\u00edculo 7 de la Ley n\u00ba 480\/2004 sobre determinados servicios de la sociedad de la informaci\u00f3n. Servicios de la sociedad de la informaci\u00f3n. El tratamiento de datos personales con fines de env\u00edo de cuestionarios en el marco del programa Verified by Customers se lleva a cabo sobre la base de nuestro<br>inter\u00e9s leg\u00edtimo en determinar su grado de satisfacci\u00f3n con la compra que ha realizado con nosotros. Para el env\u00edo de cuestionarios, la evaluaci\u00f3n de sus comentarios y el an\u00e1lisis de nuestra posici\u00f3n en el mercado, utilizamos un contratista. posici\u00f3n en el mercado, utilizamos un procesador que opera los portales Heureka.cz y Zbo\u017e\u00ed.cz. Zbo\u017e\u00ed.cz; para estos fines podemos transmitirles informaci\u00f3n sobre los productos que ha comprado y su direcci\u00f3n de correo electr\u00f3nico. su direcci\u00f3n de correo electr\u00f3nico. Sus datos personales no se transmitir\u00e1n a terceros para sus cuestionarios a terceros para sus propios fines. Puede renunciar en cualquier momento a recibir cuestionarios por correo electr\u00f3nico como parte del programa de Verificaci\u00f3n y Calificaci\u00f3n de los Clientes, completando el \u00faltimo paso del proceso en cualquier momento rechazando el env\u00edo del cuestionario en el \u00faltimo paso del proceso de pedido y utilizando el enlace que figura en el correo electr\u00f3nico con el cuestionario. Si se opone, dejaremos de enviarle el cuestionario.<\/p>\n\n\n\n<p>Sus datos personales no se transferir\u00e1n a un tercer pa\u00eds (a un pa\u00eds no perteneciente a la UE) ni a otra organizaci\u00f3n internacional<\/p>\n\n\n\n<p>Utilizamos cookies para mejorar la calidad de nuestros servicios, personalizar nuestra oferta, recopilar datos an\u00f3nimos y con fines anal\u00edticos. El tratamiento de cookies puede considerarse tratamiento de datos personales. Este tratamiento es posible sobre la base de un motivo leg\u00edtimo -el inter\u00e9s leg\u00edtimo del responsable del tratamiento- y est\u00e1 amparado por el art\u00edculo 6, apartado 1, letra f), del Reglamento (UE) 2016\/679 del Parlamento Europeo y del Consejo relativo a la protecci\u00f3n de las personas f\u00edsicas en lo que respecta al tratamiento de datos personales, a la libre circulaci\u00f3n de estos datos y por el que se deroga la Directiva<br>95\/46\/CE (el Reglamento general de protecci\u00f3n de datos) (anteriormente tambi\u00e9n denominado el \u00abReglamento\u00bb). Mediante uso de nuestra tienda electr\u00f3nica, usted consiente el uso de la mencionada tecnolog\u00eda.<br>de acuerdo.<\/p>\n\n\n\n<h2 class=\"wp-block-heading\">Derechos de los interesados, es decir, sus derechos:<\/h2>\n\n\n\n<p>Por ley, usted tiene derecho a acceder a sus datos personales, derecho de o restricci\u00f3n del tratamiento, el derecho a oponerse al tratamiento de sus datos personales y el derecho de contra el tratamiento de sus datos personales y el derecho a la portabilidad de los datos.<\/p>\n\n\n\n<h2 class=\"wp-block-heading\">Derecho de acceso a los datos personales<\/h2>\n\n\n\n<p>Tiene derecho a obtener del responsable del tratamiento informaci\u00f3n sobre la finalidad del tratamiento de los datos personales, la categor\u00eda, el alcance y cualquier informaci\u00f3n disponible sobre el origen y la duraci\u00f3n prevista del tratamiento.<\/p>\n\n\n\n<h2 class=\"wp-block-heading\">Derecho de rectificaci\u00f3n y supresi\u00f3n<\/h2>\n\n\n\n<p>El responsable del tratamiento est\u00e1 obligado a rectificar los datos personales inexactos sin dilaci\u00f3n indebida; usted tiene derecho a que se completen los datos personales incompletos. Tiene derecho a solicitar la supresi\u00f3n de los datos personales si se da una de las circunstancias siguientes:<\/p>\n\n\n\n<ul class=\"wp-block-list\">\n<li>los datos personales ya no son necesarios para los fines para los que fueron recogidos o tratados de otro modo<\/li>\n\n\n\n<li>el interesado retira el consentimiento en virtud del cual se trataron los datos personales y ya no existe base jur\u00eddica para el tratamiento;<\/li>\n\n\n\n<li>el interesado se oponga al tratamiento de los datos personales con fines de mercadotecnia directa<\/li>\n\n\n\n<li>los datos personales han sido tratados de forma il\u00edcita;<\/li>\n\n\n\n<li>los datos personales deben suprimirse para cumplir una obligaci\u00f3n legal en virtud de la legislaci\u00f3n de la Uni\u00f3n Europea o de la Rep\u00fablica Checa<\/li>\n\n\n\n<li>los datos personales se han recogido en relaci\u00f3n con la prestaci\u00f3n de servicios de la sociedad de la informaci\u00f3n sobre la base del consentimiento dado por el menor.<\/li>\n<\/ul>\n\n\n\n<h2 class=\"wp-block-heading\">Derecho a restringir el tratamiento<\/h2>\n\n\n\n<p>Tiene derecho a solicitar al responsable del tratamiento que restrinja el tratamiento en los siguientes casos:<\/p>\n\n\n\n<ul class=\"wp-block-list\">\n<li>el interesado impugna la exactitud de los datos personales durante el plazo necesario para que el responsable del tratamiento verifique la exactitud de los datos personales;<\/li>\n\n\n\n<li>el tratamiento sea il\u00edcito y el interesado se oponga a la supresi\u00f3n de los datos personales y solicite en su lugar la limitaci\u00f3n de su uso;<\/li>\n\n\n\n<li>el responsable del tratamiento ya no necesita los datos personales para los fines del tratamiento, pero el interesado los necesita para el reconocimiento, el ejercicio o la defensa de un derecho en un procedimiento judicial.<\/li>\n<\/ul>\n\n\n\n<h2 class=\"wp-block-heading\">Derecho de oposici\u00f3n<\/h2>\n\n\n\n<p>Este derecho se aplica a sus datos personales tratados con fines de marketing directo. En este caso, tiene derecho a oponerse al uso de sus datos personales.<\/p>\n\n\n\n<h2 class=\"wp-block-heading\">Derecho a la transferibilidad<\/h2>\n\n\n\n<p>Tiene derecho a recuperar los datos personales que haya facilitado al responsable del tratamiento y a transferirlos a otro responsable si:<\/p>\n\n\n\n<ul class=\"wp-block-list\">\n<li>el tratamiento se basa en el consentimiento para el tratamiento de datos personales o en el tratamiento de datos personales con el fin de celebrar y ejecutar un contrato con el interesado; y<\/li>\n\n\n\n<li>el tratamiento se efect\u00faa con ayuda de procedimientos automatizados<\/li>\n<\/ul>\n\n\n\n<p>Si cree que el tratamiento de sus datos personales infringe o infringir\u00e1 la ley, tiene la posibilidad de presentar una reclamaci\u00f3n ante la autoridad de control, la Oficina de Protecci\u00f3n de Datos Personales.<\/p>\n\n\n\n<p>Usted no est\u00e1 obligado a facilitarnos sus datos personales.<\/p>\n\n\n\n<p>Sin embargo, el suministro de estos datos es una condici\u00f3n necesaria para la celebraci\u00f3n y ejecuci\u00f3n del contrato y sin el suministro de estos datos el contrato no puede ser celebrado y ejecutado por nosotros.<\/p>\n\n\n\n<p>Estas condiciones entran en vigor el 25.5.2018.<\/p>\n\n\n\n<p><\/p>\n","protected":false},"excerpt":{"rendered":"<p>En resumen\u2026 Valoramos su amabilidad y privacidad. No comerciamos con los datos personales que recabamos de usted. S\u00f3lo necesitamos datos personales para cumplir el contrato: informaci\u00f3n sobre el progreso del pedido y la comunicaci\u00f3n entre nosotros. No somos amigos del spam: no espere eso de nosotros. Como mucho, podemos preguntarle sobre su satisfacci\u00f3n con nuestro [&hellip;]<\/p>\n","protected":false},"author":1,"featured_media":52,"parent":0,"menu_order":0,"comment_status":"closed","ping_status":"closed","template":"","meta":{"_acf_changed":false,"inline_featured_image":false,"_sitemap_exclude":false,"_sitemap_priority":"","_sitemap_frequency":"","footnotes":""},"class_list":["post-165","page","type-page","status-publish","has-post-thumbnail","hentry"],"acf":[],"_links":{"self":[{"href":"https:\/\/audioacademyeu.eu\/es\/wp-json\/wp\/v2\/pages\/165","targetHints":{"allow":["GET"]}}],"collection":[{"href":"https:\/\/audioacademyeu.eu\/es\/wp-json\/wp\/v2\/pages"}],"about":[{"href":"https:\/\/audioacademyeu.eu\/es\/wp-json\/wp\/v2\/types\/page"}],"author":[{"embeddable":true,"href":"https:\/\/audioacademyeu.eu\/es\/wp-json\/wp\/v2\/users\/1"}],"replies":[{"embeddable":true,"href":"https:\/\/audioacademyeu.eu\/es\/wp-json\/wp\/v2\/comments?post=165"}],"version-history":[{"count":2,"href":"https:\/\/audioacademyeu.eu\/es\/wp-json\/wp\/v2\/pages\/165\/revisions"}],"predecessor-version":[{"id":724,"href":"https:\/\/audioacademyeu.eu\/es\/wp-json\/wp\/v2\/pages\/165\/revisions\/724"}],"wp:featuredmedia":[{"embeddable":true,"href":"https:\/\/audioacademyeu.eu\/es\/wp-json\/wp\/v2\/media\/52"}],"wp:attachment":[{"href":"https:\/\/audioacademyeu.eu\/es\/wp-json\/wp\/v2\/media?parent=165"}],"curies":[{"name":"wp","href":"https:\/\/api.w.org\/{rel}","templated":true}]}}