
{"id":163,"date":"2023-10-24T21:49:32","date_gmt":"2023-10-24T19:49:32","guid":{"rendered":"https:\/\/audioacademyeu.eu\/es\/?page_id=163"},"modified":"2026-02-10T16:21:40","modified_gmt":"2026-02-10T15:21:40","slug":"terms","status":"publish","type":"page","link":"https:\/\/audioacademyeu.eu\/es\/terms\/","title":{"rendered":"T\u00e9rminos comerciales y de licencia"},"content":{"rendered":"\n<h2 class=\"wp-block-heading\">EL PROVEEDOR<\/h2>\n\n\n\n<ul class=\"wp-block-list\">\n<li><strong>Ing. Tom\u00e1\u0161 Dvo\u0159\u00e1\u010dek<\/strong><\/li>\n\n\n\n<li>Dru\u017eebn\u00ed 255\/72, 725 26 Kr\u00e1sn\u00e9 Pole<\/li>\n\n\n\n<li>E-Mail: eshop@poslechovaanglictina.cz<\/li>\n\n\n\n<li>Telefon: +420 773 789 940<\/li>\n\n\n\n<li>ID: 61951404<\/li>\n<\/ul>\n\n\n\n<p>El empresario est\u00e1 registrado en el registro comercial.<\/p>\n\n\n\n<h2 class=\"wp-block-heading\">DISPOSICIONES GENERALES<\/h2>\n\n\n\n<ul class=\"wp-block-list\">\n<li>El objeto de este sitio web es la oferta de servicios de internet relacionados con la distribuci\u00f3n electr\u00f3nica de soportes de mp3.<\/li>\n\n\n\n<li>El suscriptor est\u00e1 informado sobre la informaci\u00f3n b\u00e1sica o complementaria a trav\u00e9s del sitio web audioacademyeu.eu, o mediante comunicaci\u00f3n individual por correo electr\u00f3nico o telef\u00f3nica. Al aceptar esta informaci\u00f3n o condiciones, el suscriptor las acepta.<\/li>\n\n\n\n<li>El proveedor tiene derecho a cambiar en cualquier momento la oferta, los par\u00e1metros y el precio de sus productos<\/li>\n\n\n\n<li>Los precios de los productos no incluyen posibles modificaciones individuales.<\/li>\n\n\n\n<li>Correo electr\u00f3nico para informaci\u00f3n de pago y comunicaci\u00f3n: shop@audioacademyeu.eu<\/li>\n<\/ul>\n\n\n\n<h2 class=\"wp-block-heading\">PROTECCI\u00d3N DE DATOS PERSONALES<\/h2>\n\n\n\n<ul class=\"wp-block-list\">\n<li>Los datos personales del suscriptor se manejan de acuerdo con las disposiciones de la Ley n.\u00ba 101\/2000 Coll., de protecci\u00f3n de datos personales.<\/li>\n\n\n\n<li>El suscriptor declara que, de acuerdo con la Ley n.\u00ba 480\/2004 Coll., sobre ciertos servicios de la sociedad de la informaci\u00f3n y la modificaci\u00f3n de algunas leyes, acepta recibir comunicaciones comerciales.<\/li>\n\n\n\n<li>Los datos personales o de inicio de sesi\u00f3n del suscriptor no se proporcionan a terceros.<\/li>\n<\/ul>\n\n\n\n<h2 class=\"wp-block-heading\">DERECHOS Y RESPONSABILIDADES DEL PROVEEDOR<\/h2>\n\n\n\n<ul class=\"wp-block-list\">\n<li>El proveedor no se hace responsable por el mal uso de las credenciales de acceso del cliente, a menos que se demuestre que dicho mal uso fue causado por \u00e9l.<\/li>\n\n\n\n<li>El proveedor no se hace responsable por defectos y da\u00f1os causados por modificaciones en los soportes de audio realizadas por el cliente despu\u00e9s de la venta.<\/li>\n\n\n\n<li>El proveedor no es responsable del correcto funcionamiento de la conexi\u00f3n del producto suministrado con software de terceros.<\/li>\n\n\n\n<li>El proveedor tiene el derecho de cancelar un pedido si la entrega del producto solicitado no es posible. En caso de que el comprador haya pagado el producto por adelantado, el proveedor reembolsar\u00e1 la totalidad del importe al cliente en un plazo m\u00e1ximo de 7 d\u00edas desde la detecci\u00f3n de dicha circunstancia..<\/li>\n\n\n\n<li>El proveedor tiene el derecho de proporcionar o vender servicios, modificaciones y m\u00f3dulos a terceros, a menos que se acuerde de otra manera de forma individual o contractual.<\/li>\n<\/ul>\n\n\n\n<h2 class=\"wp-block-heading\">DERECHOS Y RESPONSABILIDADES DEL CLIENTE<\/h2>\n\n\n\n<ul class=\"wp-block-list\">\n<li>El cliente est\u00e1 obligado a proporcionar solo datos personales ver\u00eddicos y actualizados.<\/li>\n\n\n\n<li>El cliente est\u00e1 obligado a asegurar las credenciales de acceso proporcionadas por el proveedor para evitar su mal uso.<\/li>\n\n\n\n<li>El cliente asume plena responsabilidad por todas las acciones, cambios y modificaciones realizadas con el uso de las credenciales de acceso proporcionadas por el proveedor.<\/li>\n\n\n\n<li>El cliente tiene derecho a modificar las credenciales de acceso.<\/li>\n\n\n\n<li>El cliente est\u00e1 informado sobre el precio total del pedido antes de confirmarlo.<\/li>\n<\/ul>\n\n\n\n<h2 class=\"wp-block-heading\">CIERRE DEL CONTRATO<\/h2>\n\n\n\n<ul class=\"wp-block-list\">\n<li>El contrato entre el proveedor y el cliente entra en vigor en el momento del pago del pedido a trav\u00e9s del sistema GoPay.<\/li>\n\n\n\n<li>Al realizar el pago, el cliente confirma que acepta estos t\u00e9rminos y condiciones, que son vinculantes para ambas partes del contrato y ambas partes est\u00e1n obligadas a cumplirlos.<\/li>\n\n\n\n<li>La distribuci\u00f3n del producto solicitado en audioacademyeu.eu se realiza electr\u00f3nicamente mediante el env\u00edo por correo electr\u00f3nico que el proveedor proporcion\u00f3 en el formulario de pedido.<\/li>\n<\/ul>\n\n\n\n<h2 class=\"wp-block-heading\">RECLAMACIONES<\/h2>\n\n\n\n<ul class=\"wp-block-list\">\n<li>Las reclamaciones, incluida la eliminaci\u00f3n de defectos, deben ser resueltas sin demora innecesaria, a m\u00e1s tardar 30 d\u00edas a partir del d\u00eda de la presentaci\u00f3n de la reclamaci\u00f3n, a menos que el vendedor y el consumidor acuerden un plazo m\u00e1s largo<\/li>\n\n\n\n<li>En caso de que el cliente modifique o intervenga de alguna manera en el c\u00f3digo fuente, no se puede presentar una reclamaci\u00f3n.<\/li>\n\n\n\n<li>En el caso de una reclamaci\u00f3n no v\u00e1lida (si no se detecta el defecto informado o si el defecto no est\u00e1 cubierto por la garant\u00eda), el proveedor puede solicitar el reembolso de los gastos incurridos por las pruebas y reparaciones.<\/li>\n<\/ul>\n\n\n\n<h2 class=\"wp-block-heading\">CONFORMIDAD Y DISCREPANCIA CON EL CONTRATO DE COMPRA<\/h2>\n\n\n\n<ul class=\"wp-block-list\">\n<li>El proveedor es responsable ante el cliente de que el producto o servicio vendido cumple con el contrato de compra al ser recibido por el cliente.<\/li>\n\n\n\n<li>La conformidad con el contrato de compra significa que el producto o servicio vendido tiene las caracter\u00edsticas \u00fatiles requeridas por el contrato, descritas por el proveedor o esperadas en base a la publicidad realizada, o tiene caracter\u00edsticas \u00fatiles para el software o servicio de ese tipo habitualmente utilizado, cumple con los requisitos legales y cumple con el prop\u00f3sito que el proveedor indica para el uso del producto o servicio, o para el cual se utiliza normalmente dicho producto o servicio.<\/li>\n\n\n\n<li>En caso de que el producto o servicio no cumpla con el contrato de compra al ser recibido por el cliente, el cliente tiene derecho a que el proveedor ponga el producto o servicio suministrado en conformidad con el contrato de compra de forma gratuita y sin demora innecesaria. Si dicho procedimiento no es posible, el cliente puede solicitar un descuento razonable en el precio del producto o servicio suministrado. Esto no aplica si el cliente conoc\u00eda la discrepancia con el contrato de compra antes de recibir el producto o servicio, o si fue el propio cliente quien caus\u00f3 la discrepancia con el contrato de compra.<\/li>\n<\/ul>\n\n\n\n<h2 class=\"wp-block-heading\">DESISTIMIENTO DEL CONTRATO<\/h2>\n\n\n\n<ul class=\"wp-block-list\">\n<li>Las disposiciones del p\u00e1rrafo l) del art\u00edculo 1837 del C\u00f3digo Civil, que se refieren a la posibilidad de desistimiento del contrato dentro de los 14 d\u00edas posteriores a la recepci\u00f3n de los bienes, no se aplican a los productos distribuidos electr\u00f3nicamente.<\/li>\n\n\n\n<li>No es posible devolver un producto distribuido electr\u00f3nicamente o personalizado para un cliente espec\u00edfico.<\/li>\n\n\n\n<li>El derecho de desistimiento del contrato del cliente se extingue en caso de a) uso no profesional del producto, m\u00f3dulo o modificaci\u00f3n, b) presencia de modificaciones funcionales individuales.<\/li>\n\n\n\n<li>Al desistir del contrato, el cliente se compromete a pagar al proveedor los gastos incurridos por el trabajo realizado, si dichos gastos se han generado.<\/li>\n<\/ul>\n\n\n\n<h2 class=\"wp-block-heading\">DISPOSICIONES DE LICENCIA<\/h2>\n\n\n\n<ul class=\"wp-block-list\">\n<li>La licencia para usar el producto suministrado se rige por la ley de derechos de autor.<\/li>\n<\/ul>\n\n\n\n<h2 class=\"wp-block-heading\">DISPOSICI\u00d3N FINAL<\/h2>\n\n\n\n<ul class=\"wp-block-list\">\n<li>Estas condiciones comerciales se rigen por las disposiciones de la Ley n.\u00b0 513\/1991 del C\u00f3digo Civil, enmendada, la Ley n.\u00b0 89\/2012 del C\u00f3digo Civil, enmendada, la Ley n.\u00b0 121\/2000 de derechos de autor.<\/li>\n\n\n\n<li>Las disposiciones pertinentes de la ley de derechos de autor y otros reglamentos legales que rigen el uso de programas de computadora y bases de datos y las sanciones por su uso ilegal no se ven afectadas por el contrato y estas condiciones comerciales.<\/li>\n\n\n\n<li>Estas condiciones comerciales son v\u00e1lidas y efectivas a partir del 20.10.2017.<\/li>\n<\/ul>\n","protected":false},"excerpt":{"rendered":"<p>EL PROVEEDOR El empresario est\u00e1 registrado en el registro comercial. DISPOSICIONES GENERALES PROTECCI\u00d3N DE DATOS PERSONALES DERECHOS Y RESPONSABILIDADES DEL PROVEEDOR DERECHOS Y RESPONSABILIDADES DEL CLIENTE CIERRE DEL CONTRATO RECLAMACIONES CONFORMIDAD Y DISCREPANCIA CON EL CONTRATO DE COMPRA DESISTIMIENTO DEL CONTRATO DISPOSICIONES DE LICENCIA DISPOSICI\u00d3N FINAL<\/p>\n","protected":false},"author":1,"featured_media":52,"parent":0,"menu_order":0,"comment_status":"closed","ping_status":"closed","template":"","meta":{"_acf_changed":false,"inline_featured_image":false,"_sitemap_exclude":false,"_sitemap_priority":"","_sitemap_frequency":"","footnotes":""},"class_list":["post-163","page","type-page","status-publish","has-post-thumbnail","hentry"],"acf":[],"_links":{"self":[{"href":"https:\/\/audioacademyeu.eu\/es\/wp-json\/wp\/v2\/pages\/163","targetHints":{"allow":["GET"]}}],"collection":[{"href":"https:\/\/audioacademyeu.eu\/es\/wp-json\/wp\/v2\/pages"}],"about":[{"href":"https:\/\/audioacademyeu.eu\/es\/wp-json\/wp\/v2\/types\/page"}],"author":[{"embeddable":true,"href":"https:\/\/audioacademyeu.eu\/es\/wp-json\/wp\/v2\/users\/1"}],"replies":[{"embeddable":true,"href":"https:\/\/audioacademyeu.eu\/es\/wp-json\/wp\/v2\/comments?post=163"}],"version-history":[{"count":1,"href":"https:\/\/audioacademyeu.eu\/es\/wp-json\/wp\/v2\/pages\/163\/revisions"}],"predecessor-version":[{"id":164,"href":"https:\/\/audioacademyeu.eu\/es\/wp-json\/wp\/v2\/pages\/163\/revisions\/164"}],"wp:featuredmedia":[{"embeddable":true,"href":"https:\/\/audioacademyeu.eu\/es\/wp-json\/wp\/v2\/media\/52"}],"wp:attachment":[{"href":"https:\/\/audioacademyeu.eu\/es\/wp-json\/wp\/v2\/media?parent=163"}],"curies":[{"name":"wp","href":"https:\/\/api.w.org\/{rel}","templated":true}]}}