
{"id":694,"date":"2024-06-07T20:33:36","date_gmt":"2024-06-07T18:33:36","guid":{"rendered":"https:\/\/audioacademyeu.eu\/de\/?post_type=product&#038;p=694"},"modified":"2025-06-17T19:45:58","modified_gmt":"2025-06-17T17:45:58","slug":"pack-italienisch-fuer-mittelstufenschueler","status":"publish","type":"product","link":"https:\/\/audioacademyeu.eu\/de\/item\/pack-italienisch-fuer-mittelstufenschueler\/","title":{"rendered":"Pack &#8211; Italienisch f\u00fcr Mittelstufensch\u00fcler"},"content":{"rendered":"<p>Der Kurs Italienisch \u2013 Wortschatz f\u00fcr die Mittelstufe \u00a0B1 &#8211; Teil 01 richtet sich an leicht-fortgeschrittene Lerner, die bereits ein oder zwei Jahre Italienisch gelernt haben und die Grundlagen beherrschen sollten.<\/p>\n<p>Der Kurs Italienisch \u2013 Wortschatz f\u00fcr die Mittelstufe \u00a0B1 &#8211; Teil 02 richtet sich an leicht-fortgeschrittene Lerner, die bereits ein oder zwei Jahre Italienisch gelernt haben und die Grundlagen beherrschen sollten.<\/p>\n<p>In diesem Kurs Italienische Grammatik B1 f\u00fcr leicht Fortgeschrittene und\u00a0 Mittelstufe k\u00f6nnen Sie die Grundlagen der italienischen Sprache wiederholen, aber auch komplexere Themen wie die Vergangenheitsform, den Konditional, den Konjunktiv, die Zukunftsform und die Pronomen vertiefen.<\/p>\n","protected":false},"excerpt":{"rendered":"<p>Pack &#8211; Italienisch f\u00fcr Mittelstufensch\u00fcler &#8211; Wortschatz f\u00fcr die Mittelstufe \u00a0B1 &#8211; Teil 01, 02, Italienische Grammatik B1<\/p>\n","protected":false},"featured_media":695,"comment_status":"open","ping_status":"closed","template":"","meta":{"_acf_changed":true,"inline_featured_image":false,"_sitemap_exclude":false,"_sitemap_priority":"","_sitemap_frequency":""},"product_brand":[],"product_cat":[115],"product_tag":[],"class_list":{"0":"post-694","1":"product","2":"type-product","3":"status-publish","4":"has-post-thumbnail","6":"product_cat-italienisch-vorteilhaftes-paket","7":"pa_format-mp3","8":"pa_laenge-151","9":"pa_sprachniveau-a2-b1","10":"pa_sprachniveau-b1","11":"pa_sprachniveau-b1-b2","13":"first","14":"instock","15":"downloadable","16":"virtual","17":"purchasable","18":"product-type-simple"},"acf":[],"_links":{"self":[{"href":"https:\/\/audioacademyeu.eu\/de\/wp-json\/wp\/v2\/product\/694","targetHints":{"allow":["GET"]}}],"collection":[{"href":"https:\/\/audioacademyeu.eu\/de\/wp-json\/wp\/v2\/product"}],"about":[{"href":"https:\/\/audioacademyeu.eu\/de\/wp-json\/wp\/v2\/types\/product"}],"replies":[{"embeddable":true,"href":"https:\/\/audioacademyeu.eu\/de\/wp-json\/wp\/v2\/comments?post=694"}],"wp:featuredmedia":[{"embeddable":true,"href":"https:\/\/audioacademyeu.eu\/de\/wp-json\/wp\/v2\/media\/695"}],"wp:attachment":[{"href":"https:\/\/audioacademyeu.eu\/de\/wp-json\/wp\/v2\/media?parent=694"}],"wp:term":[{"taxonomy":"product_brand","embeddable":true,"href":"https:\/\/audioacademyeu.eu\/de\/wp-json\/wp\/v2\/product_brand?post=694"},{"taxonomy":"product_cat","embeddable":true,"href":"https:\/\/audioacademyeu.eu\/de\/wp-json\/wp\/v2\/product_cat?post=694"},{"taxonomy":"product_tag","embeddable":true,"href":"https:\/\/audioacademyeu.eu\/de\/wp-json\/wp\/v2\/product_tag?post=694"}],"curies":[{"name":"wp","href":"https:\/\/api.w.org\/{rel}","templated":true}]}}