
{"id":690,"date":"2024-06-07T20:20:09","date_gmt":"2024-06-07T18:20:09","guid":{"rendered":"https:\/\/audioacademyeu.eu\/de\/?post_type=product&#038;p=690"},"modified":"2025-06-17T19:46:47","modified_gmt":"2025-06-17T17:46:47","slug":"pack-italienisch-fuer-anfaenger-2","status":"publish","type":"product","link":"https:\/\/audioacademyeu.eu\/de\/item\/pack-italienisch-fuer-anfaenger-2\/","title":{"rendered":"Pack &#8211; Italienisch f\u00fcr Anf\u00e4nger"},"content":{"rendered":"<ul>\n<li>Der Kurs Italienisch \u2013 Wortschatz f\u00fcr die Anf\u00e4nger A1,A2 richtet sich an absolute und an \u201efalsche\u201c Anf\u00e4nger. Wenn Sie also schon vor einiger Zeit mit dem Italienisch lernen angefangen haben und nun die Grundlagen auffrischen m\u00f6chten, ist dieser Kurs genau das Richtige f\u00fcr Sie<\/li>\n<li>Der Kurs Italienisch f\u00fcr den Urlaub A1-B1 richtet sich an Anf\u00e4nger und leicht Fortgeschrittene und konzentriert sich auf W\u00f6rter und Redewendungen, die Sie auf Reisen und insbesondere im Urlaub verwenden k\u00f6nnen.<\/li>\n<li>In diesem Kurs Italienische Grammatik A1-A2 f\u00fcr Anf\u00e4nger und leicht Fortgeschrittene lernen Sie die Grundlagen der italienischen Sprache, von der Aussprache, den Artikeln, den gebr\u00e4uchlichen Verben und Pr\u00e4positionen bis hin zu den grundlegenden Redewendungen.<\/li>\n<\/ul>\n","protected":false},"excerpt":{"rendered":"<p>Pack &#8211; Italienisch f\u00fcr Anf\u00e4nger &#8211; Wortschatz f\u00fcr die Anf\u00e4nger A1,A2, Italienisch f\u00fcr den Urlaub A1-B1, Italienische Grammatik A1-A2<\/p>\n","protected":false},"featured_media":691,"comment_status":"open","ping_status":"closed","template":"","meta":{"_acf_changed":true,"inline_featured_image":false,"_sitemap_exclude":false,"_sitemap_priority":"","_sitemap_frequency":""},"product_brand":[],"product_cat":[115,44],"product_tag":[],"class_list":{"0":"post-690","1":"product","2":"type-product","3":"status-publish","4":"has-post-thumbnail","6":"product_cat-italienisch-vorteilhaftes-paket","7":"product_cat-vorteilhaftes-paket","8":"pa_format-mp3","9":"pa_laenge-149","10":"pa_sprachniveau-a1","11":"pa_sprachniveau-a1-a2","12":"pa_sprachniveau-a2","13":"pa_sprachniveau-a2-b1","14":"pa_sprachniveau-b1","15":"pa_sprachniveau-b1-b2","17":"first","18":"instock","19":"downloadable","20":"virtual","21":"purchasable","22":"product-type-simple"},"acf":[],"_links":{"self":[{"href":"https:\/\/audioacademyeu.eu\/de\/wp-json\/wp\/v2\/product\/690","targetHints":{"allow":["GET"]}}],"collection":[{"href":"https:\/\/audioacademyeu.eu\/de\/wp-json\/wp\/v2\/product"}],"about":[{"href":"https:\/\/audioacademyeu.eu\/de\/wp-json\/wp\/v2\/types\/product"}],"replies":[{"embeddable":true,"href":"https:\/\/audioacademyeu.eu\/de\/wp-json\/wp\/v2\/comments?post=690"}],"wp:featuredmedia":[{"embeddable":true,"href":"https:\/\/audioacademyeu.eu\/de\/wp-json\/wp\/v2\/media\/691"}],"wp:attachment":[{"href":"https:\/\/audioacademyeu.eu\/de\/wp-json\/wp\/v2\/media?parent=690"}],"wp:term":[{"taxonomy":"product_brand","embeddable":true,"href":"https:\/\/audioacademyeu.eu\/de\/wp-json\/wp\/v2\/product_brand?post=690"},{"taxonomy":"product_cat","embeddable":true,"href":"https:\/\/audioacademyeu.eu\/de\/wp-json\/wp\/v2\/product_cat?post=690"},{"taxonomy":"product_tag","embeddable":true,"href":"https:\/\/audioacademyeu.eu\/de\/wp-json\/wp\/v2\/product_tag?post=690"}],"curies":[{"name":"wp","href":"https:\/\/api.w.org\/{rel}","templated":true}]}}