
{"id":684,"date":"2024-05-30T10:01:16","date_gmt":"2024-05-30T08:01:16","guid":{"rendered":"https:\/\/audioacademyeu.eu\/de\/?post_type=product&#038;p=684"},"modified":"2024-05-30T10:01:17","modified_gmt":"2024-05-30T08:01:17","slug":"italienische-grammatik-b1","status":"publish","type":"product","link":"https:\/\/audioacademyeu.eu\/de\/item\/italienische-grammatik-b1\/","title":{"rendered":"Italienische Grammatik B1"},"content":{"rendered":"<p>In diesem Kurs Italienische Grammatik B1 f\u00fcr leicht Fortgeschrittene und\u00a0 Mittelstufe k\u00f6nnen Sie die Grundlagen der italienischen Sprache wiederholen, aber auch komplexere Themen wie die Vergangenheitsform, den Konditional, den Konjunktiv, die Zukunftsform und die Pronomen vertiefen.<\/p>\n<p>Der Kurs umfasst auch Konversationsthemen, in denen Sie die gebr\u00e4uchlichsten Phrasen und Wendungen f\u00fcr die Kommunikation im Hotel, in der Stadt, beim Arzt und im Gesch\u00e4ft finden werden.<\/p>\n<p>Der Kurs basiert auf das kontextuelle Lernen, das hei\u00dft, Sie lernen nicht nur W\u00f6rter, sondern auch S\u00e4tze, in denen Sie die gelernten W\u00f6rter anwenden k\u00f6nnen. In diesem Kurs finden Sie insgesamt 1.600 W\u00f6rter und \u00dcbungss\u00e4tze<\/p>\n<p>Wie kann man am besten mit dem Kurs arbeiten? Der Kurs ist nach Grammatikthemen in einzelne Lektionen unterteilt. Jede Lektion enth\u00e4lt sechs Tracks. Machen Sie sich zun\u00e4chst in jeder Lektion mit den Vokabeln selbst vertraut (Track 1 und 2). Um die W\u00f6rter besser zu lernen, werden Sie sie zweimal in Italienisch h\u00f6ren.\u00a0 Im dritten Track h\u00f6ren Sie eine kurze Erkl\u00e4rung zu einem bestimmten Grammatikthema. Ich empfehle unbedingt, die Erkl\u00e4rung auch im Skript zu lesen.\u00a0 Sie gehen dann zu vollst\u00e4ndigen S\u00e4tzen \u00fcber (Track 4 und 5). In Track vier sind die S\u00e4tze zuerst in der Italienische Sprache und in Track f\u00fcnf h\u00f6ren Sie die S\u00e4tze zuerst auf Deutsch und \u00fcbersetzen sie in die Italienische.\u00a0 In Track sechs h\u00f6ren Sie den Satz nur in der Italienische sprache. Die S\u00e4tze enthalten nat\u00fcrlich die Vokabeln, die Sie in Track eins und zwei gelernt haben, und die Grammatikthemen, \u00fcber die Sie in Track drei gelernt haben.<\/p>\n<p>In den Skripten zu dem Audiokurs finden Sie nicht nur n\u00fctzliche Tipps, wie Sie Ihr Lernen effektiver gestalten k\u00f6nnen, sondern auch einen Unterrichtsplan, um Ihre Fortschritte zu dokumentieren, eine Liste mit H\u00f6rbeispielen (falls Sie etwas nicht verstehen) und doppelseitige Lernkarten, damit Sie auch dann lernen und wiederholen k\u00f6nnen, wenn Sie nicht zuh\u00f6ren k\u00f6nnen. F\u00fcr diejenigen, die sich selbst testen m\u00f6chten, gibt es in jeder Lektion einen \u00dcbersetzungstest mit einem Schl\u00fcssel, der die richtigen Antworten enth\u00e4lt.<\/p>\n<ul>\n<li>Lektion 11 &#8211; Wiederholung &#8211; Konjugation von regelm\u00e4\u00dfigen und unregelm\u00e4\u00dfigen Verben<\/li>\n<li>Lektion 12 &#8211; Wiederholung &#8211; &#8222;MI PIACE&#8220;, &#8222;<strong>c&#8217;\u00e9<\/strong>&#8222;, &#8222;HO BISOGNO&#8220;, gegenw\u00e4rtige fortlaufende Zeit<\/li>\n<li>Lektion 13 &#8211; Passato prossimo mit Hilfsverb AVERE, reflexive Verben, &#8222;<strong>ci<\/strong>&#8220; in der Bedeutung von &#8222;dort&#8220;<\/li>\n<li>Lektion 14 &#8211; Passato prossimo-Vergangenheitszeit mit Hilfsverb ESSERE, im Hotel.<\/li>\n<li>Lektion 15 &#8211; Zuk\u00fcnftige Zeit regelm\u00e4\u00dfiger und unregelm\u00e4\u00dfiger Verben, Wettervorhersage.<\/li>\n<li>Lektion 16 &#8211; Imperfekt Pronomen im dritten Fall, im Restaurant.<\/li>\n<li>Lektion 17 &#8211; Pronomen im vierten Fall, Pronomen &#8222;ne&#8220;, Eink\u00e4ufe.<\/li>\n<li>Lektion 18 &#8211; Konditionalmodus, Pronomen im dritten und vierten Fall<\/li>\n<li>Lektion 19 &#8211; Befehlsform, Adjektivabstufung, beim Arzt.<\/li>\n<li>Lektion 20 &#8211; Verbindungsmodus, Passiv, Stadtrundgang.<\/li>\n<\/ul>\n","protected":false},"excerpt":{"rendered":"<p>In diesem Kurs Italienische Grammatik B1 f\u00fcr leicht Fortgeschrittene und\u00a0 Mittelstufe k\u00f6nnen Sie die Grundlagen der italienischen Sprache wiederholen, aber auch komplexere Themen wie die Vergangenheitsform, den Konditional, den Konjunktiv, die Zukunftsform und die Pronomen vertiefen.<\/p>\n","protected":false},"featured_media":688,"comment_status":"open","ping_status":"closed","template":"","meta":{"_acf_changed":false,"inline_featured_image":false,"_sitemap_exclude":false,"_sitemap_priority":"","_sitemap_frequency":""},"product_brand":[],"product_cat":[114,112],"product_tag":[],"class_list":{"0":"post-684","1":"product","2":"type-product","3":"status-publish","4":"has-post-thumbnail","6":"product_cat-spezialisiertes-italienisch","7":"product_cat-italienisch","8":"pa_format-mp3","9":"pa_laenge-148","10":"pa_sprachniveau-a2-b1","11":"pa_sprachniveau-b1","12":"pa_sprachniveau-b1-b2","14":"first","15":"instock","16":"downloadable","17":"virtual","18":"purchasable","19":"product-type-simple"},"acf":[],"_links":{"self":[{"href":"https:\/\/audioacademyeu.eu\/de\/wp-json\/wp\/v2\/product\/684","targetHints":{"allow":["GET"]}}],"collection":[{"href":"https:\/\/audioacademyeu.eu\/de\/wp-json\/wp\/v2\/product"}],"about":[{"href":"https:\/\/audioacademyeu.eu\/de\/wp-json\/wp\/v2\/types\/product"}],"replies":[{"embeddable":true,"href":"https:\/\/audioacademyeu.eu\/de\/wp-json\/wp\/v2\/comments?post=684"}],"wp:featuredmedia":[{"embeddable":true,"href":"https:\/\/audioacademyeu.eu\/de\/wp-json\/wp\/v2\/media\/688"}],"wp:attachment":[{"href":"https:\/\/audioacademyeu.eu\/de\/wp-json\/wp\/v2\/media?parent=684"}],"wp:term":[{"taxonomy":"product_brand","embeddable":true,"href":"https:\/\/audioacademyeu.eu\/de\/wp-json\/wp\/v2\/product_brand?post=684"},{"taxonomy":"product_cat","embeddable":true,"href":"https:\/\/audioacademyeu.eu\/de\/wp-json\/wp\/v2\/product_cat?post=684"},{"taxonomy":"product_tag","embeddable":true,"href":"https:\/\/audioacademyeu.eu\/de\/wp-json\/wp\/v2\/product_tag?post=684"}],"curies":[{"name":"wp","href":"https:\/\/api.w.org\/{rel}","templated":true}]}}