
{"id":679,"date":"2024-05-30T09:56:45","date_gmt":"2024-05-30T07:56:45","guid":{"rendered":"https:\/\/audioacademyeu.eu\/de\/?post_type=product&#038;p=679"},"modified":"2026-01-20T11:23:17","modified_gmt":"2026-01-20T10:23:17","slug":"italienische-grammatik-a1-a2","status":"publish","type":"product","link":"https:\/\/audioacademyeu.eu\/de\/item\/italienische-grammatik-a1-a2\/","title":{"rendered":"Italienische Grammatik A1-A2"},"content":{"rendered":"<p>In diesem Kurs Italienische Grammatik A1-A2 f\u00fcr Anf\u00e4nger und leicht Fortgeschrittene lernen Sie die Grundlagen der italienischen Sprache, von der Aussprache, den Artikeln, den gebr\u00e4uchlichen Verben und Pr\u00e4positionen bis hin zu den grundlegenden Redewendungen.<\/p>\n<p>Der Kurs beinhaltet auch Konversationsthemen, in denen Sie die gebr\u00e4uchlichsten Redewendungen lernen, um \u00fcber sich selbst und Ihre Familie, Ihre Arbeit und Ihre Freizeit zu kommunizieren.<\/p>\n<p>Der Kurs basiert auf das kontextuelle Lernen, das hei\u00dft, Sie lernen nicht nur W\u00f6rter, sondern auch S\u00e4tze, in denen Sie die gelernten W\u00f6rter anwenden k\u00f6nnen. In diesem Kurs finden Sie insgesamt 1.200 W\u00f6rter und \u00dcbungss\u00e4tze.<\/p>\n<p>Wie kann man am besten mit dem Kurs arbeiten? Der Kurs ist nach Grammatikthemen in einzelne Lektionen unterteilt. Jede Lektion enth\u00e4lt sechs Tracks. Machen Sie sich zun\u00e4chst in jeder Lektion mit den Vokabeln selbst vertraut (Track 1 und 2). Um die W\u00f6rter besser zu lernen, werden Sie sie zweimal in Italienisch h\u00f6ren.\u00a0 Im dritten Track h\u00f6ren Sie eine kurze Erkl\u00e4rung zu einem bestimmten Grammatikthema. Ich empfehle unbedingt, die Erkl\u00e4rung auch im Skript zu lesen.\u00a0 Sie gehen dann zu vollst\u00e4ndigen S\u00e4tzen \u00fcber (Track 4 und 5). In Track vier sind die S\u00e4tze zuerst in der Italienische Sprache und in Track f\u00fcnf h\u00f6ren Sie die S\u00e4tze zuerst auf Deutsch und \u00fcbersetzen sie in die Italienische.\u00a0 In Track sechs h\u00f6ren Sie den Satz nur in der Italienische sprache. Die S\u00e4tze enthalten nat\u00fcrlich die Vokabeln, die Sie in Track eins und zwei gelernt haben, und die Grammatikthemen, \u00fcber die Sie in Track drei gelernt haben.<\/p>\n<p>In den Skripten zu dem Audiokurs finden Sie nicht nur n\u00fctzliche Tipps, wie Sie Ihr Lernen effektiver gestalten k\u00f6nnen, sondern auch einen Unterrichtsplan, um Ihre Fortschritte zu dokumentieren, eine Liste mit H\u00f6rbeispielen (falls Sie etwas nicht verstehen) und doppelseitige Lernkarten, damit Sie auch dann lernen und wiederholen k\u00f6nnen, wenn Sie nicht zuh\u00f6ren k\u00f6nnen. F\u00fcr diejenigen, die sich selbst testen m\u00f6chten, gibt es in jeder Lektion einen \u00dcbersetzungstest mit einem Schl\u00fcssel, der die richtigen Antworten enth\u00e4lt.<\/p>\n<ul>\n<li>Minikurs &#8211;\u00a0 italienische Aussprache<\/li>\n<li>Lektion 01 &#8211; Substantive, Verb ESSERE &#8211; sein, Hauptzahlen &#8211; H\u00f6ren Sie auf Italienisch!<\/li>\n<li>Lektion 02 &#8211; Verb AVERE, bestimmter und unbestimmter Artikel, Verben mit -ARE -Endung<\/li>\n<li>Lektion 03 &#8211; Verben mit -ERE-und IRE -Endung, Adjektive, H\u00f6flichkeitsphrasen<\/li>\n<li>Lektion 04 \u2013 Unregelm\u00e4\u00dfige Verben Teil 01_ MI PIACE_HO BISOGNO\u201c, Zeitangabe, mein Tag<\/li>\n<li>Lektion 05 &#8211; Unregelm\u00e4\u00dfige Verben Teil 02, ESSERE_ STARE_Possessivpronomen_meine Familie<\/li>\n<li>Lektion 06 &#8211; Unregelm\u00e4\u00dfige Verben Teil 03, modale Verben, Wochentage, PRIMA und DOPO\u00a0 DI<\/li>\n<li>Lektion 07 &#8211; Unregelm\u00e4\u00dfige Verben Teil 04, Zahlen von 20 bis 1000, Ordinalzahlen<\/li>\n<li>Lektion 08 &#8211; Ausgew\u00e4hlte Verben, Ausdr\u00fccke <strong>c&#8217;\u00e8 <\/strong>und <strong>ci sono<\/strong>, Pr\u00e4positionen<\/li>\n<li>Lektion 09 \u2013 Andere Verben, Pr\u00e4positionen mit bestimmtem Artikel, Ortspr\u00e4positionen, meine Wohnung<\/li>\n<li>Lektion 10 &#8211; Fortlaufende Zeit_Passato prossimo_Monate<\/li>\n<\/ul>\n<p>&nbsp;<\/p>\n","protected":false},"excerpt":{"rendered":"<p>In diesem Kurs Italienische Grammatik A1-A2 f\u00fcr Anf\u00e4nger und leicht Fortgeschrittene lernen Sie die Grundlagen der italienischen Sprache, von der Aussprache, den Artikeln, den gebr\u00e4uchlichen Verben und Pr\u00e4positionen bis hin zu den grundlegenden Redewendungen.<\/p>\n","protected":false},"featured_media":683,"comment_status":"open","ping_status":"closed","template":"","meta":{"_acf_changed":false,"inline_featured_image":false,"_sitemap_exclude":false,"_sitemap_priority":"","_sitemap_frequency":""},"product_brand":[],"product_cat":[114,112],"product_tag":[],"class_list":{"0":"post-679","1":"product","2":"type-product","3":"status-publish","4":"has-post-thumbnail","6":"product_cat-spezialisiertes-italienisch","7":"product_cat-italienisch","8":"pa_format-mp3","9":"pa_laenge-147","10":"pa_sprachniveau-a1","11":"pa_sprachniveau-a1-a2","12":"pa_sprachniveau-a2","13":"pa_sprachniveau-a2-b1","15":"first","16":"instock","17":"downloadable","18":"virtual","19":"purchasable","20":"product-type-simple"},"acf":[],"_links":{"self":[{"href":"https:\/\/audioacademyeu.eu\/de\/wp-json\/wp\/v2\/product\/679","targetHints":{"allow":["GET"]}}],"collection":[{"href":"https:\/\/audioacademyeu.eu\/de\/wp-json\/wp\/v2\/product"}],"about":[{"href":"https:\/\/audioacademyeu.eu\/de\/wp-json\/wp\/v2\/types\/product"}],"replies":[{"embeddable":true,"href":"https:\/\/audioacademyeu.eu\/de\/wp-json\/wp\/v2\/comments?post=679"}],"wp:featuredmedia":[{"embeddable":true,"href":"https:\/\/audioacademyeu.eu\/de\/wp-json\/wp\/v2\/media\/683"}],"wp:attachment":[{"href":"https:\/\/audioacademyeu.eu\/de\/wp-json\/wp\/v2\/media?parent=679"}],"wp:term":[{"taxonomy":"product_brand","embeddable":true,"href":"https:\/\/audioacademyeu.eu\/de\/wp-json\/wp\/v2\/product_brand?post=679"},{"taxonomy":"product_cat","embeddable":true,"href":"https:\/\/audioacademyeu.eu\/de\/wp-json\/wp\/v2\/product_cat?post=679"},{"taxonomy":"product_tag","embeddable":true,"href":"https:\/\/audioacademyeu.eu\/de\/wp-json\/wp\/v2\/product_tag?post=679"}],"curies":[{"name":"wp","href":"https:\/\/api.w.org\/{rel}","templated":true}]}}