
{"id":654,"date":"2024-04-09T12:54:58","date_gmt":"2024-04-09T10:54:58","guid":{"rendered":"https:\/\/audioacademyeu.eu\/de\/?post_type=product&#038;p=654"},"modified":"2025-06-17T19:47:16","modified_gmt":"2025-06-17T17:47:16","slug":"vorteilspaket-francozisch-fuer-anfaenger","status":"publish","type":"product","link":"https:\/\/audioacademyeu.eu\/de\/item\/vorteilspaket-francozisch-fuer-anfaenger\/","title":{"rendered":"Vorteilspaket \u2013 Franc\u00f6zisch f\u00fcr Anf\u00e4nger"},"content":{"rendered":"<p><strong>Franz\u00f6sisch \u2013 Wortschatz f\u00fcr die Anf\u00e4nger A1,A2<\/strong><br \/>\nDer Kurs Franz\u00f6sisch \u2013 Wortschatz f\u00fcr die Anf\u00e4nger A1,A2 richtet sich an absolute und an \u201efalsche\u201c Anf\u00e4nger. Wenn Sie also schon vor einiger Zeit mit dem Franz\u00f6sisch \u00a0lernen angefangen haben und nun die Grundlagen auffrischen m\u00f6chten, ist dieser Kurs genau das Richtige f\u00fcr Sie<\/p>\n<p><strong>Franz\u00f6sisch f\u00fcr den Urlaub A1-B1<\/strong><br \/>\nDer Kurs Franz\u00f6sisch f\u00fcr den Urlaub A1-B1 richtet sich an Anf\u00e4nger und leicht Fortgeschrittene und konzentriert sich auf W\u00f6rter und Redewendungen, die Sie auf Reisen und insbesondere im Urlaub verwenden k\u00f6nnen.<\/p>\n<p><strong>Franz\u00f6sisch f\u00fcr die Arbeit A1-B1<\/strong><br \/>\nDer Kurs Franz\u00f6sisch f\u00fcr die Arbeit A1-B1 ist f\u00fcr Anf\u00e4nger bis leicht Fortgeschrittene konzipiert und konzentriert sich auf einen Wortschatz, den Sie bei der Arbeit und bei Gesch\u00e4ftskontakten mit ausl\u00e4ndischen Partnern verwenden k\u00f6nnen.<\/p>\n","protected":false},"excerpt":{"rendered":"<p>Vorteilspaket \u2013 Franc\u00f6zisch f\u00fcr Anf\u00e4nger &#8211; Franz\u00f6sisch \u2013 Wortschatz f\u00fcr die Anf\u00e4nger A1,A2, Franz\u00f6sisch f\u00fcr den Urlaub A1-B1, Franz\u00f6sisch f\u00fcr die Arbeit A1-B1<\/p>\n","protected":false},"featured_media":664,"comment_status":"open","ping_status":"closed","template":"","meta":{"_acf_changed":true,"inline_featured_image":false,"_sitemap_exclude":false,"_sitemap_priority":"","_sitemap_frequency":""},"product_brand":[],"product_cat":[142,44],"product_tag":[],"class_list":{"0":"post-654","1":"product","2":"type-product","3":"status-publish","4":"has-post-thumbnail","6":"product_cat-francosisch-vorteilhaftes-paket","7":"product_cat-vorteilhaftes-paket","8":"pa_format-mp3","9":"pa_laenge-146","10":"pa_sprachniveau-a1","11":"pa_sprachniveau-a1-a2","12":"pa_sprachniveau-a2","13":"pa_sprachniveau-a2-b1","15":"first","16":"instock","17":"downloadable","18":"virtual","19":"purchasable","20":"product-type-simple"},"acf":[],"_links":{"self":[{"href":"https:\/\/audioacademyeu.eu\/de\/wp-json\/wp\/v2\/product\/654","targetHints":{"allow":["GET"]}}],"collection":[{"href":"https:\/\/audioacademyeu.eu\/de\/wp-json\/wp\/v2\/product"}],"about":[{"href":"https:\/\/audioacademyeu.eu\/de\/wp-json\/wp\/v2\/types\/product"}],"replies":[{"embeddable":true,"href":"https:\/\/audioacademyeu.eu\/de\/wp-json\/wp\/v2\/comments?post=654"}],"wp:featuredmedia":[{"embeddable":true,"href":"https:\/\/audioacademyeu.eu\/de\/wp-json\/wp\/v2\/media\/664"}],"wp:attachment":[{"href":"https:\/\/audioacademyeu.eu\/de\/wp-json\/wp\/v2\/media?parent=654"}],"wp:term":[{"taxonomy":"product_brand","embeddable":true,"href":"https:\/\/audioacademyeu.eu\/de\/wp-json\/wp\/v2\/product_brand?post=654"},{"taxonomy":"product_cat","embeddable":true,"href":"https:\/\/audioacademyeu.eu\/de\/wp-json\/wp\/v2\/product_cat?post=654"},{"taxonomy":"product_tag","embeddable":true,"href":"https:\/\/audioacademyeu.eu\/de\/wp-json\/wp\/v2\/product_tag?post=654"}],"curies":[{"name":"wp","href":"https:\/\/api.w.org\/{rel}","templated":true}]}}