
{"id":653,"date":"2024-04-09T12:51:09","date_gmt":"2024-04-09T10:51:09","guid":{"rendered":"https:\/\/audioacademyeu.eu\/de\/?post_type=product&#038;p=653"},"modified":"2025-06-17T19:47:48","modified_gmt":"2025-06-17T17:47:48","slug":"vorteilspaket-spezialisiertes-francoezisch","status":"publish","type":"product","link":"https:\/\/audioacademyeu.eu\/de\/item\/vorteilspaket-spezialisiertes-francoezisch\/","title":{"rendered":"Vorteilspaket \u2013 Spezialisiertes Franc\u00f6zisch"},"content":{"rendered":"<p><strong>Technisches Franz\u00f6sisch A1-B1<\/strong><br \/>\nDer Kurs Technisches Franz\u00f6sisch A1-B1 ist f\u00fcr Anf\u00e4nger bis leicht Fortgeschrittene konzipiert und konzentriert sich auf einen Wortschatz, den Sie im technischen Bereich verwenden k\u00f6nnen<\/p>\n<p><strong>Franz\u00f6sisch f\u00fcr den Urlaub A1-B1<\/strong><br \/>\nDer Kurs Franz\u00f6sisch f\u00fcr den Urlaub A1-B1 richtet sich an Anf\u00e4nger und leicht Fortgeschrittene und konzentriert sich auf W\u00f6rter und Redewendungen, die Sie auf Reisen und insbesondere im Urlaub verwenden k\u00f6nnen.<\/p>\n<p><strong>Franz\u00f6sisch f\u00fcr die Arbeit A1-B1<\/strong><br \/>\nDer Kurs Franz\u00f6sisch f\u00fcr die Arbeit A1-B1 ist f\u00fcr Anf\u00e4nger bis leicht Fortgeschrittene konzipiert und konzentriert sich auf einen Wortschatz, den Sie bei der Arbeit und bei Gesch\u00e4ftskontakten mit ausl\u00e4ndischen Partnern verwenden k\u00f6nnen.<\/p>\n","protected":false},"excerpt":{"rendered":"<p>Vorteilspaket \u2013 Spezialisiertes French &#8211; Technisches Franz\u00f6sisch A1-B1, Franz\u00f6sisch f\u00fcr den Urlaub A1-B1, Franz\u00f6sisch f\u00fcr die Arbeit A1-B1<\/p>\n","protected":false},"featured_media":650,"comment_status":"open","ping_status":"closed","template":"","meta":{"_acf_changed":true,"inline_featured_image":false,"_sitemap_exclude":false,"_sitemap_priority":"","_sitemap_frequency":""},"product_brand":[],"product_cat":[142,44],"product_tag":[],"class_list":{"0":"post-653","1":"product","2":"type-product","3":"status-publish","4":"has-post-thumbnail","6":"product_cat-francosisch-vorteilhaftes-paket","7":"product_cat-vorteilhaftes-paket","8":"pa_format-mp3","9":"pa_laenge-144","10":"pa_sprachniveau-a1","11":"pa_sprachniveau-a1-a2","12":"pa_sprachniveau-a2","13":"pa_sprachniveau-a2-b1","14":"pa_sprachniveau-b1","15":"pa_sprachniveau-b1-b2","17":"first","18":"instock","19":"downloadable","20":"virtual","21":"purchasable","22":"product-type-simple"},"acf":[],"_links":{"self":[{"href":"https:\/\/audioacademyeu.eu\/de\/wp-json\/wp\/v2\/product\/653","targetHints":{"allow":["GET"]}}],"collection":[{"href":"https:\/\/audioacademyeu.eu\/de\/wp-json\/wp\/v2\/product"}],"about":[{"href":"https:\/\/audioacademyeu.eu\/de\/wp-json\/wp\/v2\/types\/product"}],"replies":[{"embeddable":true,"href":"https:\/\/audioacademyeu.eu\/de\/wp-json\/wp\/v2\/comments?post=653"}],"wp:featuredmedia":[{"embeddable":true,"href":"https:\/\/audioacademyeu.eu\/de\/wp-json\/wp\/v2\/media\/650"}],"wp:attachment":[{"href":"https:\/\/audioacademyeu.eu\/de\/wp-json\/wp\/v2\/media?parent=653"}],"wp:term":[{"taxonomy":"product_brand","embeddable":true,"href":"https:\/\/audioacademyeu.eu\/de\/wp-json\/wp\/v2\/product_brand?post=653"},{"taxonomy":"product_cat","embeddable":true,"href":"https:\/\/audioacademyeu.eu\/de\/wp-json\/wp\/v2\/product_cat?post=653"},{"taxonomy":"product_tag","embeddable":true,"href":"https:\/\/audioacademyeu.eu\/de\/wp-json\/wp\/v2\/product_tag?post=653"}],"curies":[{"name":"wp","href":"https:\/\/api.w.org\/{rel}","templated":true}]}}