
{"id":652,"date":"2024-04-09T12:46:57","date_gmt":"2024-04-09T10:46:57","guid":{"rendered":"https:\/\/audioacademyeu.eu\/de\/?post_type=product&#038;p=652"},"modified":"2025-06-17T19:48:16","modified_gmt":"2025-06-17T17:48:16","slug":"vorteilspaket-francoezisch-fuer-leicht-fortgeschrittene","status":"publish","type":"product","link":"https:\/\/audioacademyeu.eu\/de\/item\/vorteilspaket-francoezisch-fuer-leicht-fortgeschrittene\/","title":{"rendered":"Vorteilspaket \u2013 Franc\u00f6zisch f\u00fcr leicht Fortgeschrittene"},"content":{"rendered":"<p><strong>Franz\u00f6sisch \u2013 Wortschatz f\u00fcr die Mittelstufe \u00a0B1 &#8211; Teil 01<\/strong><br \/>\nDer Kurs Franz\u00f6sisch\u2013 Wortschatz f\u00fcr die Mittelstufe \u00a0B1 &#8211; Teil 01 richtet sich an leicht-fortgeschrittene Lerner, die bereits ein oder zwei Jahre Franz\u00f6sischgelernt haben und die Grundlagen beherrschen sollten.<\/p>\n<p><strong>Franz\u00f6sisch \u2013 Wortschatz f\u00fcr die Mittelstufe \u00a0B1 &#8211; Teil 02<\/strong><br \/>\nDer Kurs Franz\u00f6sisch \u2013 Wortschatz f\u00fcr die Mittelstufe \u00a0B1 &#8211; Teil 02 richtet sich an leicht-fortgeschrittene Lerner, die bereits ein oder zwei Jahre Franz\u00f6sisch gelernt haben und die Grundlagen beherrschen sollten.<\/p>\n<p><strong>Technisches Franz\u00f6sisch A1-B1<\/strong><br \/>\nDer Kurs Technisches Franz\u00f6sisch A1-B1 ist f\u00fcr Anf\u00e4nger bis leicht Fortgeschrittene konzipiert und konzentriert sich auf einen Wortschatz, den Sie im technischen Bereich verwenden k\u00f6nnen<\/p>\n","protected":false},"excerpt":{"rendered":"<p>Vorteilspaket \u2013 French f\u00fcr leicht Fortgeschrittene &#8211; Franz\u00f6sisch \u2013 Wortschatz f\u00fcr die Mittelstufe A1-B1, B1 &#8211; Teil 01, B1 &#8211; Teil 02<\/p>\n","protected":false},"featured_media":647,"comment_status":"open","ping_status":"closed","template":"","meta":{"_acf_changed":true,"inline_featured_image":false,"_sitemap_exclude":false,"_sitemap_priority":"","_sitemap_frequency":""},"product_brand":[],"product_cat":[142,44],"product_tag":[],"class_list":{"0":"post-652","1":"product","2":"type-product","3":"status-publish","4":"has-post-thumbnail","6":"product_cat-francosisch-vorteilhaftes-paket","7":"product_cat-vorteilhaftes-paket","8":"pa_format-mp3","9":"pa_laenge-143","10":"pa_sprachniveau-a1","11":"pa_sprachniveau-a1-a2","12":"pa_sprachniveau-a2","13":"pa_sprachniveau-a2-b1","14":"pa_sprachniveau-b1","15":"pa_sprachniveau-b1-b2","17":"first","18":"instock","19":"downloadable","20":"virtual","21":"purchasable","22":"product-type-simple"},"acf":[],"_links":{"self":[{"href":"https:\/\/audioacademyeu.eu\/de\/wp-json\/wp\/v2\/product\/652","targetHints":{"allow":["GET"]}}],"collection":[{"href":"https:\/\/audioacademyeu.eu\/de\/wp-json\/wp\/v2\/product"}],"about":[{"href":"https:\/\/audioacademyeu.eu\/de\/wp-json\/wp\/v2\/types\/product"}],"replies":[{"embeddable":true,"href":"https:\/\/audioacademyeu.eu\/de\/wp-json\/wp\/v2\/comments?post=652"}],"wp:featuredmedia":[{"embeddable":true,"href":"https:\/\/audioacademyeu.eu\/de\/wp-json\/wp\/v2\/media\/647"}],"wp:attachment":[{"href":"https:\/\/audioacademyeu.eu\/de\/wp-json\/wp\/v2\/media?parent=652"}],"wp:term":[{"taxonomy":"product_brand","embeddable":true,"href":"https:\/\/audioacademyeu.eu\/de\/wp-json\/wp\/v2\/product_brand?post=652"},{"taxonomy":"product_cat","embeddable":true,"href":"https:\/\/audioacademyeu.eu\/de\/wp-json\/wp\/v2\/product_cat?post=652"},{"taxonomy":"product_tag","embeddable":true,"href":"https:\/\/audioacademyeu.eu\/de\/wp-json\/wp\/v2\/product_tag?post=652"}],"curies":[{"name":"wp","href":"https:\/\/api.w.org\/{rel}","templated":true}]}}