
{"id":651,"date":"2024-04-09T12:43:05","date_gmt":"2024-04-09T10:43:05","guid":{"rendered":"https:\/\/audioacademyeu.eu\/de\/?post_type=product&#038;p=651"},"modified":"2025-06-17T19:48:53","modified_gmt":"2025-06-17T17:48:53","slug":"vorteilspaket-francoezisch-megawortschatz","status":"publish","type":"product","link":"https:\/\/audioacademyeu.eu\/de\/item\/vorteilspaket-francoezisch-megawortschatz\/","title":{"rendered":"Vorteilspaket \u2013 Franc\u00f6zisch \u2013 Megawortschatz"},"content":{"rendered":"<p><strong>Franz\u00f6sisch \u2013 Wortschatz f\u00fcr die Anf\u00e4nger A1,A2<\/strong><br \/>\nDer Kurs Franz\u00f6sisch \u2013 Wortschatz f\u00fcr die Anf\u00e4nger A1,A2 richtet sich an absolute und an \u201efalsche\u201c Anf\u00e4nger. Wenn Sie also schon vor einiger Zeit mit dem Franz\u00f6sisch \u00a0lernen angefangen haben und nun die Grundlagen auffrischen m\u00f6chten, ist dieser Kurs genau das Richtige f\u00fcr Sie<\/p>\n<p><strong>Franz\u00f6sisch \u2013 Wortschatz f\u00fcr die Mittelstufe \u00a0B1 &#8211; Teil 01<\/strong><br \/>\nDer Kurs Franz\u00f6sisch\u2013 Wortschatz f\u00fcr die Mittelstufe \u00a0B1 &#8211; Teil 01 richtet sich an leicht-fortgeschrittene Lerner, die bereits ein oder zwei Jahre Franz\u00f6sischgelernt haben und die Grundlagen beherrschen sollten.<\/p>\n<p><strong>Franz\u00f6sisch \u2013 Wortschatz f\u00fcr die Mittelstufe \u00a0B1 &#8211; Teil 02<\/strong><br \/>\nDer Kurs Franz\u00f6sisch \u2013 Wortschatz f\u00fcr die Mittelstufe \u00a0B1 &#8211; Teil 02 richtet sich an leicht-fortgeschrittene Lerner, die bereits ein oder zwei Jahre Franz\u00f6sisch gelernt haben und die Grundlagen beherrschen sollten.<\/p>\n<p><strong>Franz\u00f6sisch-Wortschatz f\u00fcr die Mittelstufe B2<\/strong><br \/>\nDer Kurs Franz\u00f6sisch-Wortschatz f\u00fcr die Mittelstufe B2 richtet sich an fortgeschrittene Lerner, die bereits drei oder vier Jahre Franz\u00f6sisch gelernt haben und die eine fast flie\u00dfende Kommunikationn beherrschen sollten.<\/p>\n","protected":false},"excerpt":{"rendered":"<p>Vorteilspaket \u2013 French \u2013 Megawortschatz &#8211; Wortschatz f\u00fcr die Anf\u00e4nger A1,A2, B1 &#8211; Teil 01, B1 &#8211; Teil 02, B2<\/p>\n","protected":false},"featured_media":648,"comment_status":"open","ping_status":"closed","template":"","meta":{"_acf_changed":true,"inline_featured_image":false,"_sitemap_exclude":false,"_sitemap_priority":"","_sitemap_frequency":""},"product_brand":[],"product_cat":[142,44],"product_tag":[],"class_list":{"0":"post-651","1":"product","2":"type-product","3":"status-publish","4":"has-post-thumbnail","6":"product_cat-francosisch-vorteilhaftes-paket","7":"product_cat-vorteilhaftes-paket","8":"pa_format-mp3","9":"pa_laenge-141","10":"pa_sprachniveau-a1","11":"pa_sprachniveau-a1-a2","12":"pa_sprachniveau-a2","13":"pa_sprachniveau-a2-b1","14":"pa_sprachniveau-b1","15":"pa_sprachniveau-b1-b2","16":"pa_sprachniveau-b2","17":"pa_sprachniveau-b2-c1","19":"first","20":"instock","21":"downloadable","22":"virtual","23":"purchasable","24":"product-type-simple"},"acf":[],"_links":{"self":[{"href":"https:\/\/audioacademyeu.eu\/de\/wp-json\/wp\/v2\/product\/651","targetHints":{"allow":["GET"]}}],"collection":[{"href":"https:\/\/audioacademyeu.eu\/de\/wp-json\/wp\/v2\/product"}],"about":[{"href":"https:\/\/audioacademyeu.eu\/de\/wp-json\/wp\/v2\/types\/product"}],"replies":[{"embeddable":true,"href":"https:\/\/audioacademyeu.eu\/de\/wp-json\/wp\/v2\/comments?post=651"}],"wp:featuredmedia":[{"embeddable":true,"href":"https:\/\/audioacademyeu.eu\/de\/wp-json\/wp\/v2\/media\/648"}],"wp:attachment":[{"href":"https:\/\/audioacademyeu.eu\/de\/wp-json\/wp\/v2\/media?parent=651"}],"wp:term":[{"taxonomy":"product_brand","embeddable":true,"href":"https:\/\/audioacademyeu.eu\/de\/wp-json\/wp\/v2\/product_brand?post=651"},{"taxonomy":"product_cat","embeddable":true,"href":"https:\/\/audioacademyeu.eu\/de\/wp-json\/wp\/v2\/product_cat?post=651"},{"taxonomy":"product_tag","embeddable":true,"href":"https:\/\/audioacademyeu.eu\/de\/wp-json\/wp\/v2\/product_tag?post=651"}],"curies":[{"name":"wp","href":"https:\/\/api.w.org\/{rel}","templated":true}]}}