
{"id":564,"date":"2023-09-19T14:53:34","date_gmt":"2023-09-19T12:53:34","guid":{"rendered":"https:\/\/audioacademyeu.eu\/de\/?post_type=product&#038;p=564"},"modified":"2025-06-17T19:49:27","modified_gmt":"2025-06-17T17:49:27","slug":"pack-spezialisiertes-polnisch","status":"publish","type":"product","link":"https:\/\/audioacademyeu.eu\/de\/item\/pack-spezialisiertes-polnisch\/","title":{"rendered":"Pack &#8211; Spezialisiertes Polnisch"},"content":{"rendered":"<ul>\n<li>Der Kurs Polnisch f\u00fcr die Arbeit A1-B1 ist f\u00fcr Anf\u00e4nger bis leicht Fortgeschrittene konzipiert und konzentriert sich auf einen Wortschatz, den Sie bei der Arbeit und bei Gesch\u00e4ftskontakten mit ausl\u00e4ndischen Partnern verwenden k\u00f6nnen.<\/li>\n<li>Der Kurs Polnisch f\u00fcr Reisende A1-B1 richtet sich an Anf\u00e4nger und leicht Fortgeschrittene und konzentriert sich auf W\u00f6rter und Redewendungen, die Sie auf Reisen und insbesondere im Urlaub verwenden k\u00f6nnen.<\/li>\n<li>Der Kurs Technisches Polnisch A1-B1 ist f\u00fcr Anf\u00e4nger bis leicht Fortgeschrittene konzipiert und konzentriert sich auf einen Wortschatz, den Sie im technischen Bereich verwenden k\u00f6nnen<\/li>\n<\/ul>\n","protected":false},"excerpt":{"rendered":"<p>Pack &#8211; Spezialisiertes Polnisch &#8211; Polnisch f\u00fcr die Arbeit A1-B1, Polnisch f\u00fcr Reisende A1-B1, Technisches Polnisch A1-B1<\/p>\n","protected":false},"featured_media":565,"comment_status":"open","ping_status":"closed","template":"","meta":{"_acf_changed":true,"inline_featured_image":false,"_sitemap_exclude":false,"_sitemap_priority":"","_sitemap_frequency":""},"product_brand":[],"product_cat":[96,44],"product_tag":[],"class_list":{"0":"post-564","1":"product","2":"type-product","3":"status-publish","4":"has-post-thumbnail","6":"product_cat-polnisch-vorteilhaftes-paket","7":"product_cat-vorteilhaftes-paket","8":"pa_format-mp3","9":"pa_laenge-130","10":"pa_sprachniveau-a1","11":"pa_sprachniveau-a1-a2","12":"pa_sprachniveau-a2","13":"pa_sprachniveau-a2-b1","14":"pa_sprachniveau-b1","15":"pa_sprachniveau-b1-b2","17":"first","18":"instock","19":"downloadable","20":"virtual","21":"purchasable","22":"product-type-simple"},"acf":[],"_links":{"self":[{"href":"https:\/\/audioacademyeu.eu\/de\/wp-json\/wp\/v2\/product\/564","targetHints":{"allow":["GET"]}}],"collection":[{"href":"https:\/\/audioacademyeu.eu\/de\/wp-json\/wp\/v2\/product"}],"about":[{"href":"https:\/\/audioacademyeu.eu\/de\/wp-json\/wp\/v2\/types\/product"}],"replies":[{"embeddable":true,"href":"https:\/\/audioacademyeu.eu\/de\/wp-json\/wp\/v2\/comments?post=564"}],"wp:featuredmedia":[{"embeddable":true,"href":"https:\/\/audioacademyeu.eu\/de\/wp-json\/wp\/v2\/media\/565"}],"wp:attachment":[{"href":"https:\/\/audioacademyeu.eu\/de\/wp-json\/wp\/v2\/media?parent=564"}],"wp:term":[{"taxonomy":"product_brand","embeddable":true,"href":"https:\/\/audioacademyeu.eu\/de\/wp-json\/wp\/v2\/product_brand?post=564"},{"taxonomy":"product_cat","embeddable":true,"href":"https:\/\/audioacademyeu.eu\/de\/wp-json\/wp\/v2\/product_cat?post=564"},{"taxonomy":"product_tag","embeddable":true,"href":"https:\/\/audioacademyeu.eu\/de\/wp-json\/wp\/v2\/product_tag?post=564"}],"curies":[{"name":"wp","href":"https:\/\/api.w.org\/{rel}","templated":true}]}}