
{"id":499,"date":"2023-09-18T20:14:10","date_gmt":"2023-09-18T18:14:10","guid":{"rendered":"https:\/\/audioacademyeu.eu\/de\/?post_type=product&#038;p=499"},"modified":"2023-09-18T20:14:21","modified_gmt":"2023-09-18T18:14:21","slug":"italienisch-fuer-die-arbeit-a1-b1","status":"publish","type":"product","link":"https:\/\/audioacademyeu.eu\/de\/item\/italienisch-fuer-die-arbeit-a1-b1\/","title":{"rendered":"Italienisch f\u00fcr die Arbeit A1-B1"},"content":{"rendered":"<p>Der Kurs Italienisch f\u00fcr die Arbeit A1-B1 ist f\u00fcr Anf\u00e4nger bis leicht Fortgeschrittene konzipiert und konzentriert sich auf einen Wortschatz, den Sie bei der Arbeit und bei Gesch\u00e4ftskontakten mit ausl\u00e4ndischen Partnern verwenden k\u00f6nnen.<\/p>\n<p>Der Kurs basiert auf das kontextuelle Lernen, das hei\u00dft, Sie lernen nicht nur W\u00f6rter, sondern auch S\u00e4tze, in denen Sie die gelernten W\u00f6rter anwenden k\u00f6nnen. In diesem Kurs finden Sie insgesamt 1.000 W\u00f6rter und \u00dcbungss\u00e4tze<\/p>\n<p>Die einzelnen Lektionen sind nach den Themen <strong>Aktivit\u00e4ten, Verwaltung, Finanzen, Kommunikation, Marketing+Pr\u00e4sentation, Produktion+Eigenschafften und Berufe+Mitarbeiter<\/strong> unterteilt. Sie enthalten W\u00f6rter und Beispiels\u00e4tze, die Ihnen bei der Kommunikation mit Gesch\u00e4ftspartnern im Ausland helfen sollen. Gleichzeitig k\u00f6nnen Sie mit diesem Kurs Ihr Italienisch von einem Anf\u00e4nger- bis zum B1-Niveau auffrischen.<\/p>\n<p>Wie kann man am besten mit dem Kurs arbeiten? W\u00e4hlen Sie die Lektion aus, mit der Sie beginnen m\u00f6chten. Jede Lektion enth\u00e4lt sechs Tracks. Machen Sie sich zun\u00e4chst in jeder Lektion mit den Vokabeln selbst vertraut (Track 1 und 2). Als n\u00e4chstes folgt ein Wort aus dem Wortschatz, gefolgt von einem Beispielsatz, wiederum in beiden \u00dcbersetzungsvarianten (Track 3 und 4).\u00a0 Sie gehen dann zu vollst\u00e4ndigen S\u00e4tzen \u00fcber (Track 5 und 6). Wenn Sie das \u00dcbersetzen von S\u00e4tzen aus dem Deutschen ins Italienische (Track 6) beherrschen, bevor die italienische \u00dcbersetzung erscheint, haben Sie gewonnen. Die W\u00f6rter allein werden Ihnen dabei helfen, die Bedeutung zu verstehen, aber durch die Verwendung der beherrschten vollst\u00e4ndigen S\u00e4tze werden Sie viel besser kommunizieren<\/p>\n<p>In den Skripten zu dem Audiokurs finden Sie nicht nur n\u00fctzliche Tipps, wie Sie Ihr Lernen effektiver gestalten k\u00f6nnen, sondern auch einen Unterrichtsplan, um Ihre Fortschritte zu dokumentieren, eine Liste mit H\u00f6rbeispielen (falls Sie etwas nicht verstehen) und doppelseitige Lernkarten, damit Sie auch dann lernen und wiederholen k\u00f6nnen, wenn Sie nicht zuh\u00f6ren k\u00f6nnen. F\u00fcr diejenigen, die sich selbst testen m\u00f6chten, gibt es in jeder Lektion einen \u00dcbersetzungstest mit einem Schl\u00fcssel, der die richtigen Antworten enth\u00e4lt.<\/p>\n","protected":false},"excerpt":{"rendered":"<p>Der Kurs Italienisch f\u00fcr die Arbeit A1-B1 ist f\u00fcr Anf\u00e4nger bis leicht Fortgeschrittene konzipiert und konzentriert sich auf einen Wortschatz, den Sie bei der Arbeit und bei Gesch\u00e4ftskontakten mit ausl\u00e4ndischen Partnern verwenden k\u00f6nnen.<\/p>\n","protected":false},"featured_media":503,"comment_status":"open","ping_status":"closed","template":"","meta":{"_acf_changed":false,"inline_featured_image":false,"_sitemap_exclude":false,"_sitemap_priority":"","_sitemap_frequency":""},"product_brand":[],"product_cat":[114,112],"product_tag":[],"class_list":{"0":"post-499","1":"product","2":"type-product","3":"status-publish","4":"has-post-thumbnail","6":"product_cat-spezialisiertes-italienisch","7":"product_cat-italienisch","8":"pa_format-mp3","9":"pa_laenge-116","10":"pa_sprachniveau-a1","11":"pa_sprachniveau-a1-a2","12":"pa_sprachniveau-a2","13":"pa_sprachniveau-a2-b1","14":"pa_sprachniveau-b1","15":"pa_sprachniveau-b1-b2","17":"first","18":"instock","19":"downloadable","20":"virtual","21":"purchasable","22":"product-type-simple"},"acf":[],"_links":{"self":[{"href":"https:\/\/audioacademyeu.eu\/de\/wp-json\/wp\/v2\/product\/499","targetHints":{"allow":["GET"]}}],"collection":[{"href":"https:\/\/audioacademyeu.eu\/de\/wp-json\/wp\/v2\/product"}],"about":[{"href":"https:\/\/audioacademyeu.eu\/de\/wp-json\/wp\/v2\/types\/product"}],"replies":[{"embeddable":true,"href":"https:\/\/audioacademyeu.eu\/de\/wp-json\/wp\/v2\/comments?post=499"}],"wp:featuredmedia":[{"embeddable":true,"href":"https:\/\/audioacademyeu.eu\/de\/wp-json\/wp\/v2\/media\/503"}],"wp:attachment":[{"href":"https:\/\/audioacademyeu.eu\/de\/wp-json\/wp\/v2\/media?parent=499"}],"wp:term":[{"taxonomy":"product_brand","embeddable":true,"href":"https:\/\/audioacademyeu.eu\/de\/wp-json\/wp\/v2\/product_brand?post=499"},{"taxonomy":"product_cat","embeddable":true,"href":"https:\/\/audioacademyeu.eu\/de\/wp-json\/wp\/v2\/product_cat?post=499"},{"taxonomy":"product_tag","embeddable":true,"href":"https:\/\/audioacademyeu.eu\/de\/wp-json\/wp\/v2\/product_tag?post=499"}],"curies":[{"name":"wp","href":"https:\/\/api.w.org\/{rel}","templated":true}]}}