
{"id":484,"date":"2023-08-05T21:49:25","date_gmt":"2023-08-05T19:49:25","guid":{"rendered":"https:\/\/audioacademyeu.eu\/de\/?post_type=product&#038;p=484"},"modified":"2025-06-17T19:54:04","modified_gmt":"2025-06-17T17:54:04","slug":"vorteilspaket-russisch-megawortschatz","status":"publish","type":"product","link":"https:\/\/audioacademyeu.eu\/de\/item\/vorteilspaket-russisch-megawortschatz\/","title":{"rendered":"Vorteilspaket &#8211;\u00a0Russisch\u00a0&#8211;\u00a0Megawortschatz"},"content":{"rendered":"<ul>\n<li><strong>Russisch \u2013 Wortschatz f\u00fcr die Anf\u00e4nger A1,A2<\/strong> richtet sich an absolute und an \u201efalsche\u201c Anf\u00e4nger. Wenn Sie also schon vor einiger Zeit mit dem Russisch lernen angefangen haben und nun die Grundlagen auffrischen m\u00f6chten, ist dieser Kurs genau das Richtige f\u00fcr Sie<\/li>\n<li><strong>Russisch \u2013 Wortschatz f\u00fcr die Mittelstufe \u00a0B1 &#8211; Teil 01<\/strong> richtet sich an leicht-fortgeschrittene Lerner, die bereits ein oder zwei Jahre Russisch gelernt haben und die Grundlagen beherrschen sollten.<\/li>\n<li><strong>Russisch\u2013 Wortschatz f\u00fcr die Mittelstufe \u00a0B1 &#8211; Teil 02<\/strong> richtet sich an leicht-fortgeschrittene Lerner, die bereits ein oder zwei Jahre Russisch gelernt haben und die Grundlagen beherrschen sollten.<\/li>\n<\/ul>\n","protected":false},"excerpt":{"rendered":"<p>Vorteilspaket &#8211; Russisch &#8211; Megawortschatz &#8211; Russisch \u2013 Wortschatz f\u00fcr die Anf\u00e4nger A1,A2, Russisch \u2013 Wortschatz f\u00fcr die Mittelstufe \u00a0B1 &#8211; Teil 01, Teil 02<\/p>\n","protected":false},"featured_media":485,"comment_status":"open","ping_status":"closed","template":"","meta":{"_acf_changed":true,"inline_featured_image":false,"_sitemap_exclude":false,"_sitemap_priority":"","_sitemap_frequency":""},"product_brand":[],"product_cat":[97,44],"product_tag":[],"class_list":{"0":"post-484","1":"product","2":"type-product","3":"status-publish","4":"has-post-thumbnail","6":"product_cat-russisch-vorteilhaftes-paket","7":"product_cat-vorteilhaftes-paket","8":"pa_format-mp3","9":"pa_laenge-110","10":"pa_sprachniveau-a1","11":"pa_sprachniveau-a1-a2","12":"pa_sprachniveau-a2","13":"pa_sprachniveau-a2-b1","14":"pa_sprachniveau-b1","15":"pa_sprachniveau-b1-b2","17":"first","18":"instock","19":"downloadable","20":"virtual","21":"purchasable","22":"product-type-simple"},"acf":[],"_links":{"self":[{"href":"https:\/\/audioacademyeu.eu\/de\/wp-json\/wp\/v2\/product\/484","targetHints":{"allow":["GET"]}}],"collection":[{"href":"https:\/\/audioacademyeu.eu\/de\/wp-json\/wp\/v2\/product"}],"about":[{"href":"https:\/\/audioacademyeu.eu\/de\/wp-json\/wp\/v2\/types\/product"}],"replies":[{"embeddable":true,"href":"https:\/\/audioacademyeu.eu\/de\/wp-json\/wp\/v2\/comments?post=484"}],"wp:featuredmedia":[{"embeddable":true,"href":"https:\/\/audioacademyeu.eu\/de\/wp-json\/wp\/v2\/media\/485"}],"wp:attachment":[{"href":"https:\/\/audioacademyeu.eu\/de\/wp-json\/wp\/v2\/media?parent=484"}],"wp:term":[{"taxonomy":"product_brand","embeddable":true,"href":"https:\/\/audioacademyeu.eu\/de\/wp-json\/wp\/v2\/product_brand?post=484"},{"taxonomy":"product_cat","embeddable":true,"href":"https:\/\/audioacademyeu.eu\/de\/wp-json\/wp\/v2\/product_cat?post=484"},{"taxonomy":"product_tag","embeddable":true,"href":"https:\/\/audioacademyeu.eu\/de\/wp-json\/wp\/v2\/product_tag?post=484"}],"curies":[{"name":"wp","href":"https:\/\/api.w.org\/{rel}","templated":true}]}}