
{"id":478,"date":"2023-08-05T21:12:49","date_gmt":"2023-08-05T19:12:49","guid":{"rendered":"https:\/\/audioacademyeu.eu\/de\/?post_type=product&#038;p=478"},"modified":"2025-06-17T19:55:05","modified_gmt":"2025-06-17T17:55:05","slug":"vorteilspaket-spanisch-megawortschatz","status":"publish","type":"product","link":"https:\/\/audioacademyeu.eu\/de\/item\/vorteilspaket-spanisch-megawortschatz\/","title":{"rendered":"Vorteilspaket &#8211;\u00a0Spanisch &#8211;\u00a0Megawortschatz"},"content":{"rendered":"<ul>\n<li><strong>Spanisch \u2013 Wortschatz f\u00fcr die Anf\u00e4nger A1,A2<\/strong> richtet sich an absolute und an \u201efalsche\u201c Anf\u00e4nger. Wenn Sie also schon vor einiger Zeit mit dem Spanisch lernen angefangen haben und nun die Grundlagen auffrischen m\u00f6chten, ist dieser Kurs genau das Richtige f\u00fcr Sie<\/li>\n<li><strong>Spanisch \u2013 Wortschatz f\u00fcr die Mittelstufe \u00a0B1 &#8211; Teil 01<\/strong> richtet sich an leicht-fortgeschrittene Lerner, die bereits ein oder zwei Jahre Spanisch gelernt haben und die Grundlagen beherrschen sollten.<\/li>\n<li><strong>Spanisch \u2013 Wortschatz f\u00fcr die Mittelstufe \u00a0B1 &#8211; Teil 02<\/strong> richtet sich an leicht-fortgeschrittene Lerner, die bereits ein oder zwei Jahre Russisch gelernt haben und die Grundlagen beherrschen sollten.<\/li>\n<li><strong>Spanisch &#8211; Wortschatz f\u00fcr die Mittelstufe B2<\/strong> richtet sich an fortgeschrittene Lerner, die bereits drei oder vier Jahre \u201aSpanisch gelernt haben und die eine fast flie\u00dfende Kommunikationn beherrschen sollten.<\/li>\n<\/ul>\n","protected":false},"excerpt":{"rendered":"<p>Vorteilspaket &#8211; Spanisch &#8211; Megawortschatz &#8211; Spanisch \u2013 Wortschatz f\u00fcr die Anf\u00e4nger A1,A2, Spanisch \u2013 Wortschatz f\u00fcr die Mittelstufe \u00a0B1 &#8211; Teil 01, Teil 02, Spanisch &#8211; Wortschatz f\u00fcr die Mittelstufe B2<\/p>\n","protected":false},"featured_media":479,"comment_status":"open","ping_status":"closed","template":"","meta":{"_acf_changed":true,"inline_featured_image":false,"_sitemap_exclude":false,"_sitemap_priority":"","_sitemap_frequency":""},"product_brand":[],"product_cat":[99,44],"product_tag":[],"class_list":{"0":"post-478","1":"product","2":"type-product","3":"status-publish","4":"has-post-thumbnail","6":"product_cat-spanisch-vorteilhaftes-paket","7":"product_cat-vorteilhaftes-paket","8":"pa_format-mp3","9":"pa_laenge-107","10":"pa_sprachniveau-a1","11":"pa_sprachniveau-a1-a2","12":"pa_sprachniveau-a2","13":"pa_sprachniveau-a2-b1","14":"pa_sprachniveau-b1","15":"pa_sprachniveau-b1-b2","16":"pa_sprachniveau-b2","17":"pa_sprachniveau-b2-c1","19":"first","20":"instock","21":"downloadable","22":"virtual","23":"purchasable","24":"product-type-simple"},"acf":[],"_links":{"self":[{"href":"https:\/\/audioacademyeu.eu\/de\/wp-json\/wp\/v2\/product\/478","targetHints":{"allow":["GET"]}}],"collection":[{"href":"https:\/\/audioacademyeu.eu\/de\/wp-json\/wp\/v2\/product"}],"about":[{"href":"https:\/\/audioacademyeu.eu\/de\/wp-json\/wp\/v2\/types\/product"}],"replies":[{"embeddable":true,"href":"https:\/\/audioacademyeu.eu\/de\/wp-json\/wp\/v2\/comments?post=478"}],"wp:featuredmedia":[{"embeddable":true,"href":"https:\/\/audioacademyeu.eu\/de\/wp-json\/wp\/v2\/media\/479"}],"wp:attachment":[{"href":"https:\/\/audioacademyeu.eu\/de\/wp-json\/wp\/v2\/media?parent=478"}],"wp:term":[{"taxonomy":"product_brand","embeddable":true,"href":"https:\/\/audioacademyeu.eu\/de\/wp-json\/wp\/v2\/product_brand?post=478"},{"taxonomy":"product_cat","embeddable":true,"href":"https:\/\/audioacademyeu.eu\/de\/wp-json\/wp\/v2\/product_cat?post=478"},{"taxonomy":"product_tag","embeddable":true,"href":"https:\/\/audioacademyeu.eu\/de\/wp-json\/wp\/v2\/product_tag?post=478"}],"curies":[{"name":"wp","href":"https:\/\/api.w.org\/{rel}","templated":true}]}}