
{"id":472,"date":"2023-08-05T21:51:27","date_gmt":"2023-08-05T19:51:27","guid":{"rendered":"https:\/\/audioacademyeu.eu\/de\/?post_type=product&#038;p=472"},"modified":"2025-06-17T19:53:36","modified_gmt":"2025-06-17T17:53:36","slug":"vorteilspaket-englisch-megawortschatz","status":"publish","type":"product","link":"https:\/\/audioacademyeu.eu\/de\/item\/vorteilspaket-englisch-megawortschatz\/","title":{"rendered":"Vorteilspaket &#8211; Englisch &#8211; Megawortschatz"},"content":{"rendered":"<ul>\n<li><strong>Englisch \u2013 Wortschatz f\u00fcr die Anf\u00e4nger A1,A2<\/strong> richtet sich an absolute und an \u201efalsche\u201c Anf\u00e4nger. Wenn Sie also schon vor einiger Zeit mit dem Englisch lernen angefangen haben und nun die Grundlagen auffrischen m\u00f6chten, ist dieser Kurs genau das Richtige f\u00fcr Sie.<\/li>\n<li><strong>Englisch \u2013 Wortschatz f\u00fcr die Mittelstufe \u00a0B1_Teil 01<\/strong> richtet sich an leicht-fortgeschrittene Lerner, die bereits ein oder zwei Jahre Englisch gelernt haben und die Grundlagen beherrschen sollten.<\/li>\n<li><strong>Englisch \u2013 Wortschatz f\u00fcr die Mittelstufe \u00a0B1 &#8211; Teil 02<\/strong> richtet sich an leicht-fortgeschrittene Lerner, die bereits ein oder zwei Jahre Englisch gelernt haben und die Grundlagen beherrschen sollten.<\/li>\n<li><strong>Englisch &#8211; Wortschatz f\u00fcr die Mittelstufe B2<\/strong> richtet sich an fortgeschrittene Lerner, die bereits drei oder vier Jahre Englisch gelernt haben und die eine fast flie\u00dfende Kommunikationn beherrschen sollten.<\/li>\n<li><strong>Englisch &#8211; Wortschatz f\u00fcr Fortgeschrittene C1-C2<\/strong> richtet sich an fortgeschrittene Lerner, die bereits vier oder mehr Jahre Englisch gelernt haben und standardm\u00e4\u00dfig kommunizieren.<\/li>\n<\/ul>\n<p>&nbsp;<\/p>\n","protected":false},"excerpt":{"rendered":"<p>Vorteilspaket &#8211; Englisch &#8211; Megawortschatz &#8211; Wortschatz f\u00fcr die Anf\u00e4nger A1,A2, Wortschatz f\u00fcr die Mittelstufe \u00a0B1 &#8211; Teil 01, Teil 02, Wortschatz f\u00fcr die Mittelstufe B2, Wortschatz f\u00fcr Fortgeschrittene C1-C2<\/p>\n","protected":false},"featured_media":473,"comment_status":"open","ping_status":"closed","template":"","meta":{"_acf_changed":true,"inline_featured_image":false,"_sitemap_exclude":false,"_sitemap_priority":"","_sitemap_frequency":""},"product_brand":[],"product_cat":[95,44],"product_tag":[],"class_list":{"0":"post-472","1":"product","2":"type-product","3":"status-publish","4":"has-post-thumbnail","6":"product_cat-englisch-vorteilhaftes-paket","7":"product_cat-vorteilhaftes-paket","8":"pa_format-mp3","9":"pa_laenge-104","11":"first","12":"instock","13":"downloadable","14":"virtual","15":"purchasable","16":"product-type-simple"},"acf":[],"_links":{"self":[{"href":"https:\/\/audioacademyeu.eu\/de\/wp-json\/wp\/v2\/product\/472","targetHints":{"allow":["GET"]}}],"collection":[{"href":"https:\/\/audioacademyeu.eu\/de\/wp-json\/wp\/v2\/product"}],"about":[{"href":"https:\/\/audioacademyeu.eu\/de\/wp-json\/wp\/v2\/types\/product"}],"replies":[{"embeddable":true,"href":"https:\/\/audioacademyeu.eu\/de\/wp-json\/wp\/v2\/comments?post=472"}],"wp:featuredmedia":[{"embeddable":true,"href":"https:\/\/audioacademyeu.eu\/de\/wp-json\/wp\/v2\/media\/473"}],"wp:attachment":[{"href":"https:\/\/audioacademyeu.eu\/de\/wp-json\/wp\/v2\/media?parent=472"}],"wp:term":[{"taxonomy":"product_brand","embeddable":true,"href":"https:\/\/audioacademyeu.eu\/de\/wp-json\/wp\/v2\/product_brand?post=472"},{"taxonomy":"product_cat","embeddable":true,"href":"https:\/\/audioacademyeu.eu\/de\/wp-json\/wp\/v2\/product_cat?post=472"},{"taxonomy":"product_tag","embeddable":true,"href":"https:\/\/audioacademyeu.eu\/de\/wp-json\/wp\/v2\/product_tag?post=472"}],"curies":[{"name":"wp","href":"https:\/\/api.w.org\/{rel}","templated":true}]}}