
{"id":453,"date":"2023-07-08T22:30:31","date_gmt":"2023-07-08T20:30:31","guid":{"rendered":"https:\/\/audioacademyeu.eu\/de\/?post_type=product&#038;p=453"},"modified":"2025-06-17T19:59:13","modified_gmt":"2025-06-17T17:59:13","slug":"vorteilspaket-spanisch-fuer-anfaenger","status":"publish","type":"product","link":"https:\/\/audioacademyeu.eu\/de\/item\/vorteilspaket-spanisch-fuer-anfaenger\/","title":{"rendered":"Vorteilspaket &#8211; Spanisch f\u00fcr Anf\u00e4nger"},"content":{"rendered":"<p><strong>Spanisch \u2013 Wortschatz f\u00fcr die Anf\u00e4nger A1,A2<\/strong> &#8211; Der Kurs richtet sich an absolute und an \u201efalsche\u201c Anf\u00e4nger. Wenn Sie also schon vor einiger Zeit mit dem Spanisch lernen angefangen haben und nun die Grundlagen auffrischen m\u00f6chten, ist dieser Kurs genau das Richtige f\u00fcr Sie<\/p>\n<p><strong>Spanisch f\u00fcr Reisende A1-B1<\/strong> &#8211; Der Kurs richtet sich an Anf\u00e4nger und leicht Fortgeschrittene und konzentriert sich auf W\u00f6rter und Redewendungen, die Sie auf Reisen und insbesondere im Urlaub verwenden k\u00f6nnen.<\/p>\n<p><strong>Spanisch f\u00fcr die Arbeit A1-B1<\/strong> &#8211; Der Kurs bis leicht Fortgeschrittene konzipiert und konzentriert sich auf einen Wortschatz, den Sie bei der Arbeit und bei Gesch\u00e4ftskontakten mit ausl\u00e4ndischen Partnern verwenden k\u00f6nnen.<\/p>\n","protected":false},"excerpt":{"rendered":"<p>Vorteilspaket &#8211; Spanisch f\u00fcr Anf\u00e4nger &#8211; Wortschatz f\u00fcr die Anf\u00e4nger A1,A2, Spanisch f\u00fcr Reisende A1-B1, Spanisch f\u00fcr die Arbeit A1-B1<\/p>\n","protected":false},"featured_media":454,"comment_status":"open","ping_status":"closed","template":"","meta":{"_acf_changed":true,"inline_featured_image":false,"_sitemap_exclude":false,"_sitemap_priority":"","_sitemap_frequency":""},"product_brand":[],"product_cat":[99,44],"product_tag":[],"class_list":{"0":"post-453","1":"product","2":"type-product","3":"status-publish","4":"has-post-thumbnail","6":"product_cat-spanisch-vorteilhaftes-paket","7":"product_cat-vorteilhaftes-paket","8":"pa_format-mp3","9":"pa_laenge-85","11":"first","12":"instock","13":"downloadable","14":"virtual","15":"purchasable","16":"product-type-simple"},"acf":[],"_links":{"self":[{"href":"https:\/\/audioacademyeu.eu\/de\/wp-json\/wp\/v2\/product\/453","targetHints":{"allow":["GET"]}}],"collection":[{"href":"https:\/\/audioacademyeu.eu\/de\/wp-json\/wp\/v2\/product"}],"about":[{"href":"https:\/\/audioacademyeu.eu\/de\/wp-json\/wp\/v2\/types\/product"}],"replies":[{"embeddable":true,"href":"https:\/\/audioacademyeu.eu\/de\/wp-json\/wp\/v2\/comments?post=453"}],"wp:featuredmedia":[{"embeddable":true,"href":"https:\/\/audioacademyeu.eu\/de\/wp-json\/wp\/v2\/media\/454"}],"wp:attachment":[{"href":"https:\/\/audioacademyeu.eu\/de\/wp-json\/wp\/v2\/media?parent=453"}],"wp:term":[{"taxonomy":"product_brand","embeddable":true,"href":"https:\/\/audioacademyeu.eu\/de\/wp-json\/wp\/v2\/product_brand?post=453"},{"taxonomy":"product_cat","embeddable":true,"href":"https:\/\/audioacademyeu.eu\/de\/wp-json\/wp\/v2\/product_cat?post=453"},{"taxonomy":"product_tag","embeddable":true,"href":"https:\/\/audioacademyeu.eu\/de\/wp-json\/wp\/v2\/product_tag?post=453"}],"curies":[{"name":"wp","href":"https:\/\/api.w.org\/{rel}","templated":true}]}}