
{"id":439,"date":"2023-05-30T22:29:46","date_gmt":"2023-05-30T20:29:46","guid":{"rendered":"https:\/\/audioacademyeu.eu\/de\/?post_type=product&#038;p=439"},"modified":"2025-06-17T19:59:51","modified_gmt":"2025-06-17T17:59:51","slug":"vorteilspaket-spezialisiertes-englisch","status":"publish","type":"product","link":"https:\/\/audioacademyeu.eu\/de\/item\/vorteilspaket-spezialisiertes-englisch\/","title":{"rendered":"Vorteilspaket &#8211; Spezialisiertes Englisch"},"content":{"rendered":"<div>\n<ul>\n<li><strong>Technisches Englisch A1-B1<\/strong> &#8211; Der Kurs Technisches Englisch A1-B1 ist f\u00fcr Anf\u00e4nger bis leicht Fortgeschrittene konzipiert und konzentriert sich auf einen Wortschatz, den Sie im technischen Bereich verwenden k\u00f6nnen.<\/li>\n<li><strong>Englisch f\u00fcr den Urlaub A1-B1<\/strong> &#8211; Der Kurs Englisch f\u00fcr den Urlaub A1-B1 richtet sich an Anf\u00e4nger und leicht Fortgeschrittene und konzentriert sich auf W\u00f6rter und Redewendungen, die Sie auf Reisen und insbesondere im Urlaub verwenden k\u00f6nnen.<\/li>\n<li><strong>English f\u00fcr die Arbeit A1-B1<\/strong> &#8211; Der Kurs English f\u00fcr die Arbeit A1-B1 ist f\u00fcr Anf\u00e4nger bis leicht Fortgeschrittene konzipiert und konzentriert sich auf einen Wortschatz, den Sie bei der Arbeit und bei Gesch\u00e4ftskontakten mit ausl\u00e4ndischen Partnern verwenden k\u00f6nnen.<\/li>\n<\/ul>\n<\/div>\n","protected":false},"excerpt":{"rendered":"<p>Vorteilspaket &#8211; Spezialisiertes Englisch &#8211; Technisches Englisch A1-B1, Englisch f\u00fcr den Urlaub A1-B1, English f\u00fcr die Arbeit A1-B1<\/p>\n","protected":false},"featured_media":440,"comment_status":"open","ping_status":"closed","template":"","meta":{"_acf_changed":true,"inline_featured_image":false,"_sitemap_exclude":false,"_sitemap_priority":"","_sitemap_frequency":""},"product_brand":[],"product_cat":[95,44],"product_tag":[],"class_list":{"0":"post-439","1":"product","2":"type-product","3":"status-publish","4":"has-post-thumbnail","6":"product_cat-englisch-vorteilhaftes-paket","7":"product_cat-vorteilhaftes-paket","8":"pa_format-mp3","9":"pa_laenge-88","10":"pa_sprachniveau-a1","11":"pa_sprachniveau-a1-a2","12":"pa_sprachniveau-a2","13":"pa_sprachniveau-a2-b1","14":"pa_sprachniveau-b1","16":"first","17":"instock","18":"downloadable","19":"virtual","20":"purchasable","21":"product-type-simple"},"acf":[],"_links":{"self":[{"href":"https:\/\/audioacademyeu.eu\/de\/wp-json\/wp\/v2\/product\/439","targetHints":{"allow":["GET"]}}],"collection":[{"href":"https:\/\/audioacademyeu.eu\/de\/wp-json\/wp\/v2\/product"}],"about":[{"href":"https:\/\/audioacademyeu.eu\/de\/wp-json\/wp\/v2\/types\/product"}],"replies":[{"embeddable":true,"href":"https:\/\/audioacademyeu.eu\/de\/wp-json\/wp\/v2\/comments?post=439"}],"wp:featuredmedia":[{"embeddable":true,"href":"https:\/\/audioacademyeu.eu\/de\/wp-json\/wp\/v2\/media\/440"}],"wp:attachment":[{"href":"https:\/\/audioacademyeu.eu\/de\/wp-json\/wp\/v2\/media?parent=439"}],"wp:term":[{"taxonomy":"product_brand","embeddable":true,"href":"https:\/\/audioacademyeu.eu\/de\/wp-json\/wp\/v2\/product_brand?post=439"},{"taxonomy":"product_cat","embeddable":true,"href":"https:\/\/audioacademyeu.eu\/de\/wp-json\/wp\/v2\/product_cat?post=439"},{"taxonomy":"product_tag","embeddable":true,"href":"https:\/\/audioacademyeu.eu\/de\/wp-json\/wp\/v2\/product_tag?post=439"}],"curies":[{"name":"wp","href":"https:\/\/api.w.org\/{rel}","templated":true}]}}