
{"id":432,"date":"2023-05-30T21:59:56","date_gmt":"2023-05-30T19:59:56","guid":{"rendered":"https:\/\/audioacademyeu.eu\/de\/?post_type=product&#038;p=432"},"modified":"2025-06-17T20:00:45","modified_gmt":"2025-06-17T18:00:45","slug":"vorteilspaket-englisch-fuer-anfaenger","status":"publish","type":"product","link":"https:\/\/audioacademyeu.eu\/de\/item\/vorteilspaket-englisch-fuer-anfaenger\/","title":{"rendered":"Vorteilspaket &#8211;  Englisch f\u00fcr Anf\u00e4nger"},"content":{"rendered":"<ul>\n<li><strong>Englisch f\u00fcr den Urlaub A1-B1<\/strong> &#8211;\u00a0Der Kurs Englisch f\u00fcr den Urlaub A1-B1 richtet sich an Anf\u00e4nger und leicht Fortgeschrittene und konzentriert sich auf W\u00f6rter und Redewendungen, die Sie auf Reisen und insbesondere im Urlaub verwenden k\u00f6nnen.<\/li>\n<li>\n<div><strong>Englisch Wortschatz f\u00fcr die Anf\u00e4nger A1,A2<\/strong> &#8211; Der Kurs Englisch \u2013 Wortschatz f\u00fcr die Anf\u00e4nger A1,A2 richtet sich an absolute und an \u201efalsche\u201c Anf\u00e4nger. Wenn Sie also schon vor einiger Zeit mit dem Englisch lernen angefangen haben und nun die Grundlagen auffrischen m\u00f6chten, ist dieser Kurs genau das Richtige f\u00fcr Sie.<\/div>\n<\/li>\n<li>\n<div><strong>English f\u00fcr die Arbeit A1-B1<\/strong> &#8211;\u00a0Der Kurs English f\u00fcr die Arbeit A1-B1 ist f\u00fcr Anf\u00e4nger bis leicht Fortgeschrittene konzipiert und konzentriert sich auf einen Wortschatz, den Sie bei der Arbeit und bei Gesch\u00e4ftskontakten mit ausl\u00e4ndischen Partnern verwenden k\u00f6nnen.<\/div>\n<\/li>\n<\/ul>\n<div><\/div>\n","protected":false},"excerpt":{"rendered":"<div>\n<div>Vorteilspaket &#8211; \u00a0Englisch f\u00fcr Anf\u00e4nger &#8211; Englisch f\u00fcr den Urlaub A1-B1, Englisch Wortschatz f\u00fcr die Anf\u00e4nger A1,A2, English f\u00fcr die Arbeit A1-B1<\/div>\n<\/div>\n","protected":false},"featured_media":433,"comment_status":"open","ping_status":"closed","template":"","meta":{"_acf_changed":true,"inline_featured_image":false,"_sitemap_exclude":false,"_sitemap_priority":"","_sitemap_frequency":""},"product_brand":[],"product_cat":[95,44],"product_tag":[],"class_list":{"0":"post-432","1":"product","2":"type-product","3":"status-publish","4":"has-post-thumbnail","6":"product_cat-englisch-vorteilhaftes-paket","7":"product_cat-vorteilhaftes-paket","8":"pa_format-mp3","9":"pa_laenge-85","10":"pa_sprachniveau-a1","11":"pa_sprachniveau-a1-a2","12":"pa_sprachniveau-a2","13":"pa_sprachniveau-a2-b1","14":"pa_sprachniveau-b1","16":"first","17":"instock","18":"downloadable","19":"virtual","20":"purchasable","21":"product-type-simple"},"acf":[],"_links":{"self":[{"href":"https:\/\/audioacademyeu.eu\/de\/wp-json\/wp\/v2\/product\/432","targetHints":{"allow":["GET"]}}],"collection":[{"href":"https:\/\/audioacademyeu.eu\/de\/wp-json\/wp\/v2\/product"}],"about":[{"href":"https:\/\/audioacademyeu.eu\/de\/wp-json\/wp\/v2\/types\/product"}],"replies":[{"embeddable":true,"href":"https:\/\/audioacademyeu.eu\/de\/wp-json\/wp\/v2\/comments?post=432"}],"wp:featuredmedia":[{"embeddable":true,"href":"https:\/\/audioacademyeu.eu\/de\/wp-json\/wp\/v2\/media\/433"}],"wp:attachment":[{"href":"https:\/\/audioacademyeu.eu\/de\/wp-json\/wp\/v2\/media?parent=432"}],"wp:term":[{"taxonomy":"product_brand","embeddable":true,"href":"https:\/\/audioacademyeu.eu\/de\/wp-json\/wp\/v2\/product_brand?post=432"},{"taxonomy":"product_cat","embeddable":true,"href":"https:\/\/audioacademyeu.eu\/de\/wp-json\/wp\/v2\/product_cat?post=432"},{"taxonomy":"product_tag","embeddable":true,"href":"https:\/\/audioacademyeu.eu\/de\/wp-json\/wp\/v2\/product_tag?post=432"}],"curies":[{"name":"wp","href":"https:\/\/api.w.org\/{rel}","templated":true}]}}