
{"id":351,"date":"2022-12-13T07:09:49","date_gmt":"2022-12-13T06:09:49","guid":{"rendered":"https:\/\/audioacademyeu.eu\/de\/?post_type=product&#038;p=351"},"modified":"2024-06-26T07:24:16","modified_gmt":"2024-06-26T05:24:16","slug":"spanisch_wortschatz-b2","status":"publish","type":"product","link":"https:\/\/audioacademyeu.eu\/de\/item\/spanisch_wortschatz-b2\/","title":{"rendered":"Spanisch &#8211; Wortschatz B2"},"content":{"rendered":"<p>Der Kurs Spanisch-Wortschatz f\u00fcr die Mittelstufe B2 richtet sich an fortgeschrittene Lerner, die bereits drei oder vier Jahre \u201aSpanisch gelernt haben und die eine fast flie\u00dfende Kommunikationn beherrschen sollten.<\/p>\n<p>Der Kurs basiert auf das kontextuelle Lernen, das hei\u00dft, Sie lernen nicht nur W\u00f6rter, sondern auch S\u00e4tze, in denen Sie die gelernten W\u00f6rter anwenden k\u00f6nnen. In diesem Kurs finden Sie insgesamt 1.400 W\u00f6rter und \u00dcbungss\u00e4tze.<\/p>\n<p>Die einzelnen Lektionen sind nach Themen gegliedert und enthalten jeweils eine unterschiedliche Anzahl von W\u00f6rtern und S\u00e4tzen. Das Sprachniveau B2 ist ein mittleres Sprachniveau, so dass der gr\u00f6\u00dfte Teil des Kurses Themen wie Arbeit, Eigenschaften und Aktivit\u00e4ten gewidmet ist, w\u00e4hrend die\u00a0 Themen Reisen, Freizeit und Familie in einem geringeren Umfang behandelt werden, da sie in den vorangegangenen Teilen des Kurses schon st\u00e4rker behandelt wurden. In den letzten beiden Lektionen finden Sie auch eine gro\u00dfe \u00dcbersicht der unregelm\u00e4\u00dfigen Verben<\/p>\n<p>Wie kann man am besten mit dem Kurs arbeiten? W\u00e4hlen Sie die Lektion aus, mit der Sie beginnen m\u00f6chten. Jede Lektion enth\u00e4lt sechs Tracks. Machen Sie sich zun\u00e4chst in jeder Lektion mit den Vokabeln selbst vertraut (Track 1 und 2). Als n\u00e4chstes folgt ein Wort aus dem Wortschatz, gefolgt von einem Beispielsatz, wiederum in beiden \u00dcbersetzungsvarianten (Track 3 und 4).\u00a0 Sie gehen dann zu vollst\u00e4ndigen S\u00e4tzen \u00fcber (Track 5 und 6). Wenn Sie das \u00dcbersetzen von S\u00e4tzen aus dem Deutschen ins Spanische (Track 6) beherrschen, bevor die spanische \u00dcbersetzung erscheint, haben Sie gewonnen. Die W\u00f6rter allein werden Ihnen dabei helfen, die Bedeutung zu verstehen, aber durch die Verwendung der beherrschten vollst\u00e4ndigen S\u00e4tze werden Sie viel besser kommunizieren.<\/p>\n<p>In den Skripten zu dem Audiokurs finden Sie nicht nur n\u00fctzliche Tipps, wie Sie Ihr Lernen effektiver gestalten k\u00f6nnen, sondern auch einen Unterrichtsplan, um Ihre Fortschritte zu dokumentieren, eine Liste mit H\u00f6rbeispielen (falls Sie etwas nicht verstehen) und doppelseitige Lernkarten, damit Sie auch dann lernen und wiederholen k\u00f6nnen, wenn Sie nicht zuh\u00f6ren k\u00f6nnen. F\u00fcr diejenigen, die sich selbst testen m\u00f6chten, gibt es in jeder Lektion einen \u00dcbersetzungstest mit einem Schl\u00fcssel, der die richtigen Antworten enth\u00e4lt.<\/p>\n<ul>\n<li>Lektion 01 &#8211; Aktivit\u00e4ten 01<\/li>\n<li>Lektion 02 &#8211; Aktivit\u00e4ten 02<\/li>\n<li>Lektion 03 &#8211; Reisen<\/li>\n<li>Lektion 04 &#8211; Kommunikation<\/li>\n<li>Lektion 05 &#8211; Arbeit<\/li>\n<li>Lektion 06 &#8211; Gesellschaft<\/li>\n<li>Lektion 07 &#8211; K\u00f6rper<\/li>\n<li>Lektion 08 &#8211; Eigenschaften<\/li>\n<li>Lektion 09 &#8211; Freizeit<\/li>\n<li>Lektion 10 &#8211; Unregelm\u00e4\u00dfige Verben 01<\/li>\n<li>Lektion 11 &#8211; Unregelm\u00e4\u00dfige Verben 02<\/li>\n<\/ul>\n","protected":false},"excerpt":{"rendered":"<p>Der Kurs Spanisch-Wortschatz f\u00fcr die Mittelstufe B2 richtet sich an fortgeschrittene Lerner, die bereits drei oder vier Jahre \u201aSpanisch gelernt haben und die eine fast flie\u00dfende Kommunikationn beherrschen sollten.<\/p>\n","protected":false},"featured_media":354,"comment_status":"open","ping_status":"closed","template":"","meta":{"_acf_changed":false,"inline_featured_image":false,"_sitemap_exclude":false,"_sitemap_priority":"","_sitemap_frequency":""},"product_brand":[],"product_cat":[58,57],"product_tag":[],"class_list":{"0":"post-351","1":"product","2":"type-product","3":"status-publish","4":"has-post-thumbnail","6":"product_cat-allgemeines-spanisch","7":"product_cat-spanisch","8":"pa_format-mp3","9":"pa_laenge-66","10":"pa_sprachniveau-b1-b2","11":"pa_sprachniveau-b2","12":"pa_sprachniveau-b2-c1","14":"first","15":"instock","16":"downloadable","17":"virtual","18":"purchasable","19":"product-type-simple"},"acf":[],"_links":{"self":[{"href":"https:\/\/audioacademyeu.eu\/de\/wp-json\/wp\/v2\/product\/351","targetHints":{"allow":["GET"]}}],"collection":[{"href":"https:\/\/audioacademyeu.eu\/de\/wp-json\/wp\/v2\/product"}],"about":[{"href":"https:\/\/audioacademyeu.eu\/de\/wp-json\/wp\/v2\/types\/product"}],"replies":[{"embeddable":true,"href":"https:\/\/audioacademyeu.eu\/de\/wp-json\/wp\/v2\/comments?post=351"}],"wp:featuredmedia":[{"embeddable":true,"href":"https:\/\/audioacademyeu.eu\/de\/wp-json\/wp\/v2\/media\/354"}],"wp:attachment":[{"href":"https:\/\/audioacademyeu.eu\/de\/wp-json\/wp\/v2\/media?parent=351"}],"wp:term":[{"taxonomy":"product_brand","embeddable":true,"href":"https:\/\/audioacademyeu.eu\/de\/wp-json\/wp\/v2\/product_brand?post=351"},{"taxonomy":"product_cat","embeddable":true,"href":"https:\/\/audioacademyeu.eu\/de\/wp-json\/wp\/v2\/product_cat?post=351"},{"taxonomy":"product_tag","embeddable":true,"href":"https:\/\/audioacademyeu.eu\/de\/wp-json\/wp\/v2\/product_tag?post=351"}],"curies":[{"name":"wp","href":"https:\/\/api.w.org\/{rel}","templated":true}]}}