
{"id":35,"date":"2022-07-26T22:03:54","date_gmt":"2022-07-26T20:03:54","guid":{"rendered":"https:\/\/audioacademyeu.eu\/de\/?post_type=product&#038;p=35"},"modified":"2023-08-05T21:54:17","modified_gmt":"2023-08-05T19:54:17","slug":"englisch-wortschatz-fuer-die-mittelstufe-b1-teil-01","status":"publish","type":"product","link":"https:\/\/audioacademyeu.eu\/de\/item\/englisch-wortschatz-fuer-die-mittelstufe-b1-teil-01\/","title":{"rendered":"Englisch Wortschatz f\u00fcr die Mittelstufe  B1 &#8211; Teil 01"},"content":{"rendered":"<p>Der Kurs Englisch \u2013 Wortschatz f\u00fcr die Mittelstufe \u00a0B1_Teil 01 richtet sich an leicht-fortgeschrittene Lerner, die bereits ein oder zwei Jahre Englisch gelernt haben und die Grundlagen beherrschen sollten.<\/p>\n<p>Der Kurs basiert auf das kontextuelle Lernen, das hei\u00dft, Sie lernen nicht nur W\u00f6rter, sondern auch S\u00e4tze, in denen Sie die gelernten W\u00f6rter anwenden k\u00f6nnen. Aufgrund seines Umfangs ist der Kurs in zwei Teile gegliedert. Sie lesen jetzt die Einleitung zum ersten Teil. Insgesamt finden Sie 1600 Vokabeln und \u00dcbungss\u00e4tze in diesem Kurs<\/p>\n<p>Die einzelnen Lektionen sind nach Themen gegliedert und enthalten jeweils eine unterschiedliche Anzahl von W\u00f6rtern und S\u00e4tzen. Das Sprachniveau B1 ist ein mittleres Sprachniveau, d. h. der gr\u00f6\u00dfte Teil des Kurses ist Themen wie Arbeit, Eigenschaften und Aktivit\u00e4ten gewidmet, w\u00e4hrend z.B. die Themen Reisen, Freizeit und Familie in geringerem Umfang behandelt werden, da sie bereits im vorangegangenen Teil des Kurses einen gr\u00f6\u00dferen Raum eingenommen haben<\/p>\n<p>Wie kann man am besten mit dem Kurs arbeiten? W\u00e4hlen Sie die Lektion aus, mit der Sie beginnen m\u00f6chten. Jede Lektion enth\u00e4lt sechs Tracks. Machen Sie sich zun\u00e4chst in jeder Lektion mit den Vokabeln selbst vertraut (Track 1 und 2). Als n\u00e4chstes folgt ein Wort aus dem Wortschatz, gefolgt von einem Beispielsatz, wiederum in beiden \u00dcbersetzungsvarianten (Track 3 und 4).\u00a0 Sie gehen dann zu vollst\u00e4ndigen S\u00e4tzen \u00fcber (Track 5 und 6). Wenn Sie das \u00dcbersetzen von S\u00e4tzen aus dem Deutschen ins Englische (Track 6) beherrschen, bevor die englische \u00dcbersetzung erscheint, haben Sie gewonnen. Die W\u00f6rter allein werden Ihnen dabei helfen, die Bedeutung zu verstehen, aber durch die Verwendung der beherrschten vollst\u00e4ndigen S\u00e4tze werden Sie viel besser kommunizieren<\/p>\n<p>In den Skripten finden Sie nicht nur n\u00fctzliche Tipps, wie Sie Ihr Lernen effektiver gestalten k\u00f6nnen, sondern auch einen Unterrichtsplan, um Ihre Fortschritte zu dokumentieren, eine Liste mit H\u00f6rbeispielen (falls Sie etwas nicht verstehen) und doppelseitige Lernkarten, damit Sie auch dann lernen und wiederholen k\u00f6nnen, wenn Sie nicht zuh\u00f6ren k\u00f6nnen. F\u00fcr diejenigen, die sich selbst testen m\u00f6chten, gibt es in jeder Lektion einen \u00dcbersetzungstest mit einem Schl\u00fcssel, der die richtigen Antworten enth\u00e4lt.<\/p>\n<ul>\n<li>Lektion 01 &#8211; Aktivit\u00e4ten 01<\/li>\n<li>Lektion 02 &#8211; Aktivit\u00e4ten 02<\/li>\n<li>Lektion 03 &#8211; Wohnen<\/li>\n<li>Lektion 04 &#8211; Reisen 01<\/li>\n<li>Lektion 05 &#8211; Reisen 02<\/li>\n<li>Lektion 06 &#8211; Tag<\/li>\n<li>Lektion 07 &#8211; Essen<\/li>\n<li>Lektion 08 &#8211; Kommunikation 01<\/li>\n<li>Lektion 09 &#8211; Kommunikation 02<\/li>\n<li>Lektion 10 &#8211; Kommunikation 03<\/li>\n<li>Lektion 11 &#8211; Stadt<\/li>\n<\/ul>\n","protected":false},"excerpt":{"rendered":"<p>Der Kurs Englisch \u2013 Wortschatz f\u00fcr die Mittelstufe \u00a0B1_Teil 01 richtet sich an leicht-fortgeschrittene Lerner, die bereits ein oder zwei Jahre Englisch gelernt haben und die Grundlagen beherrschen sollten.<\/p>\n","protected":false},"featured_media":39,"comment_status":"open","ping_status":"closed","template":"","meta":{"_acf_changed":false,"inline_featured_image":false,"_sitemap_exclude":false,"_sitemap_priority":"","_sitemap_frequency":""},"product_brand":[],"product_cat":[41,28],"product_tag":[],"class_list":{"0":"post-35","1":"product","2":"type-product","3":"status-publish","4":"has-post-thumbnail","6":"product_cat-englisch","7":"product_cat-allgemeines-englisch","8":"pa_format-mp3","9":"pa_laenge-30","10":"pa_sprachniveau-b1","11":"pa_sprachniveau-b1-b2","12":"pa_sprachniveau-b2","14":"first","15":"instock","16":"downloadable","17":"virtual","18":"purchasable","19":"product-type-simple"},"acf":[],"_links":{"self":[{"href":"https:\/\/audioacademyeu.eu\/de\/wp-json\/wp\/v2\/product\/35","targetHints":{"allow":["GET"]}}],"collection":[{"href":"https:\/\/audioacademyeu.eu\/de\/wp-json\/wp\/v2\/product"}],"about":[{"href":"https:\/\/audioacademyeu.eu\/de\/wp-json\/wp\/v2\/types\/product"}],"replies":[{"embeddable":true,"href":"https:\/\/audioacademyeu.eu\/de\/wp-json\/wp\/v2\/comments?post=35"}],"wp:featuredmedia":[{"embeddable":true,"href":"https:\/\/audioacademyeu.eu\/de\/wp-json\/wp\/v2\/media\/39"}],"wp:attachment":[{"href":"https:\/\/audioacademyeu.eu\/de\/wp-json\/wp\/v2\/media?parent=35"}],"wp:term":[{"taxonomy":"product_brand","embeddable":true,"href":"https:\/\/audioacademyeu.eu\/de\/wp-json\/wp\/v2\/product_brand?post=35"},{"taxonomy":"product_cat","embeddable":true,"href":"https:\/\/audioacademyeu.eu\/de\/wp-json\/wp\/v2\/product_cat?post=35"},{"taxonomy":"product_tag","embeddable":true,"href":"https:\/\/audioacademyeu.eu\/de\/wp-json\/wp\/v2\/product_tag?post=35"}],"curies":[{"name":"wp","href":"https:\/\/api.w.org\/{rel}","templated":true}]}}