
{"id":346,"date":"2022-12-13T07:05:26","date_gmt":"2022-12-13T06:05:26","guid":{"rendered":"https:\/\/audioacademyeu.eu\/de\/?post_type=product&#038;p=346"},"modified":"2024-10-24T19:23:45","modified_gmt":"2024-10-24T17:23:45","slug":"spanisch-wortschatz-fuer-die-anfaenger-a1a2","status":"publish","type":"product","link":"https:\/\/audioacademyeu.eu\/de\/item\/spanisch-wortschatz-fuer-die-anfaenger-a1a2\/","title":{"rendered":"Spanisch \u2013 Wortschatz f\u00fcr die Anf\u00e4nger A1,A2"},"content":{"rendered":"<p>Der Kurs Spanisch\u2013 Wortschatz f\u00fcr die Anf\u00e4nger A1,A2 richtet sich an absolute und an \u201efalsche\u201c Anf\u00e4nger. Wenn Sie also schon vor einiger Zeit mit dem Spanisch lernen angefangen haben und nun die Grundlagen auffrischen m\u00f6chten, ist dieser Kurs genau das Richtige f\u00fcr Sie<\/p>\n<p>Der Kurs basiert auf das kontextuelle Lernen, das hei\u00dft, Sie lernen nicht nur W\u00f6rter, sondern auch S\u00e4tze, in denen Sie die gelernten W\u00f6rter anwenden k\u00f6nnen. In diesem Kurs finden Sie insgesamt 2.500 Vokabeln und \u00dcbungss\u00e4tze.<\/p>\n<p>Die einzelnen Lektionen sind nach Themen gegliedert und enthalten jeweils eine unterschiedliche Anzahl von W\u00f6rtern und S\u00e4tzen. Die Niveaustufen A1 und A2 sind f\u00fcr Anf\u00e4nger erstellt, d. h. der gr\u00f6\u00dfte Teil des Lernstoffs umfasst Grundlagen und Themen wie Reisen, Freizeit und Familie, deren Vokabeln und g\u00e4ngigen Redewendungen Ihnen dabei helfen werden, ein Grundverst\u00e4ndnis f\u00fcr Reisen und die allgemeine Kommunikation mit spanisch sprachigen Menschen zu erlangen<\/p>\n<p>Wie kann man am besten mit dem Kurs arbeiten? W\u00e4hlen Sie die Lektion aus, mit der Sie beginnen m\u00f6chten. Jede Lektion enth\u00e4lt sechs Tracks. Machen Sie sich zun\u00e4chst in jeder Lektion mit den Vokabeln selbst vertraut (Track 1 und 2). Als n\u00e4chstes folgt ein Wort aus dem Wortschatz, gefolgt von einem Beispielsatz, wiederum in beiden \u00dcbersetzungsvarianten (Track 3 und 4).\u00a0 Sie gehen dann zu vollst\u00e4ndigen S\u00e4tzen \u00fcber (Track 5 und 6). Wenn Sie das \u00dcbersetzen von S\u00e4tzen aus dem Deutschen ins Spanische (Track 6) beherrschen, bevor die spanische \u00dcbersetzung erscheint, haben Sie gewonnen. Die W\u00f6rter allein werden Ihnen dabei helfen, die Bedeutung zu verstehen, aber durch die Verwendung der beherrschten vollst\u00e4ndigen S\u00e4tze werden Sie viel besser kommunizieren.<\/p>\n<p>In den Skripten zu dem Audiokurs finden Sie nicht nur n\u00fctzliche Tipps, wie Sie Ihr Lernen effektiver gestalten k\u00f6nnen, sondern auch einen Unterrichtsplan, um Ihre Fortschritte zu dokumentieren, eine Liste mit H\u00f6rbeispielen (falls Sie etwas nicht verstehen) und doppelseitige Lernkarten, damit Sie auch dann lernen und wiederholen k\u00f6nnen, wenn Sie nicht zuh\u00f6ren k\u00f6nnen. F\u00fcr diejenigen, die sich selbst testen m\u00f6chten, gibt es in jeder Lektion einen \u00dcbersetzungstest mit einem Schl\u00fcssel, der die richtigen Antworten enth\u00e4lt.<\/p>\n<ul>\n<li>Lektion 01 &#8211; Wohnen<\/li>\n<li>Lektion 02 &#8211; Reisen<\/li>\n<li>Lektion 03 &#8211; Zeit<\/li>\n<li>Lektion 04 &#8211; Ziffern<\/li>\n<li>Lektion 05 &#8211; Hotel, Restaurant<\/li>\n<li>Lektion 06 &#8211; Essen<\/li>\n<li>Lektion 07 &#8211; Kommunikation_01<\/li>\n<li>Lektion 08 &#8211; Kommunikation_02<\/li>\n<li>Lektion 09 &#8211; Stadt<\/li>\n<li>Lektion 10 &#8211; Einkaufen<\/li>\n<li>Lektion 11 &#8211; Gr\u00fc\u00dfe<\/li>\n<li>Lektion 12 &#8211; Arbeit _Teil_01<\/li>\n<li>Lektion 13 &#8211; Arbeit_02<\/li>\n<li>Lektion 14 &#8211; Natur<\/li>\n<li>Lektion 15 &#8211; Familie<\/li>\n<li>Lektion 16 &#8211; Gesellschaft<\/li>\n<li>Lektion 17 &#8211; Eigenschaften<\/li>\n<li>Lektion 18 &#8211; Freizeit<\/li>\n<li>Lektion 19 &#8211; Grundlagen<\/li>\n<\/ul>\n","protected":false},"excerpt":{"rendered":"<p>Der Kurs Spanisch\u2013 Wortschatz f\u00fcr die Anf\u00e4nger A1,A2 richtet sich an absolute und an \u201efalsche\u201c Anf\u00e4nger. Wenn Sie also schon vor einiger Zeit mit dem Spanisch lernen angefangen haben und nun die Grundlagen auffrischen m\u00f6chten, ist dieser Kurs genau das Richtige f\u00fcr Sie<\/p>\n","protected":false},"featured_media":350,"comment_status":"open","ping_status":"closed","template":"","meta":{"_acf_changed":false,"inline_featured_image":false,"_sitemap_exclude":false,"_sitemap_priority":"","_sitemap_frequency":""},"product_brand":[],"product_cat":[58,57],"product_tag":[],"class_list":{"0":"post-346","1":"product","2":"type-product","3":"status-publish","4":"has-post-thumbnail","6":"product_cat-allgemeines-spanisch","7":"product_cat-spanisch","8":"pa_format-mp3","9":"pa_laenge-65","10":"pa_sprachniveau-a1","11":"pa_sprachniveau-a1-a2","12":"pa_sprachniveau-a2","13":"pa_sprachniveau-a2-b1","15":"first","16":"instock","17":"downloadable","18":"virtual","19":"purchasable","20":"product-type-simple"},"acf":[],"_links":{"self":[{"href":"https:\/\/audioacademyeu.eu\/de\/wp-json\/wp\/v2\/product\/346","targetHints":{"allow":["GET"]}}],"collection":[{"href":"https:\/\/audioacademyeu.eu\/de\/wp-json\/wp\/v2\/product"}],"about":[{"href":"https:\/\/audioacademyeu.eu\/de\/wp-json\/wp\/v2\/types\/product"}],"replies":[{"embeddable":true,"href":"https:\/\/audioacademyeu.eu\/de\/wp-json\/wp\/v2\/comments?post=346"}],"wp:featuredmedia":[{"embeddable":true,"href":"https:\/\/audioacademyeu.eu\/de\/wp-json\/wp\/v2\/media\/350"}],"wp:attachment":[{"href":"https:\/\/audioacademyeu.eu\/de\/wp-json\/wp\/v2\/media?parent=346"}],"wp:term":[{"taxonomy":"product_brand","embeddable":true,"href":"https:\/\/audioacademyeu.eu\/de\/wp-json\/wp\/v2\/product_brand?post=346"},{"taxonomy":"product_cat","embeddable":true,"href":"https:\/\/audioacademyeu.eu\/de\/wp-json\/wp\/v2\/product_cat?post=346"},{"taxonomy":"product_tag","embeddable":true,"href":"https:\/\/audioacademyeu.eu\/de\/wp-json\/wp\/v2\/product_tag?post=346"}],"curies":[{"name":"wp","href":"https:\/\/api.w.org\/{rel}","templated":true}]}}