
{"id":149,"date":"2022-08-03T07:36:49","date_gmt":"2022-08-03T05:36:49","guid":{"rendered":"https:\/\/audioacademyeu.eu\/de\/?post_type=product&#038;p=149"},"modified":"2023-08-05T21:54:35","modified_gmt":"2023-08-05T19:54:35","slug":"englisch-wortschatz-fuer-fortgeschrittene-c1-c2","status":"publish","type":"product","link":"https:\/\/audioacademyeu.eu\/de\/item\/englisch-wortschatz-fuer-fortgeschrittene-c1-c2\/","title":{"rendered":"Englisch &#8211; Wortschatz f\u00fcr Fortgeschrittene C1-C2"},"content":{"rendered":"<p>Der Kurs Englisch &#8211; Wortschatz f\u00fcr Fortgeschrittene C1-C2richtet sich an fortgeschrittene Lerner, die bereits vier oder mehr Jahre Englisch gelernt haben und standardm\u00e4\u00dfig kommunizieren.<\/p>\n<p>Der Kurs basiert auf das kontextuelle Lernen, das hei\u00dft, Sie lernen und wiederholen nicht nur W\u00f6rter, sondern auch S\u00e4tze, in denen Sie die gelernten W\u00f6rter anwenden k\u00f6nnen. In diesem Kurs finden Sie insgesamt 1.800 W\u00f6rter und \u00dcbungss\u00e4tze.<\/p>\n<p>Die einzelnen Lektionen sind nach Themen gegliedert und enthalten jeweils eine unterschiedliche Anzahl von W\u00f6rtern und S\u00e4tzen. Niveau C1, C2 ist die h\u00f6chstm\u00f6gliche Stufe. Der im Kurs enthaltene Wortschatz geh\u00f6rt daher zum fortgeschrittensten Niveau und ist in die Kategorien <strong>Aktivit\u00e4ten, Sprichw\u00f6rter, Substantive<\/strong> und <strong>Adjektive<\/strong> unterteilt. Wenn Sie diese gelernt haben, werden Sie sich nicht nur besser ausdr\u00fccken k\u00f6nnen, sondern auch mehr vom geschriebenen und gesprochenen Wort verstehen.<\/p>\n<p>Wie kann man am besten mit dem Kurs arbeiten? W\u00e4hlen Sie die Lektion aus, mit der Sie beginnen m\u00f6chten. Jede Lektion enth\u00e4lt sechs Tracks. Machen Sie sich zun\u00e4chst in jeder Lektion mit den Vokabeln selbst vertraut (Track 1 und 2). Als n\u00e4chstes folgt ein Wort aus dem Wortschatz, gefolgt von einem Beispielsatz, wiederum in beiden \u00dcbersetzungsvarianten (Track 3 und 4).\u00a0 Sie gehen dann zu vollst\u00e4ndigen S\u00e4tzen \u00fcber (Track 5 und 6). Wenn Sie das \u00dcbersetzen von S\u00e4tzen aus dem Deutschen ins Englische (Track 6) beherrschen, bevor die englische \u00dcbersetzung erscheint, haben Sie gewonnen. Die W\u00f6rter allein werden Ihnen dabei helfen, die Bedeutung zu verstehen, aber durch die Verwendung der beherrschten vollst\u00e4ndigen S\u00e4tze werden Sie viel besser kommunizieren<\/p>\n<p>In den Skripten zu dem Audiokurs finden Sie nicht nur n\u00fctzliche Tipps, wie Sie Ihr Lernen effektiver gestalten k\u00f6nnen, sondern auch einen Unterrichtsplan, um Ihre Fortschritte zu dokumentieren, eine Liste mit H\u00f6rbeispielen (falls Sie etwas nicht verstehen) und doppelseitige Lernkarten, damit Sie auch dann lernen und wiederholen k\u00f6nnen, wenn Sie nicht zuh\u00f6ren k\u00f6nnen. F\u00fcr diejenigen, die sich selbst testen m\u00f6chten, gibt es in jeder Lektion einen \u00dcbersetzungstest mit einem Schl\u00fcssel, der die richtigen Antworten enth\u00e4lt.<\/p>\n","protected":false},"excerpt":{"rendered":"<p>Der Kurs Englisch &#8211; Wortschatz f\u00fcr Fortgeschrittene C1-C2richtet sich an fortgeschrittene Lerner, die bereits vier oder mehr Jahre Englisch gelernt haben und standardm\u00e4\u00dfig kommunizieren.<\/p>\n","protected":false},"featured_media":153,"comment_status":"open","ping_status":"closed","template":"","meta":{"_acf_changed":false,"inline_featured_image":false,"_sitemap_exclude":false,"_sitemap_priority":"","_sitemap_frequency":""},"product_brand":[],"product_cat":[28,41],"product_tag":[],"class_list":{"0":"post-149","1":"product","2":"type-product","3":"status-publish","4":"has-post-thumbnail","6":"product_cat-allgemeines-englisch","7":"product_cat-englisch","8":"pa_format-mp3","9":"pa_laenge-37","10":"pa_sprachniveau-c1","11":"pa_sprachniveau-c1-c2","12":"pa_sprachniveau-c2","14":"first","15":"instock","16":"downloadable","17":"virtual","18":"purchasable","19":"product-type-simple"},"acf":[],"_links":{"self":[{"href":"https:\/\/audioacademyeu.eu\/de\/wp-json\/wp\/v2\/product\/149","targetHints":{"allow":["GET"]}}],"collection":[{"href":"https:\/\/audioacademyeu.eu\/de\/wp-json\/wp\/v2\/product"}],"about":[{"href":"https:\/\/audioacademyeu.eu\/de\/wp-json\/wp\/v2\/types\/product"}],"replies":[{"embeddable":true,"href":"https:\/\/audioacademyeu.eu\/de\/wp-json\/wp\/v2\/comments?post=149"}],"wp:featuredmedia":[{"embeddable":true,"href":"https:\/\/audioacademyeu.eu\/de\/wp-json\/wp\/v2\/media\/153"}],"wp:attachment":[{"href":"https:\/\/audioacademyeu.eu\/de\/wp-json\/wp\/v2\/media?parent=149"}],"wp:term":[{"taxonomy":"product_brand","embeddable":true,"href":"https:\/\/audioacademyeu.eu\/de\/wp-json\/wp\/v2\/product_brand?post=149"},{"taxonomy":"product_cat","embeddable":true,"href":"https:\/\/audioacademyeu.eu\/de\/wp-json\/wp\/v2\/product_cat?post=149"},{"taxonomy":"product_tag","embeddable":true,"href":"https:\/\/audioacademyeu.eu\/de\/wp-json\/wp\/v2\/product_tag?post=149"}],"curies":[{"name":"wp","href":"https:\/\/api.w.org\/{rel}","templated":true}]}}