
{"id":1172,"date":"2026-01-31T19:48:43","date_gmt":"2026-01-31T18:48:43","guid":{"rendered":"https:\/\/audioacademyeu.eu\/de\/?post_type=product&#038;p=1172"},"modified":"2026-01-31T19:49:03","modified_gmt":"2026-01-31T18:49:03","slug":"arabisch-fuer-anfaenger","status":"publish","type":"product","link":"https:\/\/audioacademyeu.eu\/de\/item\/arabisch-fuer-anfaenger\/","title":{"rendered":"Arabisch f\u00fcr Anf\u00e4nger"},"content":{"rendered":"\n<p>Der Kurs Arabisch f\u00fcr Anf\u00e4nger richtet sich an Anf\u00e4nger bis leicht Fortgeschrittene und konzentriert sich auf die Grundlagen der Sprache \u2013 Alphabet, Lesen, Aussprache und insbesondere auf Kommunikationsphrasen und Redewendungen, die Sie bei der Kommunikation mit arabischsprachigen Menschen oder bei einem Besuch in einem der L\u00e4nder, in denen Arabisch gesprochen wird, verwenden k\u00f6nnen.\u00a0<\/p>\n\n\n\n<p>Der Kurs basiert auf das kontextuelle Lernen, das hei\u00dft, Sie lernen nicht nur W\u00f6rter, sondern auch S\u00e4tze, in denen Sie die gelernten W\u00f6rter anwenden k\u00f6nnen. In diesem Kurs finden Sie insgesamt 1.200 W\u00f6rter und \u00dcbungss\u00e4tze<\/p>\n\n\n\n<p>Wie kann man am besten mit dem Kurs arbeiten? Nachdem Sie das Alphabet und die Grundlagen des Lesens beherrschen, fahren Sie mit Lektion 1 bis Lektion 10 fort. Machen Sie sich zun\u00e4chst in jeder Lektion mit den Vokabeln selbst vertraut (Track 1 und 2).&nbsp;<a><\/a>Um die W\u00f6rter besser zu lernen, werden Sie sie zweimal in Arabisch h\u00f6ren.&nbsp;&nbsp;Als n\u00e4chstes folgt ein Wort aus dem Wortschatz, gefolgt von einem Beispielsatz, wiederum in beiden \u00dcbersetzungsvarianten (Track 3 und 4). &nbsp;Sie gehen dann zu vollst\u00e4ndigen S\u00e4tzen \u00fcber (Track 5 und 6).&nbsp;<a><\/a>Die arabischen Satze in Track 5 h\u00f6ren Sie ebenfalls zweimal. Wenn Sie das \u00dcbersetzen von S\u00e4tzen aus dem Deutschen ins Arabische (Track 6) beherrschen, bevor die arabische \u00dcbersetzung erscheint, haben Sie gewonnen. Die W\u00f6rter allein werden Ihnen dabei helfen, die Bedeutung zu verstehen, aber durch die Verwendung der beherrschten vollst\u00e4ndigen S\u00e4tze werden Sie viel besser kommunizieren<\/p>\n\n\n\n<p>In den Skripten&nbsp;zum&nbsp;H\u00f6rkurs&nbsp;finden Sie nicht nur n\u00fctzliche Tipps, wie Sie Ihr Lernen effektiver gestalten k\u00f6nnen, sondern auch einen Unterrichtsplan, um Ihre Fortschritte zu dokumentieren, eine Liste mit H\u00f6rbeispielen (falls Sie etwas nicht verstehen) und doppelseitige Lernkarten, damit Sie auch dann lernen und wiederholen k\u00f6nnen, wenn Sie nicht zuh\u00f6ren k\u00f6nnen. Der Kurs wurde von den Muttersprachlern Souad Kafi und Mohammed Maghoub aufgenommen, die deutsche Sprachausgabe stammt von J\u00f6rg Hochfeld.<\/p>\n\n\n\n<p>F\u00fcr erweitertes Lernen k\u00f6nnen Sie auch die App Audioacademy Interactive verwenden. Darin k\u00f6nnen Sie insbesondere das Modul PLAYER nutzen, in dem Sie die H\u00f6rparameter anpassen und so Vokabeln und S\u00e4tze jedes Mal in einer anderen Reihenfolge anh\u00f6ren k\u00f6nnen, das Modul MEMORIZER, das zum intelligenten Lernen von Vokabeln dient, und das Modul WORTSPIEL, in dem Sie neue Vokabeln und Redewendungen in Form eines Spiels lernen k\u00f6nnen. Ich empfehle diese App sehr, da sie das Erlernen der arabischen Schrift, die Grundlagen des Verst\u00e4ndnisses und das Einpr\u00e4gen neuer W\u00f6rter und Redewendungen erheblich erleichtert.<\/p>\n\n\n\n<ul class=\"wp-block-list\">\n<li>Intro Arabisches Alfabet und Aussprache\u00a0<\/li>\n\n\n\n<li>Lektion 01 \u2013 Begr\u00fc\u00dfungen, Verb SEIN\u00a0<\/li>\n\n\n\n<li>Lektion 02 &#8211; Familie, Verb HABEN 01<\/li>\n\n\n\n<li>Lektion 03 &#8211; Plural, Dual, Zahlen 1-12, Verb HABEN 02<\/li>\n\n\n\n<li>Lektion 04 &#8211; Arbeit, Verben SPRECHEN, ARBEITEN, SCHREIBEN<\/li>\n\n\n\n<li>Lektion 05 &#8211; Wiederholung \u2013 Wir stellen uns vor<\/li>\n\n\n\n<li>Lektion 06 &#8211; Zeit, Wochentage, Zahlen 12-1000, Ordnungszahlen<\/li>\n\n\n\n<li>Lektion 07 &#8211; Essen, im Restaurant<\/li>\n\n\n\n<li>Lektion 08 &#8211; Possessivpronomen<\/li>\n\n\n\n<li>Lektion 09 &#8211; Pr\u00e4positionen, t\u00e4gliche Aktivit\u00e4ten<\/li>\n\n\n\n<li>Lektion 10 &#8211; Eigenschaften<\/li>\n<\/ul>\n","protected":false},"excerpt":{"rendered":"<p>Der Kurs Arabisch f\u00fcr Anf\u00e4nger richtet sich an Anf\u00e4nger bis leicht Fortgeschrittene und konzentriert sich auf die Grundlagen der Sprache \u2013 Alphabet, Lesen, Aussprache und insbesondere auf Kommunikationsphrasen und Redewendungen, die Sie bei der Kommunikation mit arabischsprachigen Menschen oder bei einem Besuch in einem der L\u00e4nder, in denen Arabisch gesprochen wird, verwenden k\u00f6nnen.<\/p>\n","protected":false},"featured_media":1180,"comment_status":"open","ping_status":"closed","template":"","meta":{"_acf_changed":false,"inline_featured_image":false,"_sitemap_exclude":false,"_sitemap_priority":"","_sitemap_frequency":""},"product_brand":[],"product_cat":[328],"product_tag":[],"class_list":{"0":"post-1172","1":"product","2":"type-product","3":"status-publish","4":"has-post-thumbnail","6":"product_cat-arabisch","7":"pa_format-mp3","8":"pa_laenge-329","9":"pa_sprachniveau-a1","10":"pa_sprachniveau-a1-a2","12":"first","13":"instock","14":"downloadable","15":"virtual","16":"purchasable","17":"product-type-simple"},"acf":[],"_links":{"self":[{"href":"https:\/\/audioacademyeu.eu\/de\/wp-json\/wp\/v2\/product\/1172","targetHints":{"allow":["GET"]}}],"collection":[{"href":"https:\/\/audioacademyeu.eu\/de\/wp-json\/wp\/v2\/product"}],"about":[{"href":"https:\/\/audioacademyeu.eu\/de\/wp-json\/wp\/v2\/types\/product"}],"replies":[{"embeddable":true,"href":"https:\/\/audioacademyeu.eu\/de\/wp-json\/wp\/v2\/comments?post=1172"}],"wp:featuredmedia":[{"embeddable":true,"href":"https:\/\/audioacademyeu.eu\/de\/wp-json\/wp\/v2\/media\/1180"}],"wp:attachment":[{"href":"https:\/\/audioacademyeu.eu\/de\/wp-json\/wp\/v2\/media?parent=1172"}],"wp:term":[{"taxonomy":"product_brand","embeddable":true,"href":"https:\/\/audioacademyeu.eu\/de\/wp-json\/wp\/v2\/product_brand?post=1172"},{"taxonomy":"product_cat","embeddable":true,"href":"https:\/\/audioacademyeu.eu\/de\/wp-json\/wp\/v2\/product_cat?post=1172"},{"taxonomy":"product_tag","embeddable":true,"href":"https:\/\/audioacademyeu.eu\/de\/wp-json\/wp\/v2\/product_tag?post=1172"}],"curies":[{"name":"wp","href":"https:\/\/api.w.org\/{rel}","templated":true}]}}