
{"id":1104,"date":"2025-07-21T15:54:23","date_gmt":"2025-07-21T13:54:23","guid":{"rendered":"https:\/\/audioacademyeu.eu\/de\/?post_type=product&#038;p=1104"},"modified":"2025-07-22T16:08:33","modified_gmt":"2025-07-22T14:08:33","slug":"spanische-grammatik-a2-b1-2","status":"publish","type":"product","link":"https:\/\/audioacademyeu.eu\/de\/item\/spanische-grammatik-a2-b1-2\/","title":{"rendered":"Spanische Grammatik A2-B1"},"content":{"rendered":"\n<p>In diesem Kurs Spanische Grammatik A2-B1\u00a0f\u00fcr leicht Fortgeschrittene k\u00f6nnen Sie die Grundlagen der spanischen Sprache wiederholen, aber auch komplexere Themen wie die Vergangenheitsform, den Konjunktiv, die Zukunftsform und die Pronomen vertiefen.\u00a0<\/p>\n\n\n\n<p>Der Kurs basiert auf das kontextuelle Lernen, das hei\u00dft, Sie lernen nicht nur W\u00f6rter, sondern auch S\u00e4tze, in denen Sie die gelernten W\u00f6rter anwenden k\u00f6nnen. In diesem Kurs finden Sie insgesamt 1.600 W\u00f6rter und \u00dcbungss\u00e4tze<\/p>\n\n\n\n<p>In den Skripten zu dem Audiokurs finden Sie nicht nur n\u00fctzliche Tipps, wie Sie Ihr Lernen effektiver gestalten k\u00f6nnen, sondern auch einen Unterrichtsplan, um Ihre Fortschritte zu dokumentieren, eine Liste mit H\u00f6rbeispielen (falls Sie etwas nicht verstehen) und doppelseitige Lernkarten, damit Sie auch dann lernen und wiederholen k\u00f6nnen, wenn Sie nicht zuh\u00f6ren k\u00f6nnen. F\u00fcr diejenigen, die sich selbst testen m\u00f6chten, gibt es in jeder Lektion einen \u00dcbersetzungstest mit einem Schl\u00fcssel, der die richtigen Antworten enth\u00e4lt.<\/p>\n\n\n\n<ul class=\"wp-block-list\">\n<li>Lektion 11 \u2013 Reflexive Verben<\/li>\n\n\n\n<li>Lektion 12 &#8211; Verb ESTAR<\/li>\n\n\n\n<li>Lektion 13 &#8211; Verb HABER<\/li>\n\n\n\n<li>Lektion 14 &#8211; Verb GUSTAR<\/li>\n\n\n\n<li>Lektion 15 &#8211; GERUNDIUM<\/li>\n\n\n\n<li>Lektion 16 \u2013 Befehlmodus_positiver Imperativ<\/li>\n\n\n\n<li>Lektion 17 &#8211; Befehlmodus_negativer Imperativ<\/li>\n\n\n\n<li>Lektion 18 &#8211; Vergangenheitsform_Perfekt<\/li>\n\n\n\n<li>Lektion 19 &#8211; Vergangenheitsform Prateritum<\/li>\n\n\n\n<li>Lektion 20 &#8211; Zukunftszeit.<\/li>\n<\/ul>\n\n\n\n<p>Die Nutzer haben Zugang zur interaktiven Version des Kurses in der interaktiven Lernumgebung Audioacademy. Weitere Informationen finden Sie unter www.audioacademyeu.eu.<\/p>\n","protected":false},"excerpt":{"rendered":"<p>In diesem Kurs Spanische Grammatik A2-B1\u00a0f\u00fcr leicht Fortgeschrittene k\u00f6nnen Sie die Grundlagen der spanischen Sprache wiederholen, aber auch komplexere Themen wie die Vergangenheitsform, den Konjunktiv, die Zukunftsform und die Pronomen vertiefen.\u00a0 Der Kurs basiert auf das kontextuelle Lernen, das hei\u00dft, Sie lernen nicht nur W\u00f6rter, sondern auch S\u00e4tze, in denen Sie die gelernten W\u00f6rter anwenden [&hellip;]<\/p>\n","protected":false},"featured_media":1110,"comment_status":"open","ping_status":"closed","template":"","meta":{"_acf_changed":false,"inline_featured_image":false,"_sitemap_exclude":false,"_sitemap_priority":"","_sitemap_frequency":""},"product_brand":[],"product_cat":[58,57],"product_tag":[],"class_list":{"0":"post-1104","1":"product","2":"type-product","3":"status-publish","4":"has-post-thumbnail","6":"product_cat-allgemeines-spanisch","7":"product_cat-spanisch","8":"pa_format-mp3","9":"pa_laenge-327","10":"pa_sprachniveau-a1-a2","11":"pa_sprachniveau-a2","12":"pa_sprachniveau-a2-b1","13":"pa_sprachniveau-b1","14":"pa_sprachniveau-b1-b2","16":"first","17":"instock","18":"downloadable","19":"virtual","20":"purchasable","21":"product-type-simple"},"acf":[],"_links":{"self":[{"href":"https:\/\/audioacademyeu.eu\/de\/wp-json\/wp\/v2\/product\/1104","targetHints":{"allow":["GET"]}}],"collection":[{"href":"https:\/\/audioacademyeu.eu\/de\/wp-json\/wp\/v2\/product"}],"about":[{"href":"https:\/\/audioacademyeu.eu\/de\/wp-json\/wp\/v2\/types\/product"}],"replies":[{"embeddable":true,"href":"https:\/\/audioacademyeu.eu\/de\/wp-json\/wp\/v2\/comments?post=1104"}],"wp:featuredmedia":[{"embeddable":true,"href":"https:\/\/audioacademyeu.eu\/de\/wp-json\/wp\/v2\/media\/1110"}],"wp:attachment":[{"href":"https:\/\/audioacademyeu.eu\/de\/wp-json\/wp\/v2\/media?parent=1104"}],"wp:term":[{"taxonomy":"product_brand","embeddable":true,"href":"https:\/\/audioacademyeu.eu\/de\/wp-json\/wp\/v2\/product_brand?post=1104"},{"taxonomy":"product_cat","embeddable":true,"href":"https:\/\/audioacademyeu.eu\/de\/wp-json\/wp\/v2\/product_cat?post=1104"},{"taxonomy":"product_tag","embeddable":true,"href":"https:\/\/audioacademyeu.eu\/de\/wp-json\/wp\/v2\/product_tag?post=1104"}],"curies":[{"name":"wp","href":"https:\/\/api.w.org\/{rel}","templated":true}]}}