
{"id":1103,"date":"2025-07-21T15:49:59","date_gmt":"2025-07-21T13:49:59","guid":{"rendered":"https:\/\/audioacademyeu.eu\/de\/?post_type=product&#038;p=1103"},"modified":"2025-07-22T16:08:51","modified_gmt":"2025-07-22T14:08:51","slug":"spanische-grammatik-a2-b1","status":"publish","type":"product","link":"https:\/\/audioacademyeu.eu\/de\/item\/spanische-grammatik-a2-b1\/","title":{"rendered":"Spanische Grammatik A1-A2"},"content":{"rendered":"\n<p>In diesem Kurs Spanische Grammatik A1-A2 f\u00fcr Anf\u00e4nger und leicht Fortgeschrittene lernen Sie die Grundlagen der spanischen Sprache, von der Aussprache, den Artikeln, den gebr\u00e4uchlichen Verben und Pr\u00e4positionen bis hin zu den grundlegenden Redewendungen.<\/p>\n\n\n\n<p>Der Kurs basiert auf das kontextuelle Lernen, das hei\u00dft, Sie lernen nicht nur W\u00f6rter, sondern auch S\u00e4tze, in denen Sie die gelernten W\u00f6rter anwenden k\u00f6nnen. In diesem Kurs finden Sie insgesamt 1.700 W\u00f6rter und \u00dcbungss\u00e4tze <\/p>\n\n\n\n<p>In den Skripten zu dem Audiokurs finden Sie nicht nur n\u00fctzliche Tipps, wie Sie Ihr Lernen effektiver gestalten k\u00f6nnen, sondern auch einen Unterrichtsplan, um Ihre Fortschritte zu dokumentieren, eine Liste mit H\u00f6rbeispielen (falls Sie etwas nicht verstehen) und doppelseitige Lernkarten, damit Sie auch dann lernen und wiederholen k\u00f6nnen, wenn Sie nicht zuh\u00f6ren k\u00f6nnen. F\u00fcr diejenigen, die sich selbst testen m\u00f6chten, gibt es in jeder Lektion einen \u00dcbersetzungstest mit einem Schl\u00fcssel, der die richtigen Antworten enth\u00e4lt.<\/p>\n\n\n\n<ul class=\"wp-block-list\">\n<li>Minikurs &#8211; spanische Aussprache <\/li>\n\n\n\n<li>Lektion 01 &#8211; Verb SER_bestimmter und unbestimmter Artikel<\/li>\n\n\n\n<li>Lektion 02 &#8211; Adjektive_das Verb TENER<\/li>\n\n\n\n<li>Lektion 03 -Indikativpronomen<\/li>\n\n\n\n<li>Lektion 04 \u2013Verben mit der Endung -ar<\/li>\n\n\n\n<li>Lektion 05 &#8211; Verben mit der Endung -er, -ir<\/li>\n\n\n\n<li>Lektion 06_Unregelm\u00e4ssige Verben<\/li>\n\n\n\n<li>Lektion 07 &#8211; Verben mit _-zc_-ue_Wechsel<\/li>\n\n\n\n<li>Lektion 08 &#8211; Verben mit -ie Wechsel<\/li>\n\n\n\n<li>Lektion 09 \u2013Modalverben<\/li>\n\n\n\n<li>Lektion 10 -Pronomen im dritten und vierten Fall<\/li>\n<\/ul>\n\n\n\n<p>Die Nutzer haben Zugang zur interaktiven Version des Kurses in der interaktiven Lernumgebung Audioacademy. Weitere Informationen finden Sie unter www.audioacademyeu.eu.<\/p>\n\n\n\n<p><\/p>\n","protected":false},"excerpt":{"rendered":"<p>In diesem Kurs Spanische Grammatik A1-A2 f\u00fcr Anf\u00e4nger und leicht Fortgeschrittene lernen Sie die Grundlagen der spanischen Sprache, von der Aussprache, den Artikeln, den gebr\u00e4uchlichen Verben und Pr\u00e4positionen bis hin zu den grundlegenden Redewendungen. Der Kurs basiert auf das kontextuelle Lernen, das hei\u00dft, Sie lernen nicht nur W\u00f6rter, sondern auch S\u00e4tze, in denen Sie die [&hellip;]<\/p>\n","protected":false},"featured_media":1107,"comment_status":"open","ping_status":"closed","template":"","meta":{"_acf_changed":false,"inline_featured_image":false,"_sitemap_exclude":false,"_sitemap_priority":"","_sitemap_frequency":""},"product_brand":[],"product_cat":[58,57],"product_tag":[],"class_list":{"0":"post-1103","1":"product","2":"type-product","3":"status-publish","4":"has-post-thumbnail","6":"product_cat-allgemeines-spanisch","7":"product_cat-spanisch","8":"pa_format-mp3","9":"pa_spezialisierung-326","10":"pa_sprachniveau-a1","11":"pa_sprachniveau-a1-a2","12":"pa_sprachniveau-a2","13":"pa_sprachniveau-a2-b1","15":"first","16":"instock","17":"downloadable","18":"virtual","19":"purchasable","20":"product-type-simple"},"acf":[],"_links":{"self":[{"href":"https:\/\/audioacademyeu.eu\/de\/wp-json\/wp\/v2\/product\/1103","targetHints":{"allow":["GET"]}}],"collection":[{"href":"https:\/\/audioacademyeu.eu\/de\/wp-json\/wp\/v2\/product"}],"about":[{"href":"https:\/\/audioacademyeu.eu\/de\/wp-json\/wp\/v2\/types\/product"}],"replies":[{"embeddable":true,"href":"https:\/\/audioacademyeu.eu\/de\/wp-json\/wp\/v2\/comments?post=1103"}],"wp:featuredmedia":[{"embeddable":true,"href":"https:\/\/audioacademyeu.eu\/de\/wp-json\/wp\/v2\/media\/1107"}],"wp:attachment":[{"href":"https:\/\/audioacademyeu.eu\/de\/wp-json\/wp\/v2\/media?parent=1103"}],"wp:term":[{"taxonomy":"product_brand","embeddable":true,"href":"https:\/\/audioacademyeu.eu\/de\/wp-json\/wp\/v2\/product_brand?post=1103"},{"taxonomy":"product_cat","embeddable":true,"href":"https:\/\/audioacademyeu.eu\/de\/wp-json\/wp\/v2\/product_cat?post=1103"},{"taxonomy":"product_tag","embeddable":true,"href":"https:\/\/audioacademyeu.eu\/de\/wp-json\/wp\/v2\/product_tag?post=1103"}],"curies":[{"name":"wp","href":"https:\/\/api.w.org\/{rel}","templated":true}]}}