
{"id":258,"date":"2022-08-23T13:59:28","date_gmt":"2022-08-23T11:59:28","guid":{"rendered":"https:\/\/audioacademyeu.eu\/de\/?page_id=258"},"modified":"2026-02-10T16:40:37","modified_gmt":"2026-02-10T15:40:37","slug":"terms","status":"publish","type":"page","link":"https:\/\/audioacademyeu.eu\/de\/terms\/","title":{"rendered":"Verkaufs- und Lizenzbedingungen"},"content":{"rendered":"\n<h2 class=\"wp-block-heading\">Der\u00a0Lieferant<\/h2>\n\n\n\n<ul class=\"wp-block-list\"><li><strong>Ing. Tom\u00e1\u0161 Dvo\u0159\u00e1\u010dek<\/strong><\/li><li>Dru\u017eebn\u00ed 255\/72, 725 26 Kr\u00e1sn\u00e9 Pole<\/li><li>E-Mail: eshop@poslechovaanglictina.cz<\/li><li>Telefon: +420 773 789 940<\/li><li>ID: 61951404<\/li><\/ul>\n\n\n\n<p>Der Unternehmer ist im Handelsregister eingetragen.<\/p>\n\n\n\n<h2 class=\"wp-block-heading\">Grundlegende Bestimmungen<\/h2>\n\n\n\n<ul class=\"wp-block-list\"><li>Ziel dieser Website ist es, Internetdienste im Zusammenhang mit dem elektronischen Vertrieb von mp3-Medien anzubieten.<\/li><li>Der Abonnent wird \u00fcber grundlegende oder zus\u00e4tzliche Informationen \u00fcber die Website poslechovaanglictina.cz oder durch individuelle E-Mail- oder Telefonkommunikation informiert. Die erhaltenen Informationen oder Bedingungen werden hiermit akzeptiert.<\/li><li>Der Lieferant ist berechtigt, das Angebot, die Parameter und den Preis seiner Produkte jederzeit zu \u00e4ndern.<\/li><li>Die Preise der Produkte beinhalten keine individuellen \u00c4nderungen.<\/li><li>E-Mail mit Zahlungsinformationen und zur Kommunikation: objednavka@poslechovaanglictina.cz<\/li><\/ul>\n\n\n\n<h2 class=\"wp-block-heading\">Datenschutzpolitik<\/h2>\n\n\n\n<ul class=\"wp-block-list\"><li>Die pers\u00f6nlichen Daten des Kunden werden in voller \u00dcbereinstimmung mit den Bestimmungen des Gesetzes Nr. 101\/2000 Slg. \u00fcber den Schutz der pers\u00f6nlichen Daten behandelt.<\/li><li>Der Abonnent erkl\u00e4rt, dass er gem\u00e4\u00df dem Gesetz Nr. 480\/2004 Slg. \u00fcber bestimmte Dienste der Informationsgesellschaft und \u00fcber \u00c4nderungen bestimmter Gesetze mit dem Empfang kommerzieller Mitteilungen einverstanden ist.<\/li><li>Die pers\u00f6nlichen Daten oder Login-Daten des Abonnenten werden nicht an Dritte weitergegeben.<\/li><\/ul>\n\n\n\n<h1 class=\"wp-block-heading\">Rechte und Pflichten des Lieferanten <\/h1>\n\n\n\n<ul class=\"wp-block-list\"><li>Der Anbieter haftet nicht f\u00fcr einen Missbrauch der Zugangsdaten des Kunden, es sei denn, der Missbrauch ist nachweislich durch den Anbieter verursacht worden.<\/li><li>Der Lieferant haftet nicht f\u00fcr M\u00e4ngel und Sch\u00e4den, die durch \u00c4nderungen an den Audioger\u00e4ten durch den Kunden nach dem Verkauf verursacht werden.<\/li><li>Der Lieferant ist nicht verantwortlich f\u00fcr die nahtlose Funktionalit\u00e4t der Verbindung des gelieferten Produkts mit Software von Dritten.<\/li><li>Der Lieferant hat das Recht, die Bestellung zu stornieren, wenn die Lieferung des bestellten Produkts unm\u00f6glich ist. Falls der K\u00e4ufer das bestellte Produkt im Voraus bezahlt hat, erstattet der Lieferant dem K\u00e4ufer den vollen Betrag innerhalb von 7 Tagen nach Feststellung dieser Tatsache.<\/li><li>Der Lieferant ist berechtigt, die Leistungen, Modifikationen und Module an Dritte zu erbringen oder zu verkaufen, sofern nicht individuell anders vereinbart oder vertraglich festgelegt.<\/li><\/ul>\n\n\n\n<h2 class=\"wp-block-heading\">Rechte und Pflichten des Kunden<\/h2>\n\n\n\n<ul class=\"wp-block-list\"><li>Der Abonnent ist verpflichtet, nur wahre und aktuelle pers\u00f6nliche Daten anzugeben.<\/li><li>Der Abonnent ist verpflichtet, die ihm vom Anbieter \u00fcbermittelten Zugangsdaten so zu sichern, dass sie nicht missbraucht werden k\u00f6nnen.<\/li><li>Der Abonnent tr\u00e4gt die volle Verantwortung f\u00fcr alle Handlungen, \u00c4nderungen und Modifikationen, die unter Verwendung der vom Anbieter zur Verf\u00fcgung gestellten Zugangsdaten vorgenommen werden.<\/li><li>Der Abonnent ist berechtigt, die Anmeldedaten zu \u00e4ndern.<\/li><li>Der Abonnent wird vor der Best\u00e4tigung der Bestellung \u00fcber den Gesamtpreis der Bestellung informiert.<\/li><\/ul>\n\n\n\n<h2 class=\"wp-block-heading\">Abschluss des Vertrages<\/h2>\n\n\n\n<ul class=\"wp-block-list\"><li>Der Vertrag zwischen dem Lieferanten und dem Kunden kommt mit der Bezahlung der Bestellung \u00fcber das GoPay-System zustande.<\/li><li>Mit der Zahlung best\u00e4tigt der Kunde, dass er die vorliegenden Bedingungen akzeptiert, die f\u00fcr beide Parteien verbindlich sind, und beide Parteien sind verpflichtet, sie einzuhalten.<\/li><li>Der Versand des auf poslechovaanglictina.cz bestellten Produkts erfolgt auf elektronischem Wege durch Zusendung an die vom Lieferanten im Bestellformular angegebene E-Mail-Adresse.<\/li><\/ul>\n\n\n\n<h2 class=\"wp-block-heading\">Reklamation<\/h2>\n\n\n\n<ul class=\"wp-block-list\"><li>Beanstandungen, einschlie\u00dflich der Beseitigung von M\u00e4ngeln, sind unverz\u00fcglich, sp\u00e4testens jedoch innerhalb von 30 Tagen ab dem Datum der Beanstandung zu beseitigen, es sei denn, der Verk\u00e4ufer und der Verbraucher vereinbaren eine l\u00e4ngere Frist.<\/li><li>Falls der K\u00e4ufer den Quellcode ver\u00e4ndert oder anderweitig in ihn eingreift, entf\u00e4llt dieser Anspruch.<\/li><li>Im Falle einer unberechtigten Reklamation (wenn der gemeldete Fehler nicht erkannt wird oder wenn es sich um einen Fehler handelt, der nicht unter die Garantie f\u00e4llt) kann der Lieferant die Zahlung der f\u00fcr die Pr\u00fcfung und Reparatur angefallenen Kosten verlangen.<\/li><\/ul>\n\n\n\n<h2 class=\"wp-block-heading\">\u00dcbereinstimmung und Nicht\u00fcbereinstimmung mit dem Kaufvertrag<\/h2>\n\n\n\n<ul class=\"wp-block-list\"><li>Der Lieferant haftet gegen\u00fcber dem K\u00e4ufer daf\u00fcr, dass das verkaufte Produkt oder die erbrachte Dienstleistung bei der Abnahme durch den K\u00e4ufer dem Kaufvertrag entspricht.<\/li><li>Konformit\u00e4t mit dem Kaufvertrag bedeutet, dass das verkaufte Produkt oder die verkaufte Dienstleistung die im Vertrag geforderten, vom Anbieter beschriebenen oder aufgrund der Werbung des Anbieters erwarteten Leistungsmerkmale oder die f\u00fcr Software oder Dienstleistungen dieser Art \u00fcblichen Leistungsmerkmale aufweist, dass es\/sie den Anforderungen der gesetzlichen Vorschriften entspricht und dass es\/sie dem Zweck entspricht, f\u00fcr den das Produkt oder die Dienstleistung nach Angaben des Anbieters verwendet wird oder f\u00fcr den das Produkt oder die Dienstleistung normalerweise verwendet wird.<\/li><li>Falls das Produkt oder die Dienstleistung bei der \u00dcbernahme durch den K\u00e4ufer nicht dem Kaufvertrag entspricht, hat der K\u00e4ufer das Recht, den Lieferanten zu veranlassen, das gelieferte Produkt oder die gelieferte Dienstleistung kostenlos und unverz\u00fcglich in einen Zustand zu versetzen, der dem Kaufvertrag entspricht. Ist ein solches Verfahren nicht m\u00f6glich, kann der Kunde einen angemessenen Nachlass auf den Preis des Produkts oder der Dienstleistung verlangen. Dies gilt nicht, wenn der Kunde vor der Annahme des Produkts oder der Dienstleistung von der Nicht\u00fcbereinstimmung mit dem Kaufvertrag wusste oder die Nicht\u00fcbereinstimmung mit dem Kaufvertrag verursacht hat.<\/li><\/ul>\n\n\n\n<h2 class=\"wp-block-heading\">R\u00fcckritt vom Vertrag<\/h2>\n\n\n\n<ul class=\"wp-block-list\"><li>Die Bestimmungen des \u00a7 1837 Absatz l) des B\u00fcrgerlichen Gesetzbuchs \u00fcber die M\u00f6glichkeit, den Vertrag innerhalb von 14 Tagen nach Erhalt der Ware zu widerrufen, gelten nicht f\u00fcr ein Produkt, das auf elektronischem Wege vertrieben wird.<\/li><li>Ein elektronisch vertriebenes oder f\u00fcr einen bestimmten Endkunden ma\u00dfgeschneidertes Produkt kann nicht zur\u00fcckgegeben werden.<\/li><li>Das R\u00fccktrittsrecht des Kunden erlischt bei a) unsachgem\u00e4\u00dfer Verwendung des Produkts, Moduls oder der Modifikation b) dem Vorliegen einzelner Funktions\u00e4nderungen.<\/li><li>Mit dem R\u00fccktritt vom Vertrag verpflichtet sich der Kunde, dem Lieferanten die bis dahin entstandenen Kosten f\u00fcr die durchgef\u00fchrten Arbeiten zu erstatten, sofern solche Kosten entstanden sind.<\/li><\/ul>\n\n\n\n<h2 class=\"wp-block-heading\">Lizenzierungsvereinbarungen<\/h2>\n\n\n\n<ul class=\"wp-block-list\"><li>Die Lizenz f\u00fcr die Nutzung des gelieferten Produkts wird durch das Urheberrechtsgesetz geregelt<\/li><\/ul>\n\n\n\n<h2 class=\"wp-block-heading\">Schlussbestimmungen<\/h2>\n\n\n\n<ul class=\"wp-block-list\"><li>Diese Bedingungen unterliegen den Bestimmungen des Gesetzes Nr. 513\/1991 Slg. des Handelsgesetzbuches in seiner ge\u00e4nderten Fassung, des Gesetzes Nr. 89\/2012 Slg. des Zivilgesetzbuches in seiner ge\u00e4nderten Fassung und des Gesetzes Nr. 121\/2000 Slg. des Urheberrechtsgesetzes. <\/li><li>Die einschl\u00e4gigen Bestimmungen des Urheberrechtsgesetzes und anderer gesetzlicher Vorschriften \u00fcber die Nutzung von Computerprogrammen und Datenbanken und die Ahndung ihrer rechtswidrigen Nutzung werden durch den Vertrag und diese Bedingungen nicht ber\u00fchrt.<\/li><li>Der Anbieter beh\u00e4lt sich das Recht vor, diese Bedingungen zu \u00e4ndern.<\/li><li>Diese Bedingungen sind g\u00fcltig und wirksam ab 20.10.2017.<\/li><\/ul>\n","protected":false},"excerpt":{"rendered":"<p>Der\u00a0Lieferant Ing. Tom\u00e1\u0161 Dvo\u0159\u00e1\u010dek Dru\u017eebn\u00ed 255\/72, 725 26 Kr\u00e1sn\u00e9 Pole E-Mail: eshop@poslechovaanglictina.cz Telefon: +420 773 789 940 ID: 61951404 Der Unternehmer ist im Handelsregister eingetragen. Grundlegende Bestimmungen Ziel dieser Website ist es, Internetdienste im Zusammenhang mit dem elektronischen Vertrieb von mp3-Medien anzubieten. Der Abonnent wird \u00fcber grundlegende oder zus\u00e4tzliche Informationen \u00fcber die Website poslechovaanglictina.cz oder [&hellip;]<\/p>\n","protected":false},"author":1,"featured_media":185,"parent":0,"menu_order":0,"comment_status":"closed","ping_status":"closed","template":"","meta":{"_acf_changed":false,"inline_featured_image":false,"_sitemap_exclude":false,"_sitemap_priority":"","_sitemap_frequency":"","footnotes":""},"class_list":["post-258","page","type-page","status-publish","has-post-thumbnail","hentry"],"acf":[],"_links":{"self":[{"href":"https:\/\/audioacademyeu.eu\/de\/wp-json\/wp\/v2\/pages\/258","targetHints":{"allow":["GET"]}}],"collection":[{"href":"https:\/\/audioacademyeu.eu\/de\/wp-json\/wp\/v2\/pages"}],"about":[{"href":"https:\/\/audioacademyeu.eu\/de\/wp-json\/wp\/v2\/types\/page"}],"author":[{"embeddable":true,"href":"https:\/\/audioacademyeu.eu\/de\/wp-json\/wp\/v2\/users\/1"}],"replies":[{"embeddable":true,"href":"https:\/\/audioacademyeu.eu\/de\/wp-json\/wp\/v2\/comments?post=258"}],"version-history":[{"count":1,"href":"https:\/\/audioacademyeu.eu\/de\/wp-json\/wp\/v2\/pages\/258\/revisions"}],"predecessor-version":[{"id":259,"href":"https:\/\/audioacademyeu.eu\/de\/wp-json\/wp\/v2\/pages\/258\/revisions\/259"}],"wp:featuredmedia":[{"embeddable":true,"href":"https:\/\/audioacademyeu.eu\/de\/wp-json\/wp\/v2\/media\/185"}],"wp:attachment":[{"href":"https:\/\/audioacademyeu.eu\/de\/wp-json\/wp\/v2\/media?parent=258"}],"curies":[{"name":"wp","href":"https:\/\/api.w.org\/{rel}","templated":true}]}}