
{"id":24,"date":"2022-08-03T08:18:13","date_gmt":"2022-08-03T06:18:13","guid":{"rendered":"https:\/\/audioacademyeu.eu\/de\/?page_id=24"},"modified":"2026-02-10T16:40:19","modified_gmt":"2026-02-10T15:40:19","slug":"privacy-policy","status":"publish","type":"page","link":"https:\/\/audioacademyeu.eu\/de\/privacy-policy\/","title":{"rendered":"Schutz der pers\u00f6nlichen Daten"},"content":{"rendered":"\n<h2 class=\"wp-block-heading\">Kurz gesagt\u2026<\/h2>\n\n\n\n<p>Wir sch\u00e4tzen Ihre Freundlichkeit und Privatsph\u00e4re. Wir handeln nicht mit den pers\u00f6nlichen Daten, die wir von Ihnen sammeln. Wir ben\u00f6tigen personenbezogene Daten nur zur Erf\u00fcllung des Vertrages &#8211; Informationen \u00fcber den Verlauf der Bestellung und die Kommunikation zwischen uns.<\/p>\n\n\n\n<p>Wir sind keine Freunde von Spam &#8211; das sollten Sie wirklich nicht von uns erwarten. H\u00f6chstens fragen wir Sie nach Ihrer Zufriedenheit mit unserem Service oder erlauben uns, Ihnen gelegentlich ein Angebot \u00fcber unsere neuen Produkte zu schicken (wenn Sie das st\u00f6rt, k\u00f6nnen Sie sich nat\u00fcrlich von der Mail abmelden). Und das war&#8217;s<\/p>\n\n\n\n<h2 class=\"wp-block-heading\">F\u00fcr die Ausf\u00fchrung der Bestellung erforderliche personenbezogene Daten<\/h2>\n\n\n\n<ul class=\"wp-block-list\"><li>Vor- und Nachname &#8211; Lassen Sie uns wissen, wie wir Sie ansprechen&nbsp; k\u00f6nnen<\/li><li>Vollst\u00e4ndige Postanschrift &#8211; f\u00fcr den Fall, dass Sie die Kurse auf einem der Medien zugeschickt bekommen m\u00f6chten.<\/li><li>Telefonnummer &#8211; f\u00fcr den Fall von Unstimmigkeiten und zur schnellen Kontaktaufnahme<\/li><li>E-Mail-Adresse &#8211; wird ben\u00f6tigt, um sich bei der Verwaltung anzumelden und um gekaufte Kurse herunterzuladen.<br><\/li><\/ul>\n\n\n\n<h3 class=\"wp-block-heading\">Wenn Sie eine Firma sind, sind die folgenden Angaben erforderlich<\/h3>\n\n\n\n<ul class=\"wp-block-list\"><li>Name des Unternehmens<\/li><li>Vollst\u00e4ndige Postanschrift<\/li><li>ID NUMMER<\/li><li>Telefon<\/li><li>E-Mail<\/li><\/ul>\n\n\n\n<p>Und das war&#8217;s. Das ist alles, was wir brauchen, um mit Ihnen zu kommunizieren. Wenn Sie den vollen Umfang Ihrer pers\u00f6nlichen Daten erfahren m\u00f6chten, loggen Sie sich bitte in die Administrationsoberfl\u00e4che ein (Ihre Login-Daten haben Sie bei Ihrer Registrierung oder bei Ihrer ersten Bestellung erhalten).<\/p>\n\n\n\n<p><strong>Wir verarbeiten personenbezogene Daten im Rahmen der Verordnung (EU) 2016\/679 des Europ\u00e4ischen Parlaments und des Rates zum Schutz nat\u00fcrlicher Personen bei der Verarbeitung personenbezogener Daten und zum freien Datenverkehr (GDPR)<\/strong><\/p>\n\n\n\n<h2 class=\"wp-block-heading\">Wer Ihre pers\u00f6nlichen Daten verarbeitet:<\/h2>\n\n\n\n<p>Der f\u00fcr die Verarbeitung Ihrer personenbezogenen Daten Verantwortliche ist das Unternehmen ID-Nr. 61951404 mit Sitz in Mal\u00e1 strana 86, 74285 V\u0159esina<\/p>\n\n\n\n<h2 class=\"wp-block-heading\">Kontaktdaten des Administrators:<\/h2>\n\n\n\n<ul class=\"wp-block-list\"><li>Adresse. Tom\u00e1\u0161 Dvo\u0159\u00e1\u010dek, Mal\u00e1 strana 86, 74285 V\u0159esina<\/li><li>E-Mail: eshop@audioacademyeu.eu<\/li><li>Telefon: +420 603 591&nbsp;994<\/li><\/ul>\n\n\n\n<h2 class=\"wp-block-heading\">Rechtm\u00e4\u00dfiger Grund f\u00fcr die Verarbeitung personenbezogener Daten:<\/h2>\n\n\n\n<p>Wir verarbeiten Ihre Daten zum Zweck der Vertragserf\u00fcllung, d.h. zur Bereitstellung und Lieferung<br>der von Ihnen bestellten Waren, zur Beratung und Betreuung. Die von uns angeforderten<br>personenbezogenen Daten sind f\u00fcr die Erf\u00fcllung des Vertrags zwischen Ihnen und dem f\u00fcr die<br>Verarbeitung Verantwortlichen erforderlich.<\/p>\n\n\n\n<p>Wir werden Ihre personenbezogenen Daten auch verwenden, um Ihre Zufriedenheit mit unseren<br>Dienstleistungen zu bewerten, und zwar auf der Grundlage des Rechtsanspruchs des berechtigten<br>Interesses des f\u00fcr die Verarbeitung Verantwortlichen.<\/p>\n\n\n\n<p>Es gibt keine automatisierte individuelle Entscheidungsfindung unsererseits, einschlie\u00dflich Profiling<br>gem\u00e4\u00df Artikel 22 der Verordnung.<\/p>\n\n\n\n<h2 class=\"wp-block-heading\">Dauer der Speicherung\/Verarbeitung der personenbezogenen Daten:<\/h2>\n\n\n\n<p>Ihre personenbezogenen Daten werden f\u00fcr die Dauer der Wirkungen der Rechte und Pflichten aus<br>dem Vertrag und f\u00fcr den Zeitraum, der f\u00fcr die Archivierung gem\u00e4\u00df den einschl\u00e4gigen allgemein<br>verbindlichen Rechtsvorschriften erforderlich ist, verarbeitet, jedoch nicht l\u00e4nger als der in den<br>allgemein verbindlichen Rechtsvorschriften festgelegte Zeitraum.<\/p>\n\n\n\n<h2 class=\"wp-block-heading\">Umfang der Verarbeitung pers\u00f6nlicher Daten:<\/h2>\n\n\n\n<p>Wir verarbeiten nur die Daten, die f\u00fcr die Erf\u00fcllung des Vertrags unbedingt erforderlich sind &#8211; Name,<br>Vorname, Adresse, E-Mail und Telefonnummer.<\/p>\n\n\n\n<p>Gegebenenfalls werden wir Sie nach einer Kontonummer fragen, auf die wir Ihr Geld<br>zur\u00fcck\u00fcberweisen werden.<\/p>\n\n\n\n<h2 class=\"wp-block-heading\">Andere Empf\u00e4nger von personenbezogenen Daten:<\/h2>\n\n\n\n<p>Ihre personenbezogenen Daten k\u00f6nnen auch von Dritten verarbeitet werden. Das hei\u00dft,<br>Unternehmen, die f\u00fcr uns Transport-, Finanz- oder Softwaredienstleistungen erbringen. All dies<br>geschieht auf der Grundlage eines Vertrags zwischen uns und Ihnen.<\/p>\n\n\n\n<p><strong>Dies sind folgende Unternehmen:<\/strong><\/p>\n\n\n\n<ul class=\"wp-block-list\"><li>GoPay s.r.o. (Finanzdienstleistungen) I\u010c 26046768<\/li><li>Smartsupp.com s.r.o. (Online-Kommunikation &#8211; Chat) ID-Nr. 03668681<\/li><li>Heur\u00e9ka Shopping s.r.o. (von Kunden gepr\u00fcfte Dienstleistung) &#8211; ID-Nr. 02387727<\/li><li>Seznam.cz, a. s. (Nutzerbewertung von Shops) &#8211; ID 26168685<\/li><\/ul>\n\n\n\n<p><em>&#8222;Wir ermitteln Ihre Zufriedenheit mit Ihrem Einkauf mittels E-Mail-Frageb\u00f6gen im Rahmen des<br>Programms Verified by Customers (Heur\u00e9ka.cz) und Reviews (Zbo\u017e\u00ed.cz), an dem unser E-Shop beteiligt<br>ist. Diese werden Ihnen jedes Mal zugesandt, wenn Sie bei uns einkaufen, es sei denn, Sie lehnen den<br>Erhalt gem\u00e4\u00df \u00a7 7 Absatz 3 des Gesetzes Nr. 480\/2004 Slg. \u00fcber bestimmte Dienste der<br>Informationsgesellschaft ab. Die Verarbeitung personenbezogener Daten zum Zweck der Versendung<br>von Frageb\u00f6gen im Rahmen des Programms Verified by Customers erfolgt auf der Grundlage unseres<br>berechtigten Interesses, das darin besteht, Ihre Zufriedenheit mit Ihrem Einkauf bei uns zu ermitteln.<br>F\u00fcr den Versand von Frageb\u00f6gen, die Auswertung Ihres Feedbacks und die Analyse unserer<br>Marktposition bedienen wir uns eines Auftragsverarbeiters, der Betreiber der Portale Heureka.cz und<br>Zbo\u017e\u00ed.cz ist; zu diesen Zwecken k\u00f6nnen wir Informationen \u00fcber die von Ihnen gekauften Waren und<br>Ihre E-Mail-Adresse an ihn weitergeben. Ihre pers\u00f6nlichen Daten werden beim Versand von E-Mail-<br>Frageb\u00f6gen nicht an Dritte f\u00fcr deren eigene Zwecke weitergegeben. Sie k\u00f6nnen der Zusendung von E-Mail-Frageb\u00f6gen im Rahmen des Programms &#8222;Customer Verified and Rating&#8220; jederzeit<br>widersprechen, indem Sie im letzten Schritt der Bestellung die Zusendung des Fragebogens ablehnen und den Link in der E-Mail mit dem Fragebogen nutzen. Wenn Sie widersprechen, werden wir Ihnen den Fragebogen nicht mehr zusenden.<\/em><\/p>\n\n\n\n<p>Ihre personenbezogenen Daten werden nicht in ein Drittland (in ein Land au\u00dferhalb der EU) oder an<br>eine andere internationale Organisation \u00fcbermittelt<\/p>\n\n\n\n<p>Wir verwenden Cookies, um die Qualit\u00e4t unserer Dienstleistungen zu verbessern, unser Angebot zu<br>personalisieren, anonyme Daten zu sammeln und f\u00fcr analytische Zwecke. Die Verarbeitung von<br>Cookies kann als Verarbeitung personenbezogener Daten angesehen werden. Diese Verarbeitung ist<br>auf der Grundlage eines berechtigten Grundes &#8211; des berechtigten Interesses des f\u00fcr die Verarbeitung<br>Verantwortlichen &#8211; m\u00f6glich und wird durch Artikel 6 Absatz 1 Buchstabe f der Verordnung (EU) Nr.<br>2016\/679 des Europ\u00e4ischen Parlaments und des Rates zum Schutz nat\u00fcrlicher Personen bei der<br>Verarbeitung personenbezogener Daten, zum freien Datenverkehr und zur Aufhebung der Richtlinie<br>95\/46\/EG (Datenschutz-Grundverordnung) (fr\u00fcher auch als &#8222;Verordnung&#8220; bezeichnet) gestattet. Mit<br>der Nutzung unseres E-Shops erkl\u00e4ren Sie sich mit dem Einsatz der genannten Technologie<br>einverstanden..<\/p>\n\n\n\n<h2 class=\"wp-block-heading\">Rechte der betroffenen Person &#8211; d.h. Ihre Rechte:<\/h2>\n\n\n\n<p>Laut Gesetz haben Sie das Recht auf Zugang zu Ihren personenbezogenen Daten, das Recht auf<br>Berichtigung oder L\u00f6schung &#8211; oder Einschr\u00e4nkung der Verarbeitung, das Recht auf Widerspruch<br>gegen die Verarbeitung Ihrer personenbezogenen Daten und das Recht auf Daten\u00fcbertragbarkeit.<\/p>\n\n\n\n<h2 class=\"wp-block-heading\">Recht auf Zugang zu pers\u00f6nlichen Daten<\/h2>\n\n\n\n<p>Sie haben das Recht, von dem f\u00fcr die Verarbeitung Verantwortlichen Informationen \u00fcber den Zweck<br>der Verarbeitung personenbezogener Daten, die Kategorie, den Umfang und alle verf\u00fcgbaren<br>Informationen \u00fcber die Quelle und die geplante Dauer der Verarbeitung zu verlangen.<\/p>\n\n\n\n<h2 class=\"wp-block-heading\">Recht auf Berichtigung und L\u00f6schung<\/h2>\n\n\n\n<p>Der f\u00fcr die Verarbeitung Verantwortliche ist verpflichtet, unrichtige personenbezogene Daten unverz\u00fcglich zu berichtigen; Sie haben das Recht, unvollst\u00e4ndige personenbezogene Daten vervollst\u00e4ndigen zu lassen. Sie haben das Recht, die L\u00f6schung personenbezogener Daten zu verlangen, wenn einer der folgenden Punkte zutrifft:<\/p>\n\n\n\n<ul class=\"wp-block-list\"><li>die personenbezogenen Daten f\u00fcr die Zwecke, f\u00fcr die sie erhoben oder anderweitig verarbeitet<br>wurden, nicht mehr erforderlich sind;<\/li><li>die betroffene Person widerruft die Einwilligung, auf deren Grundlage die personenbezogenen Daten verarbeitet wurden, und es gibt keine weitere Rechtsgrundlage f\u00fcr die Verarbeitung;<\/li><li>die betroffene Person widerspricht der Verarbeitung personenbezogener Daten f\u00fcr Zwecke der Direktwerbung;<\/li><li>die personenbezogenen Daten unrechtm\u00e4\u00dfig verarbeitet worden sind;<\/li><li>die personenbezogenen Daten gel\u00f6scht werden m\u00fcssen, um einer rechtlichen Verpflichtung nach dem Recht der Europ\u00e4ischen Union oder der Tschechischen Republik nachzukommen;<\/li><li>personenbezogene Daten im Zusammenhang mit dem Angebot von Diensten der Informationsgesellschaft auf der Grundlage der vom Kind erteilten Einwilligung erhoben worden sind.<\/li><\/ul>\n\n\n\n<h2 class=\"wp-block-heading\">Recht auf Einschr\u00e4nkung der Verarbeitung<\/h2>\n\n\n\n<p>Sie haben das Recht, von dem f\u00fcr die Verarbeitung Verantwortlichen die Einschr\u00e4nkung der Verarbeitung in den folgenden F\u00e4llen zu verlangen:<\/p>\n\n\n\n<ul class=\"wp-block-list\"><li>die betroffene Person die Richtigkeit der personenbezogenen Daten w\u00e4hrend des Zeitraums bestreitet, den der f\u00fcr die Verarbeitung Verantwortliche ben\u00f6tigt, um die Richtigkeit der personenbezogenen Daten zu \u00fcberpr\u00fcfen;<\/li><li>die Verarbeitung unrechtm\u00e4\u00dfig ist und die betroffene Person die L\u00f6schung der personenbezogenen Daten ablehnt und stattdessen die Einschr\u00e4nkung ihrer Verwendung verlangt;<\/li><li>Der f\u00fcr die Verarbeitung Verantwortliche ben\u00f6tigt die personenbezogenen Daten f\u00fcr die Zwecke der Verarbeitung nicht mehr, die betroffene Person ben\u00f6tigt sie jedoch f\u00fcr die Begr\u00fcndung, Aus\u00fcbung oder Verteidigung von Rechtsanspr\u00fcchen.<\/li><\/ul>\n\n\n\n<h2 class=\"wp-block-heading\">Recht auf Einwand<\/h2>\n\n\n\n<p>Dieses Recht gilt f\u00fcr Ihre personenbezogenen Daten, die zu Direktmarketingzwecken verarbeitet werden. In diesem Fall haben Sie das Recht, der Verwendung Ihrer personenbezogenen Daten zu widersprechen.<\/p>\n\n\n\n<h2 class=\"wp-block-heading\">Recht auf \u00dcbertragbarkeit <\/h2>\n\n\n\n<p>Sie haben das Recht, Ihre personenbezogenen Daten, die Sie dem f\u00fcr die Verarbeitung Verantwortlichen zur Verf\u00fcgung gestellt haben, abzurufen und diese Daten an einen anderen f\u00fcr die Verarbeitung Verantwortlichen zu \u00fcbermitteln, wenn:<\/p>\n\n\n\n<ul class=\"wp-block-list\"><li>die Verarbeitung beruht auf einer Einwilligung in die Verarbeitung personenbezogener Daten oder auf der Verarbeitung personenbezogener Daten zum Zwecke des Abschlusses und der Erf\u00fcllung eines Vertrags mit der betroffenen Person; und<\/li><li>die Verarbeitung erfolgt mit Hilfe automatisierter Verfahren<\/li><\/ul>\n\n\n\n<p>Wenn Sie der Meinung sind, dass die Verarbeitung Ihrer personenbezogenen Daten gegen das Gesetz verst\u00f6\u00dft oder versto\u00dfen wird, haben Sie die M\u00f6glichkeit, eine Beschwerde bei der Aufsichtsbeh\u00f6rde, dem Amt f\u00fcr den Schutz personenbezogener Daten, einzureichen.<\/p>\n\n\n\n<p>Sie sind nicht verpflichtet, uns Ihre pers\u00f6nlichen Daten mitzuteilen.<\/p>\n\n\n\n<p>Die Bereitstellung dieser Daten ist jedoch eine notwendige Voraussetzung f\u00fcr den Abschluss und die Erf\u00fcllung des Vertrages und ohne die Bereitstellung dieser Daten kann der Vertrag von uns nicht abgeschlossen und erf\u00fcllt werden.<\/p>\n\n\n\n<p>Diese Bedingungen treten am 25.5.2018 in Kraft.<\/p>\n","protected":false},"excerpt":{"rendered":"<p>Kurz gesagt\u2026 Wir sch\u00e4tzen Ihre Freundlichkeit und Privatsph\u00e4re. Wir handeln nicht mit den pers\u00f6nlichen Daten, die wir von Ihnen sammeln. Wir ben\u00f6tigen personenbezogene Daten nur zur Erf\u00fcllung des Vertrages &#8211; Informationen \u00fcber den Verlauf der Bestellung und die Kommunikation zwischen uns. Wir sind keine Freunde von Spam &#8211; das sollten Sie wirklich nicht von uns [&hellip;]<\/p>\n","protected":false},"author":1,"featured_media":185,"parent":0,"menu_order":0,"comment_status":"closed","ping_status":"closed","template":"","meta":{"_acf_changed":false,"inline_featured_image":false,"_sitemap_exclude":false,"_sitemap_priority":"","_sitemap_frequency":"","footnotes":""},"class_list":["post-24","page","type-page","status-publish","has-post-thumbnail","hentry"],"acf":[],"_links":{"self":[{"href":"https:\/\/audioacademyeu.eu\/de\/wp-json\/wp\/v2\/pages\/24","targetHints":{"allow":["GET"]}}],"collection":[{"href":"https:\/\/audioacademyeu.eu\/de\/wp-json\/wp\/v2\/pages"}],"about":[{"href":"https:\/\/audioacademyeu.eu\/de\/wp-json\/wp\/v2\/types\/page"}],"author":[{"embeddable":true,"href":"https:\/\/audioacademyeu.eu\/de\/wp-json\/wp\/v2\/users\/1"}],"replies":[{"embeddable":true,"href":"https:\/\/audioacademyeu.eu\/de\/wp-json\/wp\/v2\/comments?post=24"}],"version-history":[{"count":3,"href":"https:\/\/audioacademyeu.eu\/de\/wp-json\/wp\/v2\/pages\/24\/revisions"}],"predecessor-version":[{"id":160,"href":"https:\/\/audioacademyeu.eu\/de\/wp-json\/wp\/v2\/pages\/24\/revisions\/160"}],"wp:featuredmedia":[{"embeddable":true,"href":"https:\/\/audioacademyeu.eu\/de\/wp-json\/wp\/v2\/media\/185"}],"wp:attachment":[{"href":"https:\/\/audioacademyeu.eu\/de\/wp-json\/wp\/v2\/media?parent=24"}],"curies":[{"name":"wp","href":"https:\/\/api.w.org\/{rel}","templated":true}]}}