
{"id":17,"date":"2022-07-22T23:29:16","date_gmt":"2022-07-22T21:29:16","guid":{"rendered":"https:\/\/audioacademyeu.eu\/de\/?page_id=17"},"modified":"2026-02-10T16:42:54","modified_gmt":"2026-02-10T15:42:54","slug":"how-to-study","status":"publish","type":"page","link":"https:\/\/audioacademyeu.eu\/de\/how-to-study\/","title":{"rendered":"Wie man lernt"},"content":{"rendered":"\n<p>Wenn Sie einen Kurs kaufen, erstellen Sie ein Konto auf <a href=\"https:\/\/audioacademyeu.eu\">audioacademyeu.eu<\/a>,\u00a0bei dem die Audiotracks im mp3-Format erscheinen, nachdem Sie den Kurs gekauft haben. Laden Sie diese auf Ihr Mobiltelefon oder ein anderes Ger\u00e4t herunter, auf dem Sie sich die Tracks anh\u00f6ren k\u00f6nnen. Laden Sie die Kursskripte unter www.audioacademyeu.eu im Bereich <a href=\"https:\/\/audioacademyeu.eu\/de\/skripte-zum-herunterladen\/\">Skripte zum Herunterladen<\/a> herunter.<\/p>\n\n\n\n<ul class=\"wp-block-list\"><li>W\u00e4hlen Sie sich die Lektion aus, die Sie beherrschen wollen &#8211; vielleicht erwarten Sie in den n\u00e4chsten Tagen Besuch und m\u00f6chten aus H\u00f6flichkeit ein paar S\u00e4tze sagen. Beginnen Sie also lieber \u00a0mit Gr\u00fc\u00dfen und nicht mit dem Reisen.<\/li><li>Schneiden Sie die doppelseitigen Karten aus und unterteilen Sie diese in W\u00f6rter und S\u00e4tze &#8211; legen Sie die W\u00f6rter auf einen Stapel und die S\u00e4tze auf den anderen.<\/li><li>H\u00f6ren Sie sich Track 1 und Track 2 mehrmals an und gehen Sie dann die Vokabelkarten durch, bis Sie die W\u00f6rter beherrschen. Wenn Sie ein absoluter Anf\u00e4nger sind, h\u00f6ren Sie sich die Tracks 1 und 2 mit dem Skripttext an und schreiben sich die Aussprache auf die Karten. H\u00f6ren Sie die Tracks ein- bis zweimal am Tag und \u00fcben Sie die W\u00f6rter auf den Karten zweimal am Tag.<\/li><li>H\u00f6ren Sie sich mindestens einmal die Tracks 3 und 4 an, wo Sie ein Wort, gefolgt von einem Satz h\u00f6ren, der das Wort im Kontext enth\u00e4lt. Beginnen Sie wieder mit der Version vom Deutschen in die Fremdsprache und wenn Sie alle W\u00f6rter und S\u00e4tze verstanden haben, gehen Sie zur umgekehrten Variante \u00fcber.<\/li><li>Investieren Sie den Gro\u00dfteil Ihrer Zeit mit den S\u00e4tzen selbst. \u00dcben Sie auch die S\u00e4tze auf den Karten. K\u00f6nnen Sie den fremdsprachigen Satz verstehen, bevor die deutsche \u00dcbersetzung erscheint? \u00dcbersetzen Sie den deutschen Satz, bevor die fremdsprachige Variante erscheint? Wenn Sie diese Fragen mit &#8222;Ja&#8220; beantworten, dann herzlichen Gl\u00fcckwunsch und Sie sind bereit f\u00fcr die n\u00e4chste Lektion.<\/li><li>Notieren Sie den Abschluss jeder \u00dcbung und Lektion im Unterrichtsplan. Wann haben Sie die Lektion abgeschlossen? Wenn Sie die S\u00e4tze in Track 6 vom Deutschen in die Fremdsprchen \u00fcbersetzt haben, sollten Sie dabei nicht lange nachdenken m\u00fcssen.<\/li><\/ul>\n\n\n\n<ul class=\"wp-block-list\"><li>Denken Sie daran, dass Wiederholung die Mutter der Weisheit ist. Wiederholen Sie deshalb zum Beispiel einmal im Monat die bereits gelernten Lektionen, entweder mit den Karten oder durch erneutes Zuh\u00f6ren. Am besten ist es jedoch, wenn Sie die W\u00f6rter und S\u00e4tze in direkter Kommunikation verwenden, entweder schriftlich oder vorzugsweise m\u00fcndlich. Dann werden Sie sich am besten an sie erinnern!<\/li><\/ul>\n","protected":false},"excerpt":{"rendered":"<p>Wenn Sie einen Kurs kaufen, erstellen Sie ein Konto auf audioacademyeu.eu,\u00a0bei dem die Audiotracks im mp3-Format erscheinen, nachdem Sie den Kurs gekauft haben. Laden Sie diese auf Ihr Mobiltelefon oder ein anderes Ger\u00e4t herunter, auf dem Sie sich die Tracks anh\u00f6ren k\u00f6nnen. Laden Sie die Kursskripte unter www.audioacademyeu.eu im Bereich Skripte zum Herunterladen herunter. W\u00e4hlen [&hellip;]<\/p>\n","protected":false},"author":1,"featured_media":77,"parent":0,"menu_order":0,"comment_status":"open","ping_status":"closed","template":"","meta":{"_acf_changed":false,"inline_featured_image":false,"_sitemap_exclude":false,"_sitemap_priority":"","_sitemap_frequency":"","footnotes":""},"class_list":["post-17","page","type-page","status-publish","has-post-thumbnail","hentry"],"acf":[],"_links":{"self":[{"href":"https:\/\/audioacademyeu.eu\/de\/wp-json\/wp\/v2\/pages\/17","targetHints":{"allow":["GET"]}}],"collection":[{"href":"https:\/\/audioacademyeu.eu\/de\/wp-json\/wp\/v2\/pages"}],"about":[{"href":"https:\/\/audioacademyeu.eu\/de\/wp-json\/wp\/v2\/types\/page"}],"author":[{"embeddable":true,"href":"https:\/\/audioacademyeu.eu\/de\/wp-json\/wp\/v2\/users\/1"}],"replies":[{"embeddable":true,"href":"https:\/\/audioacademyeu.eu\/de\/wp-json\/wp\/v2\/comments?post=17"}],"version-history":[{"count":6,"href":"https:\/\/audioacademyeu.eu\/de\/wp-json\/wp\/v2\/pages\/17\/revisions"}],"predecessor-version":[{"id":275,"href":"https:\/\/audioacademyeu.eu\/de\/wp-json\/wp\/v2\/pages\/17\/revisions\/275"}],"wp:featuredmedia":[{"embeddable":true,"href":"https:\/\/audioacademyeu.eu\/de\/wp-json\/wp\/v2\/media\/77"}],"wp:attachment":[{"href":"https:\/\/audioacademyeu.eu\/de\/wp-json\/wp\/v2\/media?parent=17"}],"curies":[{"name":"wp","href":"https:\/\/api.w.org\/{rel}","templated":true}]}}