
{"id":157,"date":"2022-08-03T09:45:47","date_gmt":"2022-08-03T07:45:47","guid":{"rendered":"https:\/\/audioacademyeu.eu\/de\/?page_id=157"},"modified":"2026-02-10T16:39:21","modified_gmt":"2026-02-10T15:39:21","slug":"contact","status":"publish","type":"page","link":"https:\/\/audioacademyeu.eu\/de\/contact\/","title":{"rendered":"Kontakt"},"content":{"rendered":"\n<figure class=\"wp-block-image alignright size-large is-resized\"><a href=\"https:\/\/audioacademyeu.eu\/de\/wp-content\/uploads\/sites\/4\/2022\/07\/tomas_dvoracek.jpg\"><img fetchpriority=\"high\" decoding=\"async\" width=\"765\" height=\"1024\" src=\"https:\/\/audioacademyeu.eu\/de\/wp-content\/uploads\/sites\/4\/2022\/07\/tomas_dvoracek-765x1024.jpg\" alt=\"Tom\u00e1\u0161 Dvo\u0159\u00e1\u010dek\" class=\"wp-image-141\" style=\"width:383px;height:512px\" srcset=\"https:\/\/audioacademyeu.eu\/de\/wp-content\/uploads\/sites\/4\/2022\/07\/tomas_dvoracek-765x1024.jpg 765w, https:\/\/audioacademyeu.eu\/de\/wp-content\/uploads\/sites\/4\/2022\/07\/tomas_dvoracek-224x300.jpg 224w, https:\/\/audioacademyeu.eu\/de\/wp-content\/uploads\/sites\/4\/2022\/07\/tomas_dvoracek-768x1028.jpg 768w, https:\/\/audioacademyeu.eu\/de\/wp-content\/uploads\/sites\/4\/2022\/07\/tomas_dvoracek-250x335.jpg 250w, https:\/\/audioacademyeu.eu\/de\/wp-content\/uploads\/sites\/4\/2022\/07\/tomas_dvoracek-200x268.jpg 200w, https:\/\/audioacademyeu.eu\/de\/wp-content\/uploads\/sites\/4\/2022\/07\/tomas_dvoracek.jpg 812w\" sizes=\"(max-width: 765px) 100vw, 765px\" \/><\/a><\/figure>\n\n\n\n<p>Hallo, mein Name ist Tomas, ich bin 42 Jahre alt und wohne in der N\u00e4he von Ostrava. Ich habe mein ganzes Leben lang beruflich und professionell Fremdsprachen unterrichtet. Ich spreche Englisch, Deutsch, Franz\u00f6sisch, Spanisch und Italienisch. Abgesehen von meiner ersten Fremdsprache &#8211; Englisch &#8211; habe ich alle anderen Sprachen durch Zuh\u00f6ren und anschlie\u00dfendes Arbeiten mit doppelseitigen Karten gelernt, d. h. nach dem System, das Sie auf dieser Website finden.<\/p>\n\n\n\n<p>Ich w\u00fcrde mich freuen, wenn Sie mir nicht nur schreiben, wenn Sie eine Frage zu einem der Kurse haben, sondern auch, wenn Sie sich f\u00fcr alles rund um das Fremdsprachenlernen interessieren. Ich w\u00fcrde mich freuen, nicht nur meine Erfahrungen zu teilen, sondern auch Ihre Tipps und Verbesserungsvorschl\u00e4ge sehr zu begr\u00fc\u00dfen. Ich freue mich darauf, von Ihnen zu h\u00f6ren.<\/p>\n\n\n\n<p>Einen sch\u00f6nen Tag, Tomas<\/p>\n\n\n\n<p>Ing. Tom\u00e1\u0161 Dvo\u0159\u00e1\u010dek<\/p>\n\n\n\n<p>Dru\u017eebn\u00ed\u00a0 255\/72<br>725 26 Kr\u00e1sn\u00e9 Pole<\/p>\n\n\n\n<p>email: eshop@audioacademyeu.eu<br>tel.: +420 603 591 994<br>I\u010cO: 61951404<\/p>\n","protected":false},"excerpt":{"rendered":"<p>Hallo, mein Name ist Tomas, ich bin 42 Jahre alt und wohne in der N\u00e4he von Ostrava. Ich habe mein ganzes Leben lang beruflich und professionell Fremdsprachen unterrichtet. Ich spreche Englisch, Deutsch, Franz\u00f6sisch, Spanisch und Italienisch. Abgesehen von meiner ersten Fremdsprache &#8211; Englisch &#8211; habe ich alle anderen Sprachen durch Zuh\u00f6ren und anschlie\u00dfendes Arbeiten mit [&hellip;]<\/p>\n","protected":false},"author":1,"featured_media":127,"parent":0,"menu_order":0,"comment_status":"closed","ping_status":"closed","template":"","meta":{"_acf_changed":false,"inline_featured_image":false,"_sitemap_exclude":false,"_sitemap_priority":"","_sitemap_frequency":"","footnotes":""},"class_list":["post-157","page","type-page","status-publish","has-post-thumbnail","hentry"],"acf":[],"_links":{"self":[{"href":"https:\/\/audioacademyeu.eu\/de\/wp-json\/wp\/v2\/pages\/157","targetHints":{"allow":["GET"]}}],"collection":[{"href":"https:\/\/audioacademyeu.eu\/de\/wp-json\/wp\/v2\/pages"}],"about":[{"href":"https:\/\/audioacademyeu.eu\/de\/wp-json\/wp\/v2\/types\/page"}],"author":[{"embeddable":true,"href":"https:\/\/audioacademyeu.eu\/de\/wp-json\/wp\/v2\/users\/1"}],"replies":[{"embeddable":true,"href":"https:\/\/audioacademyeu.eu\/de\/wp-json\/wp\/v2\/comments?post=157"}],"version-history":[{"count":4,"href":"https:\/\/audioacademyeu.eu\/de\/wp-json\/wp\/v2\/pages\/157\/revisions"}],"predecessor-version":[{"id":577,"href":"https:\/\/audioacademyeu.eu\/de\/wp-json\/wp\/v2\/pages\/157\/revisions\/577"}],"wp:featuredmedia":[{"embeddable":true,"href":"https:\/\/audioacademyeu.eu\/de\/wp-json\/wp\/v2\/media\/127"}],"wp:attachment":[{"href":"https:\/\/audioacademyeu.eu\/de\/wp-json\/wp\/v2\/media?parent=157"}],"curies":[{"name":"wp","href":"https:\/\/api.w.org\/{rel}","templated":true}]}}