
{"id":14,"date":"2022-07-22T23:25:39","date_gmt":"2022-07-22T21:25:39","guid":{"rendered":"https:\/\/audioacademyeu.eu\/de\/?page_id=14"},"modified":"2026-02-10T16:42:28","modified_gmt":"2026-02-10T15:42:28","slug":"about-courses","status":"publish","type":"page","link":"https:\/\/audioacademyeu.eu\/de\/about-courses\/","title":{"rendered":"\u00dcber die Kurse"},"content":{"rendered":"\n<p>Jeder Kurs basiert auf das kontextuelle Lernen, das hei\u00dft, Sie lernen nicht nur W\u00f6rter, sondern auch S\u00e4tze, in denen Sie die gelernten W\u00f6rter anwenden k\u00f6nnen.<\/p>\n\n\n\n<p>Die einzelnen Lektionen sind nach den verschiedenen Themen und Niveaus unterteilt. Je nach Sprache gibt es eine Reihe von Kursen f\u00fcr Anf\u00e4nger (A1, A2) bis hin zu fortgeschrittenen Sprachbenutzern (C1, C2).<\/p>\n\n\n\n<p>Wie kann man am besten mit dem Kurs arbeiten? W\u00e4hlen Sie die Lektion aus, mit der Sie beginnen m\u00f6chten. Jede Lektion enth\u00e4lt sechs Tracks. Machen Sie sich zun\u00e4chst in jeder Lektion mit den Vokabeln selbst vertraut (Track 1 und 2). Als n\u00e4chstes folgt ein Wort aus dem Wortschatz, gefolgt von einem Beispielsatz, wiederum in beiden \u00dcbersetzungsvarianten (Track 3 und 4). Sie gehen dann zu vollst\u00e4ndigen S\u00e4tzen \u00fcber (Track 5 und 6). Sie haben gewonnen, Wenn Sie das \u00dcbersetzen von S\u00e4tzen aus dem Deutschen in die Fremdsprache (Track 6) beherrschen, bevor die \u00dcbersetzung erscheint.\u00a0Die W\u00f6rter allein werden Ihnen dabei helfen, die Bedeutung zu verstehen, aber durch die Verwendung der beherrschten vollst\u00e4ndigen S\u00e4tze werden Sie viel besser kommunizieren.<\/p>\n\n\n\n<p>F\u00fcr jeden Block gilt: Sobald Sie das H\u00f6rverst\u00e4ndnis aus der Fremdsprache ins Deutsche beherrschen (Track 1, 3, 5 \u2013 \u201eH\u00f6ren Sie\u201c ), gehen Sie zur \u00dcbersetzung vom Deutschen in die Fremdsprache \u00fcber (Track 2, 4, 6 \u2013 \u00dcbersetzen Sie ). Sie m\u00fcssen nicht mit allen Tracks in einer Lektion arbeiten, sondern k\u00f6nnen sich mehr auf die<br>H\u00f6rabschnitte konzentrieren, die Ihnen am meisten entgegenkommen. Ich empfehle jedoch, sich alle Tracks einer Lektion mindestens einmal anzuh\u00f6ren.<\/p>\n\n\n\n<p>Zu jedem Kurs gibt es Skripte, die Sie kostenlos herunterladen k\u00f6nnen und die Ihre Arbeit mit dem Kurs wesentlich effektiver machen werden. In den Skripten finden Sie nicht nur n\u00fctzliche Tipps, wie Sie Ihr Lernen effektiver gestalten k\u00f6nnen, sondern auch einen Unterrichtsplan, um Ihre Fortschritte zu dokumentieren, eine Liste mit H\u00f6rbeispielen (falls Sie etwas nicht verstehen) und doppelseitige Lernkarten, damit Sie auch dann lernen und wiederholen k\u00f6nnen, wenn Sie nicht zuh\u00f6ren k\u00f6nnen. F\u00fcr diejenigen, die sich selbst testen m\u00f6chten, gibt es in jeder Lektion einen \u00dcbersetzungstest mit einem Schl\u00fcssel, der die richtigen Antworten enth\u00e4lt.<\/p>\n","protected":false},"excerpt":{"rendered":"<p>Jeder Kurs basiert auf das kontextuelle Lernen, das hei\u00dft, Sie lernen nicht nur W\u00f6rter, sondern auch S\u00e4tze, in denen Sie die gelernten W\u00f6rter anwenden k\u00f6nnen. Die einzelnen Lektionen sind nach den verschiedenen Themen und Niveaus unterteilt. Je nach Sprache gibt es eine Reihe von Kursen f\u00fcr Anf\u00e4nger (A1, A2) bis hin zu fortgeschrittenen Sprachbenutzern (C1, [&hellip;]<\/p>\n","protected":false},"author":1,"featured_media":79,"parent":0,"menu_order":0,"comment_status":"closed","ping_status":"closed","template":"","meta":{"_acf_changed":false,"inline_featured_image":false,"_sitemap_exclude":false,"_sitemap_priority":"","_sitemap_frequency":"","footnotes":""},"class_list":["post-14","page","type-page","status-publish","has-post-thumbnail","hentry"],"acf":[],"_links":{"self":[{"href":"https:\/\/audioacademyeu.eu\/de\/wp-json\/wp\/v2\/pages\/14","targetHints":{"allow":["GET"]}}],"collection":[{"href":"https:\/\/audioacademyeu.eu\/de\/wp-json\/wp\/v2\/pages"}],"about":[{"href":"https:\/\/audioacademyeu.eu\/de\/wp-json\/wp\/v2\/types\/page"}],"author":[{"embeddable":true,"href":"https:\/\/audioacademyeu.eu\/de\/wp-json\/wp\/v2\/users\/1"}],"replies":[{"embeddable":true,"href":"https:\/\/audioacademyeu.eu\/de\/wp-json\/wp\/v2\/comments?post=14"}],"version-history":[{"count":3,"href":"https:\/\/audioacademyeu.eu\/de\/wp-json\/wp\/v2\/pages\/14\/revisions"}],"predecessor-version":[{"id":272,"href":"https:\/\/audioacademyeu.eu\/de\/wp-json\/wp\/v2\/pages\/14\/revisions\/272"}],"wp:featuredmedia":[{"embeddable":true,"href":"https:\/\/audioacademyeu.eu\/de\/wp-json\/wp\/v2\/media\/79"}],"wp:attachment":[{"href":"https:\/\/audioacademyeu.eu\/de\/wp-json\/wp\/v2\/media?parent=14"}],"curies":[{"name":"wp","href":"https:\/\/api.w.org\/{rel}","templated":true}]}}