
{"id":1075,"date":"2025-06-18T22:48:05","date_gmt":"2025-06-18T20:48:05","guid":{"rendered":"https:\/\/audioacademyeu.eu\/de\/?page_id=1075"},"modified":"2025-07-09T19:10:44","modified_gmt":"2025-07-09T17:10:44","slug":"go-interactive","status":"publish","type":"page","link":"https:\/\/audioacademyeu.eu\/de\/go-interactive\/","title":{"rendered":"GO Interactive"},"content":{"rendered":"\n<p class=\"has-text-align-center\">Die Lernumgebung Interactive steht nun allen zur Verf\u00fcgung, die einen unserer Kurse erworben haben. Wenn Sie den Kurs auf dieser Website gekauft haben, klicken Sie bitte auf den Button \u201e<strong>Hier gekauft<\/strong>\u201c. Wenn Sie den Kurs bei einem unserer Partner gekauft haben, klicken Sie bitte auf den Button rechts \u2013 \u201e<strong>Bei einem Partner gekauft<\/strong>\u201c.<\/p>\n\n\n\n<p class=\"has-text-align-center\"><\/p>\n\n\n\n<div class=\"wp-block-columns is-layout-flex wp-container-core-columns-is-layout-28f84493 wp-block-columns-is-layout-flex\">\n<div class=\"wp-block-column is-layout-flow wp-block-column-is-layout-flow\">\n<div class=\"wp-block-buttons is-content-justification-center is-layout-flex wp-container-core-buttons-is-layout-a89b3969 wp-block-buttons-is-layout-flex\" id=\"interactive-redirect\">\n<div class=\"wp-block-button\"><a class=\"wp-block-button__link has-black-color has-vivid-green-cyan-background-color has-text-color has-background has-link-color wp-element-button\">Hier gekauft<\/a><\/div>\n<\/div>\n\n\n\n<p class=\"has-text-align-center\">Wenn Sie auf den Button klicken, werden Sie zu Ihrer Konto-Seite weitergeleitet. Wenn Sie angemeldet sind, klicken Sie einfach auf das Interactiv-Logo und der Kurs ist Ihnen sofort ohne Anmeldung verf\u00fcgbar. Wenn Sie nicht angemeldet sind, melden Sie sich bitte an.<\/p>\n\n\n\n<p class=\"has-text-align-center\">Sie k\u00f6nnen direkt zur Interactive-Seite weitergeleitet werden, der Benutzername und das Passwort sind dieselben wie f\u00fcr Ihr Konto hier.<\/p>\n\n\n\n<p class=\"has-text-align-center\">&nbsp;<\/p>\n<\/div>\n\n\n\n<div class=\"wp-block-column is-layout-flow wp-block-column-is-layout-flow\">\n<div class=\"wp-block-buttons is-content-justification-center is-layout-flex wp-container-core-buttons-is-layout-a89b3969 wp-block-buttons-is-layout-flex\">\n<div class=\"wp-block-button\"><a class=\"wp-block-button__link has-luminous-vivid-orange-background-color has-background wp-element-button\" href=\"https:\/\/audioacademyeu.eu\/de\/registrierung-beim-partner\/\">Bei einem Partner gekauft<\/a><\/div>\n<\/div>\n\n\n\n<p class=\"has-text-align-center\">Wenn Sie auf den Button klicken, werden Sie zur Registrierungsseite weitergeleitet. Sie m\u00fcssen ein Konto auf dieser Website erstellen. F\u00fcr die Registrierung ben\u00f6tigen wir lediglich Ihren Vor- und Nachnamen, Ihre E-Mail-Adresse und den Namen des von Ihnen erworbenen Kurses.<br><br><br><br><br><br><br><br><br><br><br><\/p>\n<\/div>\n<\/div>\n\n\n\n<p><a role=\"button\"><br><\/a><\/p>\n\n\n\n<p class=\"has-text-align-center\"><\/p>\n\n\n\n<figure class=\"wp-block-embed is-type-video is-provider-youtube wp-block-embed-youtube wp-embed-aspect-16-9 wp-has-aspect-ratio\"><div class=\"wp-block-embed__wrapper\">\n<div class=\"video-container\"><iframe title=\"Audioacademy Interactive\" width=\"1170\" height=\"658\" src=\"https:\/\/www.youtube.com\/embed\/w3BC7p8NLD0?feature=oembed&#038;enablejsapi=1&#038;origin=https:\/\/audioacademyeu.eu\" frameborder=\"0\" allow=\"accelerometer; autoplay; clipboard-write; encrypted-media; gyroscope; picture-in-picture; web-share\" referrerpolicy=\"strict-origin-when-cross-origin\" allowfullscreen><\/iframe><\/div>\n<\/div><\/figure>\n","protected":false},"excerpt":{"rendered":"<p>Die Lernumgebung Interactive steht nun allen zur Verf\u00fcgung, die einen unserer Kurse erworben haben. Wenn Sie den Kurs auf dieser Website gekauft haben, klicken Sie bitte auf den Button \u201eHier gekauft\u201c. Wenn Sie den Kurs bei einem unserer Partner gekauft haben, klicken Sie bitte auf den Button rechts \u2013 \u201eBei einem Partner gekauft\u201c. Wenn Sie [&hellip;]<\/p>\n","protected":false},"author":1976,"featured_media":0,"parent":0,"menu_order":0,"comment_status":"closed","ping_status":"closed","template":"","meta":{"_acf_changed":false,"inline_featured_image":false,"_sitemap_exclude":false,"_sitemap_priority":"","_sitemap_frequency":"","footnotes":""},"class_list":["post-1075","page","type-page","status-publish","hentry"],"acf":[],"_links":{"self":[{"href":"https:\/\/audioacademyeu.eu\/de\/wp-json\/wp\/v2\/pages\/1075","targetHints":{"allow":["GET"]}}],"collection":[{"href":"https:\/\/audioacademyeu.eu\/de\/wp-json\/wp\/v2\/pages"}],"about":[{"href":"https:\/\/audioacademyeu.eu\/de\/wp-json\/wp\/v2\/types\/page"}],"author":[{"embeddable":true,"href":"https:\/\/audioacademyeu.eu\/de\/wp-json\/wp\/v2\/users\/1976"}],"replies":[{"embeddable":true,"href":"https:\/\/audioacademyeu.eu\/de\/wp-json\/wp\/v2\/comments?post=1075"}],"version-history":[{"count":9,"href":"https:\/\/audioacademyeu.eu\/de\/wp-json\/wp\/v2\/pages\/1075\/revisions"}],"predecessor-version":[{"id":1121,"href":"https:\/\/audioacademyeu.eu\/de\/wp-json\/wp\/v2\/pages\/1075\/revisions\/1121"}],"wp:attachment":[{"href":"https:\/\/audioacademyeu.eu\/de\/wp-json\/wp\/v2\/media?parent=1075"}],"curies":[{"name":"wp","href":"https:\/\/api.w.org\/{rel}","templated":true}]}}