
{"id":99,"date":"2025-05-28T07:46:37","date_gmt":"2025-05-28T05:46:37","guid":{"rendered":"https:\/\/audioacademyeu.eu\/cz\/produkt\/anglictina-slovesa-pro-mirne-pokrocile-b1\/"},"modified":"2025-11-16T20:57:33","modified_gmt":"2025-11-16T19:57:33","slug":"anglictina-slovesa-pro-mirne-pokrocile-b1","status":"publish","type":"product","link":"https:\/\/audioacademyeu.eu\/cs\/item\/anglictina-slovesa-pro-mirne-pokrocile-b1\/","title":{"rendered":"Angli\u010dtina &#8211; slovesa pro m\u00edrn\u011b pokro\u010dil\u00e9 B1"},"content":{"rendered":"\n<p>Sloveso je nejd\u016fle\u017eit\u011bj\u0161\u00ed \u010d\u00e1st ka\u017ed\u00e9 v\u011bty. <strong>Angli\u010dtina &#8211; slovesa pro m\u00edrn\u011b pokro\u010dil\u00e9<\/strong> v\u00e1m nab\u00edz\u00ed stru\u010dn\u00fd p\u0159ehled t\u011bch nejd\u016fle\u017eit\u011bj\u0161\u00edch pro m\u00edrn\u011b pokro\u010dil\u00e9.<\/p>\n\n\n\n<p>Ke ka\u017ed\u00e9mu slovesu m\u00e1te k&nbsp;dispozici i p\u0159\u00edkladovou v\u011btu, tak\u017ee si konkr\u00e9tn\u00ed sloveso d\u00edky jeho pou\u017eit\u00ed v&nbsp;kontextu l\u00e9pe zapamatujete. Z\u00e1rove\u0148 si s&nbsp;ka\u017edou v\u011btou procvi\u010d\u00edte ur\u010dit\u00fd gramatick\u00fd jev. Aktivitou s&nbsp;t\u00edmto kurzem proto zopakujete i gramatiku a zv\u00fd\u0161\u00edte svou schopnost porozum\u011bt.<\/p>\n\n\n\n<p>Ud\u011blejte ka\u017ed\u00fd den n\u011bco pro sv\u016fj rozvoj a sv\u00e9 zdokonalen\u00ed. M\u016f\u017ee to b\u00fdt i z\u00e1bava. Poslouchejte v&nbsp;aut\u011b, ve vlaku, v&nbsp;tramvaji, v&nbsp;\u010dek\u00e1rn\u00e1ch a uvid\u00edte, jak rychle se dostav\u00ed prvn\u00ed pokroky. Tuto aktivitu m\u016f\u017eete kombinovat s&nbsp;jak\u00fdmkoli jin\u00fdm jazykov\u00fdm kurzem \u00farovn\u011b A2\/B1 (druh\u00fd\/t\u0159et\u00ed rok v\u00fduky v&nbsp;jazykov\u00e9m kurzu).<\/p>\n\n\n\n<p>V&nbsp;kurzu najdete v\u00edce ne\u017e 300 sloves a procvi\u010dovac\u00edch v\u011bt rozd\u011blen\u00fdch do \u0161esti v\u00fdukov\u00fdch blok\u016f. K&nbsp;dispozici m\u00e1te zdarma skripta obsahuj\u00edc\u00ed texty nahr\u00e1vek, oboustrann\u00e9 karti\u010dky pro snadn\u011bj\u0161\u00ed zapamatov\u00e1n\u00ed a kontroln\u00ed testy.<\/p>\n\n\n\n<p><\/p>\n","protected":false},"excerpt":{"rendered":"<p>Sloveso je nejd\u016fle\u017eit\u011bj\u0161\u00ed \u010d\u00e1st ka\u017ed\u00e9 v\u011bty. <strong>Angli\u010dtina &#8211; slovesa pro m\u00edrn\u011b pokro\u010dil\u00e9<\/strong> v\u00e1m nab\u00edz\u00ed stru\u010dn\u00fd p\u0159ehled t\u011bch nejd\u016fle\u017eit\u011bj\u0161\u00edch pro m\u00edrn\u011b pokro\u010dil\u00e9. Krom Mp3, m\u00e1 ka\u017ed\u00fd u\u017eivatel k dispozici i <a href=\"https:\/\/poslechovaanglictina.cz\/wp-content\/uploads\/2017\/08\/Skripta-slovesa_pro_mirne_pokrocile.pdf\">skripta<\/a> obsahuj\u00edc\u00ed texty nahr\u00e1vek, oboustrann\u00e9 karti\u010dky pro snadn\u011bj\u0161\u00ed zapamatov\u00e1n\u00ed a kontroln\u00ed testy.<\/p>\n","protected":false},"featured_media":100,"comment_status":"open","ping_status":"open","template":"","meta":{"_acf_changed":false,"inline_featured_image":false,"_sitemap_exclude":false,"_sitemap_priority":"","_sitemap_frequency":""},"product_brand":[],"product_cat":[42,19],"product_tag":[56,22,23,24,45,53,46,47,57,25],"class_list":{"0":"post-99","1":"product","2":"type-product","3":"status-publish","4":"has-post-thumbnail","6":"product_cat-vseobecna-anglictina","7":"product_cat-anglictina","8":"product_tag-anglicka-slovesa","9":"product_tag-anglictina","10":"product_tag-anglictina-do-auta","11":"product_tag-anglictina-mp3","12":"product_tag-anglictina-na-dovolene","13":"product_tag-anglictina-zacatecnici","14":"product_tag-konverzace","15":"product_tag-konverzace-anglicky","16":"product_tag-nepravidelna-slovesa","17":"product_tag-poslechova-anglictina","18":"pa_delka-1-hodina-47-minut","19":"pa_format-mp3-ke-stazeni","20":"pa_jazykova-uroven-a2-b1","21":"pa_jazykova-uroven-b1","23":"first","24":"instock","25":"downloadable","26":"virtual","27":"purchasable","28":"product-type-simple"},"acf":[],"_links":{"self":[{"href":"https:\/\/audioacademyeu.eu\/cs\/wp-json\/wp\/v2\/product\/99","targetHints":{"allow":["GET"]}}],"collection":[{"href":"https:\/\/audioacademyeu.eu\/cs\/wp-json\/wp\/v2\/product"}],"about":[{"href":"https:\/\/audioacademyeu.eu\/cs\/wp-json\/wp\/v2\/types\/product"}],"replies":[{"embeddable":true,"href":"https:\/\/audioacademyeu.eu\/cs\/wp-json\/wp\/v2\/comments?post=99"}],"wp:featuredmedia":[{"embeddable":true,"href":"https:\/\/audioacademyeu.eu\/cs\/wp-json\/wp\/v2\/media\/100"}],"wp:attachment":[{"href":"https:\/\/audioacademyeu.eu\/cs\/wp-json\/wp\/v2\/media?parent=99"}],"wp:term":[{"taxonomy":"product_brand","embeddable":true,"href":"https:\/\/audioacademyeu.eu\/cs\/wp-json\/wp\/v2\/product_brand?post=99"},{"taxonomy":"product_cat","embeddable":true,"href":"https:\/\/audioacademyeu.eu\/cs\/wp-json\/wp\/v2\/product_cat?post=99"},{"taxonomy":"product_tag","embeddable":true,"href":"https:\/\/audioacademyeu.eu\/cs\/wp-json\/wp\/v2\/product_tag?post=99"}],"curies":[{"name":"wp","href":"https:\/\/api.w.org\/{rel}","templated":true}]}}