
{"id":75,"date":"2025-05-28T07:46:37","date_gmt":"2025-05-28T05:46:37","guid":{"rendered":"https:\/\/audioacademyeu.eu\/cz\/produkt\/anglictina-konverzace\/"},"modified":"2025-11-16T20:56:03","modified_gmt":"2025-11-16T19:56:03","slug":"anglictina-konverzace","status":"publish","type":"product","link":"https:\/\/audioacademyeu.eu\/cs\/item\/anglictina-konverzace\/","title":{"rendered":"Angli\u010dtina konverzace"},"content":{"rendered":"<p>V poslechov\u00e9m kurzu <strong>Angli\u010dtina konverzace<\/strong> najdete <strong>anglick\u00e9 fr\u00e1ze<\/strong> v n\u00e1sleduj\u00edc\u00edch lekc\u00ed: pozdravy, p\u0159edstavov\u00e1n\u00ed, restaurace, rozhovor se zahrani\u010dn\u00edm n\u00e1v\u0161t\u011bvn\u00edkem, u l\u00e9ka\u0159e, prohl\u00eddka m\u011bsta, cestov\u00e1n\u00ed letadlem, na policii, v hotelu, ur\u010dov\u00e1n\u00ed \u010dasu, nakupov\u00e1n\u00ed, cestov\u00e1n\u00ed, pracovn\u00ed pohovor a konverzace na dovolen\u00e9. Nau\u010d\u00edte se nejen pt\u00e1t, ale tak\u00e9 nejb\u011b\u017en\u011bj\u0161\u00edm zp\u016fsobem odpov\u00eddat. Pokud r\u00e1di cestujete a m\u00e1te probl\u00e9m s porozum\u011bn\u00edm na leti\u0161ti, v hotelu, v metru apod. je tento kurz pr\u00e1v\u011b pro v\u00e1s. Kurz obsahuje celkem 890 fr\u00e1z\u00ed a reakc\u00ed (celkem 1780 poslechov\u00fdch jednotek)<\/p>\n","protected":false},"excerpt":{"rendered":"<p>V poslechov\u00e9m kurzu <strong>Angli\u010dtina konverzace<\/strong> najdete <strong>anglick\u00e9 fr\u00e1ze<\/strong> v n\u00e1sleduj\u00edc\u00edch lekc\u00ed: pozdravy, p\u0159edstavov\u00e1n\u00ed, restaurace, rozhovor se zahrani\u010dn\u00edm n\u00e1v\u0161t\u011bvn\u00edkem, u l\u00e9ka\u0159e, prohl\u00eddka m\u011bsta, cestov\u00e1n\u00ed letadlem, na policii, v hotelu, ur\u010dov\u00e1n\u00ed \u010dasu, nakupov\u00e1n\u00ed, cestov\u00e1n\u00ed, pracovn\u00ed pohovor a konverzace na dovolen\u00e9. Krom MP3, m\u00e1 u\u017eivatel samoz\u0159ejm\u011b k dispozici <a href=\"https:\/\/poslechovaanglictina.cz\/wp-content\/uploads\/2017\/08\/Skripta_Anglicka_konverzace.pdf\">skripta<\/a>.<\/p>\n","protected":false},"featured_media":76,"comment_status":"open","ping_status":"open","template":"","meta":{"_acf_changed":false,"inline_featured_image":false,"_sitemap_exclude":false,"_sitemap_priority":"","_sitemap_frequency":""},"product_brand":[],"product_cat":[19,42],"product_tag":[43,22,44,45,46,47,48,25],"class_list":{"0":"post-75","1":"product","2":"type-product","3":"status-publish","4":"has-post-thumbnail","6":"product_cat-anglictina","7":"product_cat-vseobecna-anglictina","8":"product_tag-anglicke-fraze","9":"product_tag-anglictina","10":"product_tag-anglictina-fraze","11":"product_tag-anglictina-na-dovolene","12":"product_tag-konverzace","13":"product_tag-konverzace-anglicky","14":"product_tag-konverzace-v-anglictine","15":"product_tag-poslechova-anglictina","16":"pa_delka-11-hodin-5-minut","17":"pa_format-mp3-ke-stazeni","18":"pa_jazykova-uroven-a2","19":"pa_jazykova-uroven-a2-b1","20":"pa_jazykova-uroven-b1","22":"first","23":"instock","24":"downloadable","25":"virtual","26":"purchasable","27":"product-type-simple"},"acf":[],"_links":{"self":[{"href":"https:\/\/audioacademyeu.eu\/cs\/wp-json\/wp\/v2\/product\/75","targetHints":{"allow":["GET"]}}],"collection":[{"href":"https:\/\/audioacademyeu.eu\/cs\/wp-json\/wp\/v2\/product"}],"about":[{"href":"https:\/\/audioacademyeu.eu\/cs\/wp-json\/wp\/v2\/types\/product"}],"replies":[{"embeddable":true,"href":"https:\/\/audioacademyeu.eu\/cs\/wp-json\/wp\/v2\/comments?post=75"}],"wp:featuredmedia":[{"embeddable":true,"href":"https:\/\/audioacademyeu.eu\/cs\/wp-json\/wp\/v2\/media\/76"}],"wp:attachment":[{"href":"https:\/\/audioacademyeu.eu\/cs\/wp-json\/wp\/v2\/media?parent=75"}],"wp:term":[{"taxonomy":"product_brand","embeddable":true,"href":"https:\/\/audioacademyeu.eu\/cs\/wp-json\/wp\/v2\/product_brand?post=75"},{"taxonomy":"product_cat","embeddable":true,"href":"https:\/\/audioacademyeu.eu\/cs\/wp-json\/wp\/v2\/product_cat?post=75"},{"taxonomy":"product_tag","embeddable":true,"href":"https:\/\/audioacademyeu.eu\/cs\/wp-json\/wp\/v2\/product_tag?post=75"}],"curies":[{"name":"wp","href":"https:\/\/api.w.org\/{rel}","templated":true}]}}