
{"id":73,"date":"2025-05-28T07:46:37","date_gmt":"2025-05-28T05:46:37","guid":{"rendered":"https:\/\/audioacademyeu.eu\/cz\/produkt\/obchodni-anglictina\/"},"modified":"2025-06-16T15:46:49","modified_gmt":"2025-06-16T13:46:49","slug":"obchodni-anglictina","status":"publish","type":"product","link":"https:\/\/audioacademyeu.eu\/cs\/item\/obchodni-anglictina\/","title":{"rendered":"Obchodn\u00ed angli\u010dtina"},"content":{"rendered":"<p>Pou\u017eit\u00ed: samostatn\u011b i jako dopln\u011bk k\u00a0jak\u00e9mukoli kurzu<\/p>\n<p>Kurz <strong>Obchodn\u00ed angli\u010dtina<\/strong> je ur\u010den v\u0161em, kte\u0159\u00ed si cht\u011bj\u00ed procvi\u010dit a z\u00e1rove\u0148 roz\u0161\u00ed\u0159it slovn\u00ed z\u00e1sobu v\u00a0z\u00e1kladn\u00ed obchodn\u00ed \u00a0angli\u010dtin\u011b. Najdete v\u00a0n\u011bm pot\u0159ebnou slovn\u00ed z\u00e1sobu a fr\u00e1ze ke ka\u017edodenn\u00ed komunikaci s\u00a0klienty i kolegy. Ke ka\u017ed\u00e9mu slov\u00ed\u010dku m\u00e1te k\u00a0dispozici i p\u0159\u00edkladovou v\u011btu, tak\u017ee si slov\u00ed\u010dko d\u00edky jeho pou\u017eit\u00ed v\u00a0kontextu l\u00e9pe zapamatujete. P\u0159\u00edkladov\u00e9 v\u011bty jsou \u010dasto i ust\u00e1len\u00e9 fr\u00e1ze, kter\u00e9 se pou\u017e\u00edvaj\u00ed takzvan\u011b \u201ebez p\u0159em\u00fd\u0161len\u00ed\u201c, tak\u017ee aktivitou s\u00a0t\u00edmto kurzem zv\u00fd\u0161\u00edte i svoji schopnost rozum\u011bt a spr\u00e1vn\u011b reagovat.<\/p>\n<p>U\u010dte se nebo opakujte ciz\u00ed jazyk ka\u017ed\u00fd den a pokroky p\u0159ijdou d\u0159\u00edve, ne\u017e si mysl\u00edte. Ud\u011blejte ka\u017ed\u00fd den n\u011bco pro sv\u016fj rozvoj a sv\u00e9 zdokonalen\u00ed.<\/p>\n<p>V\u00a0kurzu najdete v\u00edce ne\u017e 300 slov\u00ed\u010dek a procvi\u010dovac\u00edch v\u011bt na t\u00e9ma administrativa, finance, komunikace, vlastnosti, v\u00fdroba a zam\u011bstnanci.<\/p>\n<p>K\u00a0dispozici m\u00e1te zdarma skripta obsahuj\u00edc\u00ed texty nahr\u00e1vek, oboustrann\u00e9 karti\u010dky pro snadn\u011bj\u0161\u00ed zapamatov\u00e1n\u00ed a kontroln\u00ed testy.<\/p>\n","protected":false},"excerpt":{"rendered":"<p>Kurz <strong>Obchodn\u00ed angli\u010dtina<\/strong> je ur\u010den v\u0161em, kte\u0159\u00ed si cht\u011bj\u00ed procvi\u010dit a z\u00e1rove\u0148 roz\u0161\u00ed\u0159it slovn\u00ed z\u00e1sobu v\u00a0z\u00e1kladn\u00ed obchodn\u00ed \u00a0angli\u010dtin\u011b. Najdete v\u00a0n\u011bm pot\u0159ebnou slovn\u00ed z\u00e1sobu a fr\u00e1ze ke ka\u017edodenn\u00ed komunikaci s\u00a0klienty i kolegy. Krom MP3, m\u00e1 u\u017eivatel k dispozici i <a href=\"https:\/\/poslechovaanglictina.cz\/wp-content\/uploads\/2017\/08\/Obchodni-anglictina-pro-zacatecniky_skripta.pdf\">skripta<\/a>\u00a0obsahuj\u00edc\u00ed texty nahr\u00e1vek, oboustrann\u00e9 karti\u010dky pro snadn\u011bj\u0161\u00ed zapamatov\u00e1n\u00ed a kontroln\u00ed testy.<\/p>\n","protected":false},"featured_media":74,"comment_status":"open","ping_status":"open","template":"","meta":{"_acf_changed":false,"inline_featured_image":false,"_sitemap_exclude":false,"_sitemap_priority":"","_sitemap_frequency":""},"product_brand":[],"product_cat":[19,20],"product_tag":[21,22,23,24,40,25,26],"class_list":{"0":"post-73","1":"product","2":"type-product","3":"status-publish","4":"has-post-thumbnail","6":"product_cat-anglictina","7":"product_cat-specializovana-anglictina","8":"product_tag-anglicky-v-praci","9":"product_tag-anglictina","10":"product_tag-anglictina-do-auta","11":"product_tag-anglictina-mp3","12":"product_tag-anglictina-obchod","13":"product_tag-poslechova-anglictina","14":"product_tag-pracovni-anglictina","15":"pa_delka-2-hodiny-35-minut","16":"pa_format-mp3-ke-stazeni","17":"pa_jazykova-uroven-a1","18":"pa_jazykova-uroven-a1-a2","19":"pa_jazykova-uroven-a2","21":"first","22":"instock","23":"downloadable","24":"virtual","25":"purchasable","26":"product-type-simple"},"acf":[],"_links":{"self":[{"href":"https:\/\/audioacademyeu.eu\/cs\/wp-json\/wp\/v2\/product\/73","targetHints":{"allow":["GET"]}}],"collection":[{"href":"https:\/\/audioacademyeu.eu\/cs\/wp-json\/wp\/v2\/product"}],"about":[{"href":"https:\/\/audioacademyeu.eu\/cs\/wp-json\/wp\/v2\/types\/product"}],"replies":[{"embeddable":true,"href":"https:\/\/audioacademyeu.eu\/cs\/wp-json\/wp\/v2\/comments?post=73"}],"wp:featuredmedia":[{"embeddable":true,"href":"https:\/\/audioacademyeu.eu\/cs\/wp-json\/wp\/v2\/media\/74"}],"wp:attachment":[{"href":"https:\/\/audioacademyeu.eu\/cs\/wp-json\/wp\/v2\/media?parent=73"}],"wp:term":[{"taxonomy":"product_brand","embeddable":true,"href":"https:\/\/audioacademyeu.eu\/cs\/wp-json\/wp\/v2\/product_brand?post=73"},{"taxonomy":"product_cat","embeddable":true,"href":"https:\/\/audioacademyeu.eu\/cs\/wp-json\/wp\/v2\/product_cat?post=73"},{"taxonomy":"product_tag","embeddable":true,"href":"https:\/\/audioacademyeu.eu\/cs\/wp-json\/wp\/v2\/product_tag?post=73"}],"curies":[{"name":"wp","href":"https:\/\/api.w.org\/{rel}","templated":true}]}}