
{"id":70,"date":"2025-05-28T07:46:37","date_gmt":"2025-05-28T05:46:37","guid":{"rendered":"https:\/\/audioacademyeu.eu\/cz\/produkt\/stavebni-anglictina\/"},"modified":"2025-06-16T15:47:58","modified_gmt":"2025-06-16T13:47:58","slug":"stavebni-anglictina","status":"publish","type":"product","link":"https:\/\/audioacademyeu.eu\/cs\/item\/stavebni-anglictina\/","title":{"rendered":"Stavebn\u00ed angli\u010dtina"},"content":{"rendered":"<p>Kurz <strong>Stavebn\u00ed angli\u010dtina<\/strong> je rozd\u011blena do lekc\u00ed stavba, profese, materi\u00e1ly, administrace a n\u00e1stroje. Obsahuje celkem 450 slov\u00ed\u010dek a procvi\u010dovac\u00edch v\u011bt. (900 poslechov\u00fdch jednotek celkem) Osvoj\u00edte si jak l\u00e9pe komunikovat s techniky i s \u00fa\u0159edn\u00edky v oboru, ur\u010dit\u011b budete l\u00e9pe rozum\u011bt a budete se efektivn\u011bji vyjad\u0159ovat. U\u010dte se to co pot\u0159ebujete. Kurz je vhodn\u00fd pro u\u017eivatele se st\u00e1vaj\u00edc\u00ed znalost\u00ed A2, B1.<\/p>\n","protected":false},"excerpt":{"rendered":"<p>Kurz <strong>Stavebn\u00ed angli\u010dtina<\/strong> je rozd\u011blena do lekc\u00ed stavba, profese, materi\u00e1ly, administrace a n\u00e1stroje. Obsahuje celkem 450 slov\u00ed\u010dek a procvi\u010dovac\u00edch v\u011bt. Krom MP3, m\u00e1 u\u017eivatel k dispozici i <a href=\"https:\/\/poslechovaanglictina.cz\/wp-content\/uploads\/2017\/08\/Stavebn%C3%AD-angli%C4%8Dtina-Skripta.pdf\">skripta<\/a>.<\/p>\n","protected":false},"featured_media":71,"comment_status":"open","ping_status":"open","template":"","meta":{"_acf_changed":false,"inline_featured_image":false,"_sitemap_exclude":false,"_sitemap_priority":"","_sitemap_frequency":""},"product_brand":[],"product_cat":[19,20],"product_tag":[21,26,35,36,28],"class_list":{"0":"post-70","1":"product","2":"type-product","3":"status-publish","4":"has-post-thumbnail","6":"product_cat-anglictina","7":"product_cat-specializovana-anglictina","8":"product_tag-anglicky-v-praci","9":"product_tag-pracovni-anglictina","10":"product_tag-stavba-anglicky","11":"product_tag-stavba-anglictina","12":"product_tag-technicka-anglictina","13":"pa_delka-4-hodiny-29-minut","14":"pa_format-mp3-ke-stazeni","15":"pa_jazykova-uroven-a2","16":"pa_jazykova-uroven-a2-b1","17":"pa_jazykova-uroven-b1","19":"first","20":"instock","21":"downloadable","22":"virtual","23":"purchasable","24":"product-type-simple"},"acf":[],"_links":{"self":[{"href":"https:\/\/audioacademyeu.eu\/cs\/wp-json\/wp\/v2\/product\/70","targetHints":{"allow":["GET"]}}],"collection":[{"href":"https:\/\/audioacademyeu.eu\/cs\/wp-json\/wp\/v2\/product"}],"about":[{"href":"https:\/\/audioacademyeu.eu\/cs\/wp-json\/wp\/v2\/types\/product"}],"replies":[{"embeddable":true,"href":"https:\/\/audioacademyeu.eu\/cs\/wp-json\/wp\/v2\/comments?post=70"}],"wp:featuredmedia":[{"embeddable":true,"href":"https:\/\/audioacademyeu.eu\/cs\/wp-json\/wp\/v2\/media\/71"}],"wp:attachment":[{"href":"https:\/\/audioacademyeu.eu\/cs\/wp-json\/wp\/v2\/media?parent=70"}],"wp:term":[{"taxonomy":"product_brand","embeddable":true,"href":"https:\/\/audioacademyeu.eu\/cs\/wp-json\/wp\/v2\/product_brand?post=70"},{"taxonomy":"product_cat","embeddable":true,"href":"https:\/\/audioacademyeu.eu\/cs\/wp-json\/wp\/v2\/product_cat?post=70"},{"taxonomy":"product_tag","embeddable":true,"href":"https:\/\/audioacademyeu.eu\/cs\/wp-json\/wp\/v2\/product_tag?post=70"}],"curies":[{"name":"wp","href":"https:\/\/api.w.org\/{rel}","templated":true}]}}