
{"id":67,"date":"2025-05-28T07:46:37","date_gmt":"2025-05-28T05:46:37","guid":{"rendered":"https:\/\/audioacademyeu.eu\/cz\/produkt\/zdravotnicka-anglictina\/"},"modified":"2025-06-16T15:49:11","modified_gmt":"2025-06-16T13:49:11","slug":"zdravotnicka-anglictina","status":"publish","type":"product","link":"https:\/\/audioacademyeu.eu\/cs\/item\/zdravotnicka-anglictina\/","title":{"rendered":"Zdravotnick\u00e1 angli\u010dtina"},"content":{"rendered":"<p><strong>Zdravotnick\u00e1 angli\u010dtina<\/strong> je poslechov\u00fd kurz, kter\u00fd se skl\u00e1d\u00e1 z 500 specializovan\u00fdch slov\u00ed\u010dek a kontextov\u00fdch v\u011bt (1000 poslechov\u00fdch jednotek celkem) rozd\u011blen\u00fdch do lekc\u00ed: aktivity, lidsk\u00e9 t\u011blo, nemocnice, vlastnosti, nemoci, l\u00e9ky profese a n\u00e1stroje. Je ur\u010den nejen l\u00e9ka\u0159\u016fm, ale i sestr\u00e1m a o\u0161et\u0159ovatelk\u00e1m, kter\u00e9 jsou v denn\u00edm kontaktu s pacientem. Po osvojen\u00ed t\u00e9to slovn\u00ed z\u00e1soby se v\u00e1m nebude jen l\u00e9pe komunikovat, tak\u00e9 mnohem v\u00edce porozum\u00edte vyj\u00e1d\u0159en\u00edm i pot\u0159eb\u00e1m pacient\u016f. Kurz je rovn\u011b\u017e v\u00fdte\u010dnou pr\u016fpravou pro l\u00e9ka\u0159e a sestry, kte\u0159\u00ed cht\u011bj\u00ed vyjet za prac\u00ed do zahrani\u010d\u00ed. Kurz je vhodn\u00fd pro u\u017eivatele se st\u00e1vaj\u00edc\u00ed znalost\u00ed A2, B1.<\/p>\n\n\n<p><\/p>\n","protected":false},"excerpt":{"rendered":"<p><strong>Zdravotnick\u00e1 angli\u010dtina<\/strong> je poslechov\u00fd kurz, kter\u00fd se skl\u00e1d\u00e1 z 500 specializovan\u00fdch slov\u00ed\u010dek a kontextov\u00fdch v\u011bt (1000 poslechov\u00fdch jednotek celkem) rozd\u011blen\u00fdch do lekc\u00ed: aktivity, lidsk\u00e9 t\u011blo, nemocnice, vlastnosti, nemoci, l\u00e9ky profese a n\u00e1stroje. Krom MP3, jsou u\u017eivatel\u016fm k dispozici i <a href=\"https:\/\/poslechovaanglictina.cz\/wp-content\/uploads\/2017\/08\/Zdravotnick%C3%A1-angli%C4%8Dtina-Skripta.pdf\">skripta<\/a>.<\/p>\n","protected":false},"featured_media":68,"comment_status":"open","ping_status":"open","template":"","meta":{"_acf_changed":false,"inline_featured_image":false,"_sitemap_exclude":false,"_sitemap_priority":"","_sitemap_frequency":""},"product_brand":[],"product_cat":[19,20],"product_tag":[21,30,23,31,24,25,26,28],"class_list":{"0":"post-67","1":"product","2":"type-product","3":"status-publish","4":"has-post-thumbnail","6":"product_cat-anglictina","7":"product_cat-specializovana-anglictina","8":"product_tag-anglicky-v-praci","9":"product_tag-anglicky-ve-zdravotnictvi","10":"product_tag-anglictina-do-auta","11":"product_tag-anglictina-do-zdravotnictvi","12":"product_tag-anglictina-mp3","13":"product_tag-poslechova-anglictina","14":"product_tag-pracovni-anglictina","15":"product_tag-technicka-anglictina","16":"pa_delka-4-hodiny-0-minut","17":"pa_format-mp3-ke-stazeni","18":"pa_jazykova-uroven-a2","20":"first","21":"instock","22":"downloadable","23":"virtual","24":"purchasable","25":"product-type-simple"},"acf":[],"_links":{"self":[{"href":"https:\/\/audioacademyeu.eu\/cs\/wp-json\/wp\/v2\/product\/67","targetHints":{"allow":["GET"]}}],"collection":[{"href":"https:\/\/audioacademyeu.eu\/cs\/wp-json\/wp\/v2\/product"}],"about":[{"href":"https:\/\/audioacademyeu.eu\/cs\/wp-json\/wp\/v2\/types\/product"}],"replies":[{"embeddable":true,"href":"https:\/\/audioacademyeu.eu\/cs\/wp-json\/wp\/v2\/comments?post=67"}],"wp:featuredmedia":[{"embeddable":true,"href":"https:\/\/audioacademyeu.eu\/cs\/wp-json\/wp\/v2\/media\/68"}],"wp:attachment":[{"href":"https:\/\/audioacademyeu.eu\/cs\/wp-json\/wp\/v2\/media?parent=67"}],"wp:term":[{"taxonomy":"product_brand","embeddable":true,"href":"https:\/\/audioacademyeu.eu\/cs\/wp-json\/wp\/v2\/product_brand?post=67"},{"taxonomy":"product_cat","embeddable":true,"href":"https:\/\/audioacademyeu.eu\/cs\/wp-json\/wp\/v2\/product_cat?post=67"},{"taxonomy":"product_tag","embeddable":true,"href":"https:\/\/audioacademyeu.eu\/cs\/wp-json\/wp\/v2\/product_tag?post=67"}],"curies":[{"name":"wp","href":"https:\/\/api.w.org\/{rel}","templated":true}]}}