
{"id":4930,"date":"2025-12-13T18:46:55","date_gmt":"2025-12-13T17:46:55","guid":{"rendered":"https:\/\/audioacademyeu.eu\/cs\/?post_type=product&#038;p=4930"},"modified":"2025-12-24T21:17:50","modified_gmt":"2025-12-24T20:17:50","slug":"arabstina-pro-zacatecniky","status":"publish","type":"product","link":"https:\/\/audioacademyeu.eu\/cs\/item\/arabstina-pro-zacatecniky\/","title":{"rendered":"Arab\u0161tina pro za\u010d\u00e1te\u010dn\u00edky."},"content":{"rendered":"\n<p>Kurz Arab\u0161tina pro za\u010d\u00e1te\u010dn\u00edky je ur\u010den pro za\u010d\u00e1te\u010dn\u00edky a\u017e&nbsp;m\u00edrn\u011b&nbsp;pokro\u010dil\u00e9 a zam\u011b\u0159uje se na&nbsp;zvl\u00e1dnut\u00ed z\u00e1klad\u016f jazyka \u2013 abecedy, \u010dten\u00ed, v\u00fdslovnosti a zejm\u00e9na na komunika\u010dn\u00ed obraty a fr\u00e1ze, kter\u00e9 m\u016f\u017eete pou\u017e\u00edt p\u0159i komunikaci s&nbsp;arabsky hovo\u0159\u00edc\u00edmi lidmi nebo p\u0159i n\u00e1v\u0161t\u011bv\u011b n\u011bkter\u00e9 ze zem\u00ed, kde se arabsky b\u011b\u017en\u011b hovo\u0159\u00ed.<\/p>\n\n\n\n<p>Kurz je zalo\u017een na kontextov\u00e9m u\u010den\u00ed, to znamen\u00e1, \u017ee se nebudete u\u010dit jen slov\u00ed\u010dka, ale i v\u011bty, ve kter\u00fdch m\u016f\u017eete dan\u00e1 slov\u00ed\u010dka pou\u017e\u00edt. V&nbsp;tomto kurzu najdete celkem&nbsp;1200&nbsp;slov\u00ed\u010dek a procvi\u010dovac\u00edch v\u011bt.&nbsp;<\/p>\n\n\n\n<p><a><\/a>Jak s&nbsp;kurzem nejl\u00e9pe pracovat?&nbsp;Po zvl\u00e1dnut\u00ed abecedy a z\u00e1klad\u016f \u010dten\u00ed&nbsp;postupujte od lekce 1 do lekce 10.&nbsp;Ka\u017ed\u00e1 lekce obsahuje \u0161est stop. Nejprve se u ka\u017ed\u00e9 lekce seznamte se samotn\u00fdmi slov\u00ed\u010dky (stopa 1 a 2). D\u00e1le m\u00e1te k&nbsp;dispozici slov\u00ed\u010dko n\u00e1sledovan\u00e9 p\u0159\u00edkladovou v\u011btou, op\u011bt v&nbsp;obou variant\u00e1ch p\u0159ekladu (stopa 3 a 4). &nbsp;Pot\u00e9 p\u0159ech\u00e1z\u00edte na cel\u00e9 v\u011bty (stopa 5 a 6). Jakmile budete zvl\u00e1dat p\u0159ekl\u00e1dat v\u011bty z&nbsp;\u010de\u0161tiny&nbsp;do&nbsp;arab\u0161tiny&nbsp;(stopa&nbsp;6) v&nbsp;\u010dasov\u00e9 pauze p\u0159ed&nbsp;arabsk\u00fdmp\u0159ekladem, tak jste vyhr\u00e1li. Samotn\u00e1 slov\u00ed\u010dka V\u00e1m pomohou p\u0159i pochopen\u00ed smyslu, ale pomoc\u00ed osvojen\u00fdch cel\u00fdch v\u011bt budete komunikovat mnohem l\u00e9pe.<\/p>\n\n\n\n<p>U ka\u017ed\u00e9ho bloku plat\u00ed, \u017ee jakmile zvl\u00e1dnete poslech z&nbsp;arab\u0161tiny&nbsp;do \u010de\u0161tiny (lekce 1, 3, 5 \u2013 cvi\u010den\u00ed poslouchejte) p\u0159ech\u00e1z\u00edte na p\u0159eklad z&nbsp;\u010de\u0161tiny do&nbsp;arab\u0161tiny&nbsp;(lekce 2,4,6 \u2013 cvi\u010den\u00ed p\u0159elo\u017ete). &nbsp;<\/p>\n\n\n\n<p>Ke kurzu m\u00e1te zdarma k&nbsp;dispozici skripta, d\u00edky nim\u017e mohou b\u00fdt&nbsp;va\u0161e aktivity s&nbsp;kurzem mnohem efektivn\u011bj\u0161\u00ed. Ve skriptech toti\u017e najdete n\u00e1vod k&nbsp;u\u010den\u00ed spolu s&nbsp;u\u017eite\u010dn\u00fdmi tipy, jak v\u00fduku zefektivnit, v\u00fdukov\u00fd pl\u00e1n, do n\u011bj\u017e si m\u016f\u017eete zaznamen\u00e1vat sv\u00e9 pokroky, seznam stop k&nbsp;poslechu (kdybyste n\u00e1hodou n\u011b\u010demu nerozum\u011bli), ale&nbsp;i oboustrann\u00e9 karti\u010dky, d\u00edky nim\u017e se m\u016f\u017eete u\u010dit a opakovat i tehdy, kdy\u017e pr\u00e1v\u011b nem\u016f\u017eete poslouchat.<\/p>\n\n\n\n<p>Na va\u0161em mobiln\u00edm telefonu nebo po\u010d\u00edta\u010di m\u016f\u017eete rovn\u011b\u017e &nbsp;vyu\u017e\u00edvat i aplikaci Audioacademy Interactive, d\u00edky kter\u00e9 si m\u016f\u017eete upravit parametry poslechu, u\u010dit se nov\u00e1 slov\u00ed\u010dka pomoc\u00ed inteligentn\u00edho modulu MEMORIZER &nbsp;<\/p>\n\n\n\n<ul class=\"wp-block-list\">\n<li>\u00davodn\u00ed lekce \u2013 v\u00fdslovnost a abeceda<\/li>\n\n\n\n<li>\u00davodn\u00ed lekce \u2013 z\u00e1klady \u010dten\u00ed na jednoduch\u00fdch slovech<\/li>\n\n\n\n<li>Lekce 1 Pozdravy, sloveso b\u00fdt&nbsp;<\/li>\n\n\n\n<li>Lekce 2 rodina,sloveso m\u00edt<\/li>\n\n\n\n<li>Lekce 3 mno\u017en\u00e9 \u010d\u00edslo,du\u00e1l, \u010d\u00edslovky 1-12, m\u00edt<\/li>\n\n\n\n<li>Lekce 4 Pr\u00e1ce, slovesa mluvit, pracovat, ps\u00e1t<\/li>\n\n\n\n<li>Lekce 5 Opakov\u00e1n\u00ed \u2013 mluv\u00edme o sob\u011b<\/li>\n\n\n\n<li>Lekce 6 \u010das, dny v t\u00fddnu, \u010d\u00edslovky 12-1000<\/li>\n\n\n\n<li>Lekce 7 j\u00eddlo, v restauraci<\/li>\n\n\n\n<li>Lekce 8 p\u0159ivlast\u0148ov\u00e1n\u00ed<\/li>\n\n\n\n<li>Lekce 9 p\u0159edlo\u017eky, denn\u00ed aktivity<\/li>\n\n\n\n<li>Lekce 10 vlastnosti<\/li>\n<\/ul>\n","protected":false},"excerpt":{"rendered":"<p>Kurz Arab\u0161tina pro za\u010d\u00e1te\u010dn\u00edky je ur\u010den pro za\u010d\u00e1te\u010dn\u00edky a\u017e\u00a0m\u00edrn\u011b\u00a0pokro\u010dil\u00e9 a zam\u011b\u0159uje se na\u00a0zvl\u00e1dnut\u00ed z\u00e1klad\u016f jazyka \u2013 abecedy, \u010dten\u00ed, v\u00fdslovnosti a zejm\u00e9na na komunika\u010dn\u00ed obraty a fr\u00e1ze, kter\u00e9 m\u016f\u017eete pou\u017e\u00edt p\u0159i komunikaci s\u00a0arabsky hovo\u0159\u00edc\u00edmi lidmi nebo p\u0159i n\u00e1v\u0161t\u011bv\u011b n\u011bkter\u00e9 ze zem\u00ed, kde se arabsky b\u011b\u017en\u011b hovo\u0159\u00ed.<\/p>\n","protected":false},"featured_media":4945,"comment_status":"open","ping_status":"closed","template":"","meta":{"_acf_changed":false,"inline_featured_image":false,"_sitemap_exclude":false,"_sitemap_priority":"","_sitemap_frequency":""},"product_brand":[],"product_cat":[336],"product_tag":[],"class_list":{"0":"post-4930","1":"product","2":"type-product","3":"status-publish","4":"has-post-thumbnail","6":"product_cat-arabstina","7":"pa_delka-337","8":"pa_format-mp3-ke-stazeni","9":"pa_jazykova-uroven-a1","10":"pa_jazykova-uroven-a1-a2","11":"pa_jazykova-uroven-a2","13":"first","14":"instock","15":"downloadable","16":"virtual","17":"purchasable","18":"product-type-simple"},"acf":[],"_links":{"self":[{"href":"https:\/\/audioacademyeu.eu\/cs\/wp-json\/wp\/v2\/product\/4930","targetHints":{"allow":["GET"]}}],"collection":[{"href":"https:\/\/audioacademyeu.eu\/cs\/wp-json\/wp\/v2\/product"}],"about":[{"href":"https:\/\/audioacademyeu.eu\/cs\/wp-json\/wp\/v2\/types\/product"}],"replies":[{"embeddable":true,"href":"https:\/\/audioacademyeu.eu\/cs\/wp-json\/wp\/v2\/comments?post=4930"}],"wp:featuredmedia":[{"embeddable":true,"href":"https:\/\/audioacademyeu.eu\/cs\/wp-json\/wp\/v2\/media\/4945"}],"wp:attachment":[{"href":"https:\/\/audioacademyeu.eu\/cs\/wp-json\/wp\/v2\/media?parent=4930"}],"wp:term":[{"taxonomy":"product_brand","embeddable":true,"href":"https:\/\/audioacademyeu.eu\/cs\/wp-json\/wp\/v2\/product_brand?post=4930"},{"taxonomy":"product_cat","embeddable":true,"href":"https:\/\/audioacademyeu.eu\/cs\/wp-json\/wp\/v2\/product_cat?post=4930"},{"taxonomy":"product_tag","embeddable":true,"href":"https:\/\/audioacademyeu.eu\/cs\/wp-json\/wp\/v2\/product_tag?post=4930"}],"curies":[{"name":"wp","href":"https:\/\/api.w.org\/{rel}","templated":true}]}}