
{"id":491,"date":"2025-05-28T07:51:27","date_gmt":"2025-05-28T05:51:27","guid":{"rendered":"https:\/\/audioacademyeu.eu\/cz\/produkt\/pack-nemcina-pro-mirne-pokrocile\/"},"modified":"2025-06-16T16:12:03","modified_gmt":"2025-06-16T14:12:03","slug":"pack-nemcina-pro-mirne-pokrocile","status":"publish","type":"product","link":"https:\/\/audioacademyeu.eu\/cs\/item\/pack-nemcina-pro-mirne-pokrocile\/","title":{"rendered":"Pack &#8211; n\u011bm\u010dina pro m\u00edrn\u011b pokro\u010dil\u00e9"},"content":{"rendered":"\n<p>Kurz N\u011bm\u010dina \u2013 slovn\u00ed z\u00e1soba B1 &#8211; \u010d\u00e1st 1 je ur\u010den pro m\u00edrn\u011b a\u017e st\u0159edn\u011b pokro\u010dil\u00e9, tak\u017ee pro jeho nejlep\u0161\u00ed vyu\u017eit\u00ed byste m\u011bli m\u00edt za sebou jeden a\u017e dva roky v\u00fduky n\u011bm\u010diny\u00a0 a osvojen\u00e9 jej\u00ed z\u00e1klady.<\/p>\n\n\n\n<p>Kurz N\u011bm\u010dina \u2013 slovn\u00ed z\u00e1soba B1 je ur\u010den pro m\u00edrn\u011b a\u017e st\u0159edn\u011b pokro\u010dil\u00e9, tak\u017ee pro jeho nejlep\u0161\u00ed vyu\u017eit\u00ed byste m\u011bli m\u00edt za sebou jeden a\u017e dva roky v\u00fduky n\u011bm\u010diny a osvojen\u00e9 jej\u00ed z\u00e1klady.<\/p>\n\n\n\n<p>Kurz Technick\u00e1 n\u011bm\u010dina A1 \u2013 B1 je ur\u010den pro za\u010d\u00e1te\u010dn\u00edky a\u017e st\u0159edn\u011b pokro\u010dil\u00e9 a zam\u011b\u0159uje se na slovn\u00ed z\u00e1sobu, kterou m\u016f\u017eete vyu\u017e\u00edt v\u00a0technick\u00e9 oblasti.<\/p>\n","protected":false},"excerpt":{"rendered":"<p>Pack &#8211; n\u011bm\u010dina pro m\u00edrn\u011b pokro\u010dil\u00e9 obsahuje kurzy m\u00edrn\u011b pokro\u010dil\u00e9 \u010d\u00e1st 1 a 2 a technick\u00e1 n\u011bm\u010dina<\/p>\n","protected":false},"featured_media":492,"comment_status":"open","ping_status":"open","template":"","meta":{"_acf_changed":false,"inline_featured_image":false,"_sitemap_exclude":false,"_sitemap_priority":"","_sitemap_frequency":""},"product_brand":[],"product_cat":[146,139],"product_tag":[],"class_list":{"0":"post-491","1":"product","2":"type-product","3":"status-publish","4":"has-post-thumbnail","6":"product_cat-nemcina-vyhodny-balicek","7":"product_cat-vyhodny-balicek","9":"first","10":"instock","11":"downloadable","12":"virtual","13":"purchasable","14":"product-type-simple"},"acf":[],"_links":{"self":[{"href":"https:\/\/audioacademyeu.eu\/cs\/wp-json\/wp\/v2\/product\/491","targetHints":{"allow":["GET"]}}],"collection":[{"href":"https:\/\/audioacademyeu.eu\/cs\/wp-json\/wp\/v2\/product"}],"about":[{"href":"https:\/\/audioacademyeu.eu\/cs\/wp-json\/wp\/v2\/types\/product"}],"replies":[{"embeddable":true,"href":"https:\/\/audioacademyeu.eu\/cs\/wp-json\/wp\/v2\/comments?post=491"}],"wp:featuredmedia":[{"embeddable":true,"href":"https:\/\/audioacademyeu.eu\/cs\/wp-json\/wp\/v2\/media\/492"}],"wp:attachment":[{"href":"https:\/\/audioacademyeu.eu\/cs\/wp-json\/wp\/v2\/media?parent=491"}],"wp:term":[{"taxonomy":"product_brand","embeddable":true,"href":"https:\/\/audioacademyeu.eu\/cs\/wp-json\/wp\/v2\/product_brand?post=491"},{"taxonomy":"product_cat","embeddable":true,"href":"https:\/\/audioacademyeu.eu\/cs\/wp-json\/wp\/v2\/product_cat?post=491"},{"taxonomy":"product_tag","embeddable":true,"href":"https:\/\/audioacademyeu.eu\/cs\/wp-json\/wp\/v2\/product_tag?post=491"}],"curies":[{"name":"wp","href":"https:\/\/api.w.org\/{rel}","templated":true}]}}