
{"id":489,"date":"2025-05-28T07:51:27","date_gmt":"2025-05-28T05:51:27","guid":{"rendered":"https:\/\/audioacademyeu.eu\/cz\/produkt\/pack-specializovana-nemcina\/"},"modified":"2025-06-16T16:11:13","modified_gmt":"2025-06-16T14:11:13","slug":"pack-specializovana-nemcina","status":"publish","type":"product","link":"https:\/\/audioacademyeu.eu\/cs\/item\/pack-specializovana-nemcina\/","title":{"rendered":"Pack &#8211; specializovan\u00e1 n\u011bm\u010dina"},"content":{"rendered":"\n<p>Kurz Technick\u00e1 n\u011bm\u010dina A1 \u2013 B1 je ur\u010den pro za\u010d\u00e1te\u010dn\u00edky a\u017e st\u0159edn\u011b pokro\u010dil\u00e9 a zam\u011b\u0159uje se na slovn\u00ed z\u00e1sobu, kterou m\u016f\u017eete vyu\u017e\u00edt v\u00a0technick\u00e9 oblasti.<\/p>\n\n\n\n<p>Kurz N\u011bm\u010dina na dovolenou A1 \u2013 B1 je ur\u010den pro za\u010d\u00e1te\u010dn\u00edky a\u017e st\u0159edn\u011b pokro\u010dil\u00e9 a zam\u011b\u0159uje se na slovn\u00ed z\u00e1sobu a fr\u00e1ze, kter\u00e9 m\u016f\u017eete vyu\u017e\u00edt p\u0159i cestov\u00e1n\u00ed, a hlavn\u011b na dovolen\u00e9.<\/p>\n\n\n\n<p>Kurz N\u011bm\u010dina do pr\u00e1ce\/Obchodn\u00ed n\u011bm\u010dina\u00a0A1 -B1 je ur\u010den pro za\u010d\u00e1te\u010dn\u00edky a\u017e st\u0159edn\u011b pokro\u010dil\u00e9 a zam\u011b\u0159uje se na slovn\u00ed z\u00e1sobu, kterou m\u016f\u017eete vyu\u017e\u00edt v\u00a0pr\u00e1ci i p\u0159i obchodn\u00edm kontaktu se zahrani\u010dn\u00edmi partnery<\/p>\n","protected":false},"excerpt":{"rendered":"<p>Pack &#8211; specializovan\u00e1 n\u011bm\u010dina obsahuje kurzy technick\u00e1 n\u011bm\u010dina, n\u011bm\u010dina na dovolenou a n\u011bm\u010dina do pr\u00e1ce<\/p>\n","protected":false},"featured_media":490,"comment_status":"open","ping_status":"open","template":"","meta":{"_acf_changed":false,"inline_featured_image":false,"_sitemap_exclude":false,"_sitemap_priority":"","_sitemap_frequency":""},"product_brand":[],"product_cat":[146,139],"product_tag":[],"class_list":{"0":"post-489","1":"product","2":"type-product","3":"status-publish","4":"has-post-thumbnail","6":"product_cat-nemcina-vyhodny-balicek","7":"product_cat-vyhodny-balicek","8":"pa_delka-291","9":"pa_format-mp3-ke-stazeni","10":"pa_jazykova-uroven-a1","11":"pa_jazykova-uroven-a1-a2","12":"pa_jazykova-uroven-a2","13":"pa_jazykova-uroven-a2-b1","14":"pa_jazykova-uroven-b1","16":"first","17":"instock","18":"downloadable","19":"virtual","20":"purchasable","21":"product-type-simple"},"acf":[],"_links":{"self":[{"href":"https:\/\/audioacademyeu.eu\/cs\/wp-json\/wp\/v2\/product\/489","targetHints":{"allow":["GET"]}}],"collection":[{"href":"https:\/\/audioacademyeu.eu\/cs\/wp-json\/wp\/v2\/product"}],"about":[{"href":"https:\/\/audioacademyeu.eu\/cs\/wp-json\/wp\/v2\/types\/product"}],"replies":[{"embeddable":true,"href":"https:\/\/audioacademyeu.eu\/cs\/wp-json\/wp\/v2\/comments?post=489"}],"wp:featuredmedia":[{"embeddable":true,"href":"https:\/\/audioacademyeu.eu\/cs\/wp-json\/wp\/v2\/media\/490"}],"wp:attachment":[{"href":"https:\/\/audioacademyeu.eu\/cs\/wp-json\/wp\/v2\/media?parent=489"}],"wp:term":[{"taxonomy":"product_brand","embeddable":true,"href":"https:\/\/audioacademyeu.eu\/cs\/wp-json\/wp\/v2\/product_brand?post=489"},{"taxonomy":"product_cat","embeddable":true,"href":"https:\/\/audioacademyeu.eu\/cs\/wp-json\/wp\/v2\/product_cat?post=489"},{"taxonomy":"product_tag","embeddable":true,"href":"https:\/\/audioacademyeu.eu\/cs\/wp-json\/wp\/v2\/product_tag?post=489"}],"curies":[{"name":"wp","href":"https:\/\/api.w.org\/{rel}","templated":true}]}}