
{"id":4886,"date":"2025-11-18T10:10:23","date_gmt":"2025-11-18T09:10:23","guid":{"rendered":"https:\/\/audioacademyeu.eu\/cs\/?post_type=product&#038;p=4886"},"modified":"2025-11-18T10:10:26","modified_gmt":"2025-11-18T09:10:26","slug":"anglictina-do-prace-darkove-baleni","status":"publish","type":"product","link":"https:\/\/audioacademyeu.eu\/cs\/item\/anglictina-do-prace-darkove-baleni\/","title":{"rendered":"Angli\u010dtina do pr\u00e1ce &#8211; d\u00e1rkov\u00e9 balen\u00ed"},"content":{"rendered":"\n<p>D\u00e1rkov\u00e9 balen\u00ed obsahuje kurz + skripta v PDF + <strong>p\u0159\u00edstup do aplikace Interactive<\/strong>.<\/p>\n\n\n\n<p>Kurz Angli\u010dtina do pr\u00e1ce A1 &#8211; B1 je ur\u010den pro za\u010d\u00e1te\u010dn\u00edky a\u017e st\u0159edn\u011b pokro\u010dil\u00e9 a zam\u011b\u0159uje se na slovn\u00ed z\u00e1sobu, kterou m\u016f\u017eete vyu\u017e\u00edt v&nbsp;pr\u00e1ci i p\u0159i obchodn\u00edm kontaktu se zahrani\u010dn\u00edmi partnery.<\/p>\n\n\n\n<p>Kurz je zalo\u017een na kontextov\u00e9m u\u010den\u00ed, to znamen\u00e1, \u017ee se nebudete u\u010dit jen slov\u00ed\u010dka, ale i v\u011bty, ve kter\u00fdch m\u016f\u017eete dan\u00e1 slov\u00ed\u010dka pou\u017e\u00edt. V&nbsp;tomto kurzu najdete celkem 1&nbsp;000 slov\u00ed\u010dek a procvi\u010dovac\u00edch v\u011bt.<\/p>\n\n\n\n<p>Jednotliv\u00e9 lekce jsou rozd\u011bleny podle t\u00e9mat <strong>aktivity, administrativa, finance, komunikace, marketing+prezentace, v\u00fdroba+vlastnosti a profese + zam\u011bstnanci. <\/strong>Obsahuj\u00ed slov\u00ed\u010dka a p\u0159\u00edkladov\u00e9 v\u011bty, d\u00edky kter\u00fdm budete l\u00e9pe komunikovat p\u0159i komunikaci s&nbsp;obchodn\u00edmi partnery v zahrani\u010d\u00ed. Z\u00e1rove\u0148 si zvl\u00e1dnut\u00edm tohoto kurzu zopakujete angli\u010dtinu od za\u010d\u00e1tku do \u00farovn\u011b B1.<\/p>\n\n\n\n<p><a><\/a> Jak s&nbsp;kurzem nejl\u00e9pe pracovat? Zvolte si lekci, kterou chcete za\u010d\u00edt. Ka\u017ed\u00e1 lekce obsahuje \u0161est stop. Nejprve se u ka\u017ed\u00e9 lekce seznamte se samotn\u00fdmi slov\u00ed\u010dky (stopa 1 a 2). D\u00e1le m\u00e1te k&nbsp;dispozici slov\u00ed\u010dko n\u00e1sledovan\u00e9 p\u0159\u00edkladovou v\u011btou, op\u011bt v&nbsp;obou variant\u00e1ch p\u0159ekladu (stopa 3 a 4). Pot\u00e9 p\u0159ech\u00e1z\u00edte na cel\u00e9 v\u011bty (stopa 5 a 6). Jakmile budete zvl\u00e1dat p\u0159ekl\u00e1dat v\u011bty z&nbsp;angli\u010dtiny do \u010de\u0161tiny (lekce 6) v&nbsp;\u010dasov\u00e9 pauze p\u0159ed \u010desk\u00fdm p\u0159ekladem, tak jste vyhr\u00e1li. Samotn\u00e1 slov\u00ed\u010dka V\u00e1m pomohou p\u0159i pochopen\u00ed smyslu, ale pomoc\u00ed osvojen\u00fdch cel\u00fdch v\u011bt budete komunikovat mnohem l\u00e9pe.<\/p>\n\n\n\n<p>U ka\u017ed\u00e9ho bloku plat\u00ed, \u017ee jakmile zvl\u00e1dnete poslech z&nbsp;angli\u010dtiny do \u010de\u0161tiny (lekce 1, 3, 5 \u2013 cvi\u010den\u00ed poslouchejte) p\u0159ech\u00e1z\u00edte na p\u0159eklad z&nbsp;\u010de\u0161tiny do angli\u010dtiny (lekce 2,4,6 \u2013 cvi\u010den\u00ed p\u0159elo\u017ete).<\/p>\n\n\n\n<p>V&nbsp;r\u00e1mci jedn\u00e9 lekce nemus\u00edte pracovat se v\u0161emi stopami, m\u016f\u017eete se v\u00edce v\u011bnovat takov\u00e9mu poslechu, kter\u00fd v\u00e1m nejv\u00edce vyhovuje. Doporu\u010duji ale poslechnout si v\u0161echny stopy dan\u00e9 lekce minim\u00e1ln\u011b jednou.<\/p>\n\n\n\n<p>Ke kurzu m\u00e1te zdarma k&nbsp;dispozici skripta, d\u00edky nim\u017e mohou b\u00fdt va\u0161e aktivity s&nbsp;kurzem mnohem efektivn\u011bj\u0161\u00ed. Ve skriptech toti\u017e najdete n\u00e1vod k&nbsp;u\u010den\u00ed spolu s&nbsp;u\u017eite\u010dn\u00fdmi tipy, jak v\u00fduku zefektivnit, v\u00fdukov\u00fd pl\u00e1n, do n\u011bj\u017e si m\u016f\u017eete zaznamen\u00e1vat sv\u00e9 pokroky, seznam stop k&nbsp;poslechu (kdybyste n\u00e1hodou n\u011b\u010demu nerozum\u011bli), ale i oboustrann\u00e9 karti\u010dky, d\u00edky nim\u017e se m\u016f\u017eete u\u010dit a opakovat i tehdy, kdy\u017e pr\u00e1v\u011b nem\u016f\u017eete poslouchat. Pro ty, kte\u0159\u00ed se r\u00e1di zkou\u0161\u00ed, je v&nbsp;ka\u017ed\u00e9 lekci p\u0159ipraven p\u0159ekladov\u00fd test s&nbsp;kl\u00ed\u010dem obsahuj\u00edc\u00edm spr\u00e1vn\u00e9 odpov\u011bdi.<\/p>\n\n\n\n<p><\/p>\n","protected":false},"excerpt":{"rendered":"<p>Kurz Angli\u010dtina do pr\u00e1ce A1 &#8211; B1 je ur\u010den pro za\u010d\u00e1te\u010dn\u00edky a\u017e st\u0159edn\u011b pokro\u010dil\u00e9 a zam\u011b\u0159uje se na slovn\u00ed z\u00e1sobu, kterou m\u016f\u017eete vyu\u017e\u00edt v\u00a0pr\u00e1ci i p\u0159i obchodn\u00edm kontaktu se zahrani\u010dn\u00edmi partnery.<\/p>\n","protected":false},"featured_media":4844,"comment_status":"open","ping_status":"closed","template":"","meta":{"_acf_changed":false,"inline_featured_image":false,"_sitemap_exclude":false,"_sitemap_priority":"","_sitemap_frequency":""},"product_brand":[],"product_cat":[332,331],"product_tag":[],"class_list":{"0":"post-4886","1":"product","2":"type-product","3":"status-publish","4":"has-post-thumbnail","6":"product_cat-anglictina-flash","7":"product_cat-darkove-baleni","8":"product_shipping_class-fyzicky-produkt","9":"pa_delka-271","10":"pa_format-flashdisk","11":"pa_jazykova-uroven-a1","12":"pa_jazykova-uroven-a1-a2","13":"pa_jazykova-uroven-a2","14":"pa_jazykova-uroven-a2-b1","15":"pa_jazykova-uroven-b1","17":"first","18":"instock","19":"shipping-taxable","20":"purchasable","21":"product-type-simple"},"acf":[],"_links":{"self":[{"href":"https:\/\/audioacademyeu.eu\/cs\/wp-json\/wp\/v2\/product\/4886","targetHints":{"allow":["GET"]}}],"collection":[{"href":"https:\/\/audioacademyeu.eu\/cs\/wp-json\/wp\/v2\/product"}],"about":[{"href":"https:\/\/audioacademyeu.eu\/cs\/wp-json\/wp\/v2\/types\/product"}],"replies":[{"embeddable":true,"href":"https:\/\/audioacademyeu.eu\/cs\/wp-json\/wp\/v2\/comments?post=4886"}],"wp:featuredmedia":[{"embeddable":true,"href":"https:\/\/audioacademyeu.eu\/cs\/wp-json\/wp\/v2\/media\/4844"}],"wp:attachment":[{"href":"https:\/\/audioacademyeu.eu\/cs\/wp-json\/wp\/v2\/media?parent=4886"}],"wp:term":[{"taxonomy":"product_brand","embeddable":true,"href":"https:\/\/audioacademyeu.eu\/cs\/wp-json\/wp\/v2\/product_brand?post=4886"},{"taxonomy":"product_cat","embeddable":true,"href":"https:\/\/audioacademyeu.eu\/cs\/wp-json\/wp\/v2\/product_cat?post=4886"},{"taxonomy":"product_tag","embeddable":true,"href":"https:\/\/audioacademyeu.eu\/cs\/wp-json\/wp\/v2\/product_tag?post=4886"}],"curies":[{"name":"wp","href":"https:\/\/api.w.org\/{rel}","templated":true}]}}