
{"id":487,"date":"2025-05-28T07:51:27","date_gmt":"2025-05-28T05:51:27","guid":{"rendered":"https:\/\/audioacademyeu.eu\/cz\/produkt\/pack-nemecka-gramatika\/"},"modified":"2025-06-16T16:10:29","modified_gmt":"2025-06-16T14:10:29","slug":"pack-nemecka-gramatika","status":"publish","type":"product","link":"https:\/\/audioacademyeu.eu\/cs\/item\/pack-nemecka-gramatika\/","title":{"rendered":"Pack &#8211; n\u011bmeck\u00e1 gramatika"},"content":{"rendered":"\n<p>V kurzu N\u011bmeck\u00e1 gramatika 1 pro za\u010d\u00e1te\u010dn\u00edky a velmi m\u00edrn\u011b pokro\u010dil\u00e9 se sezn\u00e1m\u00edte s\u00a0pr\u016f\u0159ezem t\u00e9mat, d\u00edky kter\u00fdm byste se m\u011bli rychle domluvit i s\u00a0minim\u00e1ln\u00ed slovn\u00ed z\u00e1sobou, a vybudujete si p\u0159\u00edpadn\u011b z\u00e1klad pro dal\u0161\u00ed rozvoj komunika\u010dn\u00edch schopnost\u00ed.<\/p>\n\n\n\n<p>V kurzu N\u011bmeck\u00e1 gramatika 2 pro m\u00edrn\u011b a st\u0159edn\u011b pokro\u010dil\u00e9 si zopakujete a roz\u0161\u00ed\u0159\u00edte znalosti v\u00a0pou\u017e\u00edv\u00e1n\u00ed \u010das\u016f, slo\u017eit\u011bj\u0161\u00edch p\u0159edlo\u017eek,\u00a0 z\u00e1jmen, podmi\u0148ovac\u00edho zp\u016fsobu, infinitivu a dal\u0161\u00edch t\u00e9mat.<\/p>\n\n\n\n<p>V kurzu N\u011bmeck\u00e1 gramatika 3 pro st\u0159edn\u011b pokro\u010dil\u00e9 a pokro\u010dil\u00e9 si zopakujete a roz\u0161\u00ed\u0159\u00edte znalosti v\u00a0pou\u017e\u00edv\u00e1n\u00ed \u010das\u016f, souv\u011bt\u00ed a zejm\u00e9na ust\u00e1len\u00fdch slovesn\u00fdch nebo p\u0159edlo\u017ekov\u00fdch spojen\u00ed, kter\u00e9 byste v\u00a0\u00farovni B2 \u2013 C1 m\u011bli ovl\u00e1dat.<\/p>\n","protected":false},"excerpt":{"rendered":"<p>Pack &#8211; n\u011bmeck\u00e1 gramatika obsahuje krzy n\u011bmeck\u00e9 gramatiky 1, 2, 3<\/p>\n","protected":false},"featured_media":488,"comment_status":"open","ping_status":"open","template":"","meta":{"_acf_changed":false,"inline_featured_image":false,"_sitemap_exclude":false,"_sitemap_priority":"","_sitemap_frequency":""},"product_brand":[],"product_cat":[146,139],"product_tag":[],"class_list":{"0":"post-487","1":"product","2":"type-product","3":"status-publish","4":"has-post-thumbnail","6":"product_cat-nemcina-vyhodny-balicek","7":"product_cat-vyhodny-balicek","8":"pa_delka-290","9":"pa_format-mp3-ke-stazeni","10":"pa_jazykova-uroven-a1","11":"pa_jazykova-uroven-a1-a2","12":"pa_jazykova-uroven-a2","13":"pa_jazykova-uroven-a2-b1","14":"pa_jazykova-uroven-b1","15":"pa_jazykova-uroven-b1-b2","16":"pa_jazykova-uroven-b2","17":"pa_jazykova-uroven-b2-c1","18":"pa_jazykova-uroven-c1","19":"pa_jazykova-uroven-c1-c2","20":"pa_jazykova-uroven-c2","22":"first","23":"instock","24":"downloadable","25":"virtual","26":"purchasable","27":"product-type-simple"},"acf":[],"_links":{"self":[{"href":"https:\/\/audioacademyeu.eu\/cs\/wp-json\/wp\/v2\/product\/487","targetHints":{"allow":["GET"]}}],"collection":[{"href":"https:\/\/audioacademyeu.eu\/cs\/wp-json\/wp\/v2\/product"}],"about":[{"href":"https:\/\/audioacademyeu.eu\/cs\/wp-json\/wp\/v2\/types\/product"}],"replies":[{"embeddable":true,"href":"https:\/\/audioacademyeu.eu\/cs\/wp-json\/wp\/v2\/comments?post=487"}],"wp:featuredmedia":[{"embeddable":true,"href":"https:\/\/audioacademyeu.eu\/cs\/wp-json\/wp\/v2\/media\/488"}],"wp:attachment":[{"href":"https:\/\/audioacademyeu.eu\/cs\/wp-json\/wp\/v2\/media?parent=487"}],"wp:term":[{"taxonomy":"product_brand","embeddable":true,"href":"https:\/\/audioacademyeu.eu\/cs\/wp-json\/wp\/v2\/product_brand?post=487"},{"taxonomy":"product_cat","embeddable":true,"href":"https:\/\/audioacademyeu.eu\/cs\/wp-json\/wp\/v2\/product_cat?post=487"},{"taxonomy":"product_tag","embeddable":true,"href":"https:\/\/audioacademyeu.eu\/cs\/wp-json\/wp\/v2\/product_tag?post=487"}],"curies":[{"name":"wp","href":"https:\/\/api.w.org\/{rel}","templated":true}]}}